{"id":55340,"date":"2025-05-16T15:16:41","date_gmt":"2025-05-16T18:16:41","guid":{"rendered":"https:\/\/rapidetech.com.br\/?post_type=product&#038;p=55340"},"modified":"2026-01-24T20:10:31","modified_gmt":"2026-01-24T23:10:31","slug":"cabo-hdmi-2-1-8k-fdbro-fibra-otica-top-10m","status":"publish","type":"product","link":"https:\/\/rapidetech.com.br\/en\/product\/cabo-hdmi-2-1-8k-fdbro-fibra-otica-top-10m\/","title":{"rendered":"Cabo HDMI 2.1 8k FDBRO  Fibra \u00d3tica Blue Modele  TOP   &#8211; 10m"},"content":{"rendered":"<h1><b>Cabo HDMI 2.1 8k 60 hz \/120 hz 4K Fibra \u00d3tica\u00a0<\/b><\/h1>\n<h1><b>\u00a0Descri\u00e7\u00e3o do <\/b><b>Cabo\u00a0<\/b><\/h1>\n<ul>\n<li><span style=\"font-weight: 400;\">Cabo de fibra \u00f3tica Ultra HD (UHD)<\/span><\/li>\n<li><span style=\"font-weight: 400;\">Tem delay reduzido devido a fibra otica\u00a0 \/ unidirecional<\/span><\/li>\n<li><span style=\"font-weight: 400;\">N\u00e3o tem congelamento de imagem<\/span><\/li>\n<li><span style=\"font-weight: 400;\">Ideal para filmes e jogos , projetores de longa distancia 4 e 8k e placas de video gforce RTX\u00a0 e AMD top\u00a0<\/span><\/li>\n<li><span style=\"font-weight: 400;\">48 Gbps de largura da banda<\/span><\/li>\n<li><span style=\"font-weight: 400;\">HDMI 2.1 8K<\/span><\/li>\n<li>10 metros<\/li>\n<\/ul>\n<p>&nbsp;<\/p>\n<h2><strong>Conte\u00fado da embalagem:<\/strong><\/h2>\n<ul>\n<li style=\"font-weight: 400;\"><span style=\"font-weight: 400;\">Cabo HDMI 2.1 8k fibra \u00f3tica\u00a0 \u00a0\u00a0<\/span><\/li>\n<li>10\u00a0 metros<\/li>\n<\/ul>\n<h3><\/h3>\n<h3><\/h3>\n<h3><\/h3>\n<h3><\/h3>\n<h3><\/h3>\n<h3><\/h3>\n<h3><\/h3>\n<h3><b>Qualidade do Cabo HDMI fibra \u00f3tica\u00a0\u00a0<\/b><\/h3>\n<ul>\n<li style=\"list-style-type: none;\">\n<ul>\n<li style=\"list-style-type: none;\">\n<ul>\n<li style=\"font-weight: 400;\"><span style=\"font-weight: 400;\">Padr\u00e3o 48Gbs v\u00eddeo largura de banda<\/span><\/li>\n<li style=\"font-weight: 400;\"><span style=\"font-weight: 400;\">Sinal irrestrito de 8k em Ultra HD (UHD)<\/span><\/li>\n<li style=\"font-weight: 400;\"><span style=\"font-weight: 400;\">Transmiss\u00e3o em 1440p (QHD)<\/span><\/li>\n<li style=\"font-weight: 400;\"><span style=\"font-weight: 400;\">Transmiss\u00e3o em 1080p (HD)<\/span><\/li>\n<li style=\"font-weight: 400;\"><span style=\"font-weight: 400;\">Alta qualidade e nitidez da imagem<\/span><\/li>\n<li style=\"font-weight: 400;\"><span style=\"font-weight: 400;\">Alta velocidade de transmiss\u00e3o unidirecional<\/span><\/li>\n<li style=\"font-weight: 400;\"><span style=\"font-weight: 400;\">Precis\u00e3o de transmiss\u00e3o de \u00e1udio<\/span><\/li>\n<li style=\"font-weight: 400;\"><span style=\"font-weight: 400;\">Fibra \u00f3tica buffer-free ethernet<\/span><\/li>\n<\/ul>\n<\/li>\n<\/ul>\n<\/li>\n<\/ul>\n<p>&nbsp;<\/p>\n<p><b>Conectores:<\/b><\/p>\n<ul>\n<li><span style=\"font-weight: 400;\">Banhados a ouro<\/span><\/li>\n<li><span style=\"font-weight: 400;\">Conex\u00e3o s\u00f3lida com os dispositivos<\/span><\/li>\n<li><span style=\"font-weight: 400;\">Design soldado e pesado para garantir longevidade<\/span><\/li>\n<li><span style=\"font-weight: 400;\">Resist\u00eancia \u00e0 pux\u00f5es no cabo<\/span><\/li>\n<\/ul>\n<p>&nbsp;<\/p>\n<p><b>Durabilidade:<\/b><\/p>\n<ul>\n<li><span style=\"font-weight: 400;\">Longa durabilidade<\/span><\/li>\n<li><span style=\"font-weight: 400;\">Conectores resistentes que protegem de pux\u00f5es no cabo.<\/span><\/li>\n<\/ul>\n<h3><\/h3>\n<h3><b>Cabo HDMI fibra \u00f3tica ,compatibilidade\u00a0<\/b><\/h3>\n<p><span style=\"font-weight: 400;\">O cabo HDMI fibra \u00f3tica 2.1 8k \u00e9 compat\u00edvel com todas as vers\u00f5es de HDMI, aten\u00e7\u00e3o ao sentido do sinal e unidirecional :<\/span><\/p>\n<ul>\n<li style=\"font-weight: 400;\"><span style=\"font-weight: 400;\">HDMI 1.3<\/span><\/li>\n<li style=\"font-weight: 400;\"><span style=\"font-weight: 400;\">HDMI 1.4<\/span><\/li>\n<li style=\"font-weight: 400;\"><span style=\"font-weight: 400;\">HDMI 2.0<\/span><\/li>\n<li style=\"font-weight: 400;\"><span style=\"font-weight: 400;\">HDMI 2.0a<\/span><\/li>\n<li style=\"font-weight: 400;\"><span style=\"font-weight: 400;\">HDMI 2.0b<\/span><\/li>\n<li style=\"font-weight: 400;\"><span style=\"font-weight: 400;\">HDMI 2.1<\/span><\/li>\n<\/ul>\n<p><span style=\"font-weight: 400;\">O cabo \u00e9 perfeito para ser usado com computadores, monitores, video games, TV plasma,led, Qled,Oled, Monitores, Computadores,\u00a0 ps 5 ,xbox one X, Bluray ultra hd,camera e projetor .<\/span><\/p>\n<h3><\/h3>\n<div class=\"detailmodule_text\">\n<p class=\"detail-desc-decorate-content\">A taxa de transmiss\u00e3o deste cabo de fibra HDMI 2.1 \u00e9 maior do que o cabo de cobre HDMI comum, o cabo de cobre HDMI tradicional n\u00e3o pode transferir 4K @ 60 Hz para longa dist\u00e2ncia.<\/p>\n<\/div>\n<div class=\"detailmodule_text\">\n<p class=\"detail-desc-decorate-content\">Durabilidade e flexibilidade: o plugue banhado a ouro 24K tem forte condutividade e sinal est\u00e1vel. Cabo fino e flex\u00edvel com raio de curvatura superior a 20 mm para f\u00e1cil instala\u00e7\u00e3o em \u00e1reas apertadas.<\/p>\n<\/div>\n<div class=\"detailmodule_text\">\n<p class=\"detail-desc-decorate-content\">Nota: Deve ser instalado na dire\u00e7\u00e3o correta: cabos com plugue SOURCE est\u00e3o conectando dispositivos de fonte HDMI (laptops, reprodutores de Blu-ray, decodificadores, etc. ); O plugue DISPLAY est\u00e1 conectando dispositivos de exibi\u00e7\u00e3o HDMI (HDTV, projetores, monitores, etc.).<\/p>\n<\/div>\n<h3><\/h3>","protected":false},"excerpt":{"rendered":"<h3><b><\/b><b>Cabo HDMI 2.1 8k Fibra \u00d3tica\u00a0<\/b><\/h3>\n<ul>\n<li style=\"font-weight: 400;\"><span style=\"font-weight: 400;\">Cabo de fibra \u00f3tica Ultra HD (UHD)<\/span><\/li>\n<li style=\"font-weight: 400;\"><span style=\"font-weight: 400;\">N\u00e3o tem delay<\/span><\/li>\n<li style=\"font-weight: 400;\"><span style=\"font-weight: 400;\">N\u00e3o tem congelamento de imagem<\/span><\/li>\n<li style=\"font-weight: 400;\"><span style=\"font-weight: 400;\">Ideal para filmes e jogos<\/span><\/li>\n<li style=\"font-weight: 400;\"><span style=\"font-weight: 400;\">48 GBpS de largura da banda<\/span><\/li>\n<li style=\"font-weight: 400;\"><span style=\"font-weight: 400;\">HDMI 2.1 8K<\/span><\/li>\n<li>10 metros<\/li>\n<\/ul>\n<p><strong>Conte\u00fado da embalagem:<\/strong><\/p>\n<ul>\n<li style=\"font-weight: 400;\"><span style=\"font-weight: 400;\">Cabo HDMI 2.1 8k\/240Hz fibra \u00f3tica oficial com micro hdmi<\/span><\/li>\n<li>15 metros<\/li>\n<\/ul>","protected":false},"featured_media":53485,"comment_status":"closed","ping_status":"closed","template":"","meta":[],"product_brand":[],"product_cat":[18,37,21],"product_tag":[379,36,33,85,391,34,32,35,377,378],"class_list":{"0":"post-55340","1":"product","2":"type-product","3":"status-publish","4":"has-post-thumbnail","6":"product_cat-accessorios","7":"product_cat-hdmi","8":"product_cat-video","9":"product_tag-2-1","10":"product_tag-8k","11":"product_tag-cabo","12":"product_tag-cabo-hdmi","13":"product_tag-fdbro","14":"product_tag-fibra-otica","15":"product_tag-hdmi","16":"product_tag-moshou","17":"product_tag-ugreen","18":"product_tag-vention","19":"product_shipping_class-normal","21":"first","22":"instock","23":"purchasable","24":"product-type-simple"},"yoast_head":"<!-- This site is optimized with the Yoast SEO plugin v27.4 - https:\/\/yoast.com\/product\/yoast-seo-wordpress\/ -->\n<title>Cabo HDMI 2.1 8k FDBRO Fibra \u00d3tica Blue Modele TOP  - 10m - Rapidetech<\/title>\n<meta name=\"description\" content=\"Um cabo HDMI 2.1 de alta qualidade com suporte a resolu\u00e7\u00e3o 8K constru\u00eddo com fibra \u00f3tica de \u00faltima gera\u00e7\u00e3o. A melhor experi\u00eancia em \u00e1udio e v\u00eddeo.\" \/>\n<meta name=\"robots\" content=\"index, follow, max-snippet:-1, max-image-preview:large, max-video-preview:-1\" \/>\n<link rel=\"canonical\" href=\"https:\/\/rapidetech.com.br\/en\/product\/cabo-hdmi-2-1-8k-fdbro-fibra-otica-top-10m\/\" \/>\n<meta property=\"og:locale\" content=\"en_US\" \/>\n<meta property=\"og:type\" content=\"article\" \/>\n<meta property=\"og:title\" content=\"Cabo HDMI 2.1 8k FDBRO Fibra \u00d3tica Blue Modele TOP  - 10m - Rapidetech\" \/>\n<meta property=\"og:description\" content=\"Um cabo HDMI 2.1 de alta qualidade com suporte a resolu\u00e7\u00e3o 8K constru\u00eddo com fibra \u00f3tica de \u00faltima gera\u00e7\u00e3o. A melhor experi\u00eancia em \u00e1udio e v\u00eddeo.\" \/>\n<meta property=\"og:url\" content=\"https:\/\/rapidetech.com.br\/en\/product\/cabo-hdmi-2-1-8k-fdbro-fibra-otica-top-10m\/\" \/>\n<meta property=\"og:site_name\" content=\"Rapidetech\" \/>\n<meta property=\"article:modified_time\" content=\"2026-01-24T23:10:31+00:00\" \/>\n<meta property=\"og:image\" content=\"https:\/\/rapidetech.com.br\/wp-content\/uploads\/2024\/08\/D_NQ_NP_2X_696396-MLB52282194451_112022-F.webp\" \/>\n\t<meta property=\"og:image:width\" content=\"496\" \/>\n\t<meta property=\"og:image:height\" content=\"469\" \/>\n\t<meta property=\"og:image:type\" content=\"image\/webp\" \/>\n<meta name=\"twitter:card\" content=\"summary_large_image\" \/>\n<meta name=\"twitter:label1\" content=\"Est. reading time\" \/>\n\t<meta name=\"twitter:data1\" content=\"3 minutes\" \/>\n<script type=\"application\/ld+json\" class=\"yoast-schema-graph\">{\"@context\":\"https:\\\/\\\/schema.org\",\"@graph\":[{\"@type\":\"WebPage\",\"@id\":\"https:\\\/\\\/rapidetech.com.br\\\/produto\\\/cabo-hdmi-2-1-8k-fdbro-fibra-otica-top-10m\\\/\",\"url\":\"https:\\\/\\\/rapidetech.com.br\\\/produto\\\/cabo-hdmi-2-1-8k-fdbro-fibra-otica-top-10m\\\/\",\"name\":\"Cabo HDMI 2.1 8k FDBRO Fibra \u00d3tica Blue Modele TOP - 10m - Rapidetech\",\"isPartOf\":{\"@id\":\"https:\\\/\\\/rapidetech.com.br\\\/#website\"},\"primaryImageOfPage\":{\"@id\":\"https:\\\/\\\/rapidetech.com.br\\\/produto\\\/cabo-hdmi-2-1-8k-fdbro-fibra-otica-top-10m\\\/#primaryimage\"},\"image\":{\"@id\":\"https:\\\/\\\/rapidetech.com.br\\\/produto\\\/cabo-hdmi-2-1-8k-fdbro-fibra-otica-top-10m\\\/#primaryimage\"},\"thumbnailUrl\":\"https:\\\/\\\/rapidetech.com.br\\\/wp-content\\\/uploads\\\/2024\\\/08\\\/D_NQ_NP_2X_696396-MLB52282194451_112022-F.webp\",\"datePublished\":\"2025-05-16T18:16:41+00:00\",\"dateModified\":\"2026-01-24T23:10:31+00:00\",\"description\":\"Um cabo HDMI 2.1 de alta qualidade com suporte a resolu\u00e7\u00e3o 8K constru\u00eddo com fibra \u00f3tica de \u00faltima gera\u00e7\u00e3o. A melhor experi\u00eancia em \u00e1udio e v\u00eddeo.\",\"breadcrumb\":{\"@id\":\"https:\\\/\\\/rapidetech.com.br\\\/produto\\\/cabo-hdmi-2-1-8k-fdbro-fibra-otica-top-10m\\\/#breadcrumb\"},\"inLanguage\":\"en-US\",\"potentialAction\":[{\"@type\":\"ReadAction\",\"target\":[\"https:\\\/\\\/rapidetech.com.br\\\/produto\\\/cabo-hdmi-2-1-8k-fdbro-fibra-otica-top-10m\\\/\"]}]},{\"@type\":\"ImageObject\",\"inLanguage\":\"en-US\",\"@id\":\"https:\\\/\\\/rapidetech.com.br\\\/produto\\\/cabo-hdmi-2-1-8k-fdbro-fibra-otica-top-10m\\\/#primaryimage\",\"url\":\"https:\\\/\\\/rapidetech.com.br\\\/wp-content\\\/uploads\\\/2024\\\/08\\\/D_NQ_NP_2X_696396-MLB52282194451_112022-F.webp\",\"contentUrl\":\"https:\\\/\\\/rapidetech.com.br\\\/wp-content\\\/uploads\\\/2024\\\/08\\\/D_NQ_NP_2X_696396-MLB52282194451_112022-F.webp\",\"width\":496,\"height\":469},{\"@type\":\"BreadcrumbList\",\"@id\":\"https:\\\/\\\/rapidetech.com.br\\\/produto\\\/cabo-hdmi-2-1-8k-fdbro-fibra-otica-top-10m\\\/#breadcrumb\",\"itemListElement\":[{\"@type\":\"ListItem\",\"position\":1,\"name\":\"In\u00edcio\",\"item\":\"https:\\\/\\\/rapidetech.com.br\\\/\"},{\"@type\":\"ListItem\",\"position\":2,\"name\":\"Produtos\",\"item\":\"https:\\\/\\\/rapidetech.com.br\\\/produtos\\\/\"},{\"@type\":\"ListItem\",\"position\":3,\"name\":\"Cabo HDMI 2.1 8k FDBRO Fibra \u00d3tica Blue Modele TOP &#8211; 10m\"}]},{\"@type\":\"WebSite\",\"@id\":\"https:\\\/\\\/rapidetech.com.br\\\/#website\",\"url\":\"https:\\\/\\\/rapidetech.com.br\\\/\",\"name\":\"Rapidetech\",\"description\":\"Audio e video\",\"publisher\":{\"@id\":\"https:\\\/\\\/rapidetech.com.br\\\/#organization\"},\"potentialAction\":[{\"@type\":\"SearchAction\",\"target\":{\"@type\":\"EntryPoint\",\"urlTemplate\":\"https:\\\/\\\/rapidetech.com.br\\\/?s={search_term_string}\"},\"query-input\":{\"@type\":\"PropertyValueSpecification\",\"valueRequired\":true,\"valueName\":\"search_term_string\"}}],\"inLanguage\":\"en-US\"},{\"@type\":\"Organization\",\"@id\":\"https:\\\/\\\/rapidetech.com.br\\\/#organization\",\"name\":\"Rapidetech\",\"url\":\"https:\\\/\\\/rapidetech.com.br\\\/\",\"logo\":{\"@type\":\"ImageObject\",\"inLanguage\":\"en-US\",\"@id\":\"https:\\\/\\\/rapidetech.com.br\\\/#\\\/schema\\\/logo\\\/image\\\/\",\"url\":\"https:\\\/\\\/rapidetech.com.br\\\/wp-content\\\/uploads\\\/2022\\\/08\\\/RAPIDETECH-AUDIO-E-VIDEO.jpg\",\"contentUrl\":\"https:\\\/\\\/rapidetech.com.br\\\/wp-content\\\/uploads\\\/2022\\\/08\\\/RAPIDETECH-AUDIO-E-VIDEO.jpg\",\"width\":236,\"height\":213,\"caption\":\"Rapidetech\"},\"image\":{\"@id\":\"https:\\\/\\\/rapidetech.com.br\\\/#\\\/schema\\\/logo\\\/image\\\/\"},\"sameAs\":[\"https:\\\/\\\/rapidetech.com.br\\\/\",\"https:\\\/\\\/www.youtube.com\\\/channel\\\/UCQWlsTr9MvbqwWAekYtMNLQ\"]}]}<\/script>\n<!-- \/ Yoast SEO plugin. -->","yoast_head_json":{"title":"Cabo HDMI 2.1 8k FDBRO Fibra \u00d3tica Blue Modele TOP  - 10m - Rapidetech","description":"Um cabo HDMI 2.1 de alta qualidade com suporte a resolu\u00e7\u00e3o 8K constru\u00eddo com fibra \u00f3tica de \u00faltima gera\u00e7\u00e3o. A melhor experi\u00eancia em \u00e1udio e v\u00eddeo.","robots":{"index":"index","follow":"follow","max-snippet":"max-snippet:-1","max-image-preview":"max-image-preview:large","max-video-preview":"max-video-preview:-1"},"canonical":"https:\/\/rapidetech.com.br\/en\/product\/cabo-hdmi-2-1-8k-fdbro-fibra-otica-top-10m\/","og_locale":"en_US","og_type":"article","og_title":"Cabo HDMI 2.1 8k FDBRO Fibra \u00d3tica Blue Modele TOP  - 10m - Rapidetech","og_description":"Um cabo HDMI 2.1 de alta qualidade com suporte a resolu\u00e7\u00e3o 8K constru\u00eddo com fibra \u00f3tica de \u00faltima gera\u00e7\u00e3o. A melhor experi\u00eancia em \u00e1udio e v\u00eddeo.","og_url":"https:\/\/rapidetech.com.br\/en\/product\/cabo-hdmi-2-1-8k-fdbro-fibra-otica-top-10m\/","og_site_name":"Rapidetech","article_modified_time":"2026-01-24T23:10:31+00:00","og_image":[{"width":496,"height":469,"url":"https:\/\/rapidetech.com.br\/wp-content\/uploads\/2024\/08\/D_NQ_NP_2X_696396-MLB52282194451_112022-F.webp","type":"image\/webp"}],"twitter_card":"summary_large_image","twitter_misc":{"Est. reading time":"3 minutes"},"schema":{"@context":"https:\/\/schema.org","@graph":[{"@type":"WebPage","@id":"https:\/\/rapidetech.com.br\/produto\/cabo-hdmi-2-1-8k-fdbro-fibra-otica-top-10m\/","url":"https:\/\/rapidetech.com.br\/produto\/cabo-hdmi-2-1-8k-fdbro-fibra-otica-top-10m\/","name":"Cabo HDMI 2.1 8k FDBRO Fibra \u00d3tica Blue Modele TOP - 10m - Rapidetech","isPartOf":{"@id":"https:\/\/rapidetech.com.br\/#website"},"primaryImageOfPage":{"@id":"https:\/\/rapidetech.com.br\/produto\/cabo-hdmi-2-1-8k-fdbro-fibra-otica-top-10m\/#primaryimage"},"image":{"@id":"https:\/\/rapidetech.com.br\/produto\/cabo-hdmi-2-1-8k-fdbro-fibra-otica-top-10m\/#primaryimage"},"thumbnailUrl":"https:\/\/rapidetech.com.br\/wp-content\/uploads\/2024\/08\/D_NQ_NP_2X_696396-MLB52282194451_112022-F.webp","datePublished":"2025-05-16T18:16:41+00:00","dateModified":"2026-01-24T23:10:31+00:00","description":"Um cabo HDMI 2.1 de alta qualidade com suporte a resolu\u00e7\u00e3o 8K constru\u00eddo com fibra \u00f3tica de \u00faltima gera\u00e7\u00e3o. A melhor experi\u00eancia em \u00e1udio e v\u00eddeo.","breadcrumb":{"@id":"https:\/\/rapidetech.com.br\/produto\/cabo-hdmi-2-1-8k-fdbro-fibra-otica-top-10m\/#breadcrumb"},"inLanguage":"en-US","potentialAction":[{"@type":"ReadAction","target":["https:\/\/rapidetech.com.br\/produto\/cabo-hdmi-2-1-8k-fdbro-fibra-otica-top-10m\/"]}]},{"@type":"ImageObject","inLanguage":"en-US","@id":"https:\/\/rapidetech.com.br\/produto\/cabo-hdmi-2-1-8k-fdbro-fibra-otica-top-10m\/#primaryimage","url":"https:\/\/rapidetech.com.br\/wp-content\/uploads\/2024\/08\/D_NQ_NP_2X_696396-MLB52282194451_112022-F.webp","contentUrl":"https:\/\/rapidetech.com.br\/wp-content\/uploads\/2024\/08\/D_NQ_NP_2X_696396-MLB52282194451_112022-F.webp","width":496,"height":469},{"@type":"BreadcrumbList","@id":"https:\/\/rapidetech.com.br\/produto\/cabo-hdmi-2-1-8k-fdbro-fibra-otica-top-10m\/#breadcrumb","itemListElement":[{"@type":"ListItem","position":1,"name":"In\u00edcio","item":"https:\/\/rapidetech.com.br\/"},{"@type":"ListItem","position":2,"name":"Produtos","item":"https:\/\/rapidetech.com.br\/produtos\/"},{"@type":"ListItem","position":3,"name":"Cabo HDMI 2.1 8k FDBRO Fibra \u00d3tica Blue Modele TOP &#8211; 10m"}]},{"@type":"WebSite","@id":"https:\/\/rapidetech.com.br\/#website","url":"https:\/\/rapidetech.com.br\/","name":"Rapidetech","description":"Audio e video","publisher":{"@id":"https:\/\/rapidetech.com.br\/#organization"},"potentialAction":[{"@type":"SearchAction","target":{"@type":"EntryPoint","urlTemplate":"https:\/\/rapidetech.com.br\/?s={search_term_string}"},"query-input":{"@type":"PropertyValueSpecification","valueRequired":true,"valueName":"search_term_string"}}],"inLanguage":"en-US"},{"@type":"Organization","@id":"https:\/\/rapidetech.com.br\/#organization","name":"Rapidetech","url":"https:\/\/rapidetech.com.br\/","logo":{"@type":"ImageObject","inLanguage":"en-US","@id":"https:\/\/rapidetech.com.br\/#\/schema\/logo\/image\/","url":"https:\/\/rapidetech.com.br\/wp-content\/uploads\/2022\/08\/RAPIDETECH-AUDIO-E-VIDEO.jpg","contentUrl":"https:\/\/rapidetech.com.br\/wp-content\/uploads\/2022\/08\/RAPIDETECH-AUDIO-E-VIDEO.jpg","width":236,"height":213,"caption":"Rapidetech"},"image":{"@id":"https:\/\/rapidetech.com.br\/#\/schema\/logo\/image\/"},"sameAs":["https:\/\/rapidetech.com.br\/","https:\/\/www.youtube.com\/channel\/UCQWlsTr9MvbqwWAekYtMNLQ"]}]}},"_links":{"self":[{"href":"https:\/\/rapidetech.com.br\/en\/wp-json\/wp\/v2\/product\/55340","targetHints":{"allow":["GET"]}}],"collection":[{"href":"https:\/\/rapidetech.com.br\/en\/wp-json\/wp\/v2\/product"}],"about":[{"href":"https:\/\/rapidetech.com.br\/en\/wp-json\/wp\/v2\/types\/product"}],"replies":[{"embeddable":true,"href":"https:\/\/rapidetech.com.br\/en\/wp-json\/wp\/v2\/comments?post=55340"}],"version-history":[{"count":0,"href":"https:\/\/rapidetech.com.br\/en\/wp-json\/wp\/v2\/product\/55340\/revisions"}],"wp:featuredmedia":[{"embeddable":true,"href":"https:\/\/rapidetech.com.br\/en\/wp-json\/wp\/v2\/media\/53485"}],"wp:attachment":[{"href":"https:\/\/rapidetech.com.br\/en\/wp-json\/wp\/v2\/media?parent=55340"}],"wp:term":[{"taxonomy":"product_brand","embeddable":true,"href":"https:\/\/rapidetech.com.br\/en\/wp-json\/wp\/v2\/product_brand?post=55340"},{"taxonomy":"product_cat","embeddable":true,"href":"https:\/\/rapidetech.com.br\/en\/wp-json\/wp\/v2\/product_cat?post=55340"},{"taxonomy":"product_tag","embeddable":true,"href":"https:\/\/rapidetech.com.br\/en\/wp-json\/wp\/v2\/product_tag?post=55340"}],"curies":[{"name":"wp","href":"https:\/\/api.w.org\/{rel}","templated":true}]}}