{"id":55370,"date":"2025-05-28T15:00:22","date_gmt":"2025-05-28T18:00:22","guid":{"rendered":"https:\/\/rapidetech.com.br\/?post_type=product&#038;p=55370"},"modified":"2026-01-24T20:09:16","modified_gmt":"2026-01-24T23:09:16","slug":"cabo-thunderbolt-5-usb-c-x-thunderbolt-5-usb-c-15-m","status":"publish","type":"product","link":"https:\/\/rapidetech.com.br\/en\/product\/cabo-thunderbolt-5-usb-c-x-thunderbolt-5-usb-c-15-m\/","title":{"rendered":"Cabo Thunderbolt 5  USB-C  x Thunderbolt 5  USB-C &#8211; 16k &#8211; 120 gpbs &#8211; 1,5 m"},"content":{"rendered":"<h1>Novo Cabo Thunderbolt 5 &#8211; Usb C &#8211; 120 gbps &#8211; (maior cabo de 1,5 metros)<\/h1>\n<h3><\/h3>\n<h3><\/h3>\n<p>Cabo thunderbolt\u00a0 5 usb C x Thunderbolt 5 usb C de alta qualidade para transmiss\u00e3o de dados e carregamento ate 240 w\u00a0 ,leitura audio e video ate 16 k (melhor que o thunderbolt 4),permite transmiss\u00e3o de 3 monitores 4k ou 2 de 8k\u00a0 (limite 540 hz)<\/p>\n<p>Blindado de alta qualidade <span style=\"color: #242424; font-family: Arial, sans-serif;\"><span style=\"font-size: 14px;\">\/ <\/span><\/span>Extens\u00e3o: 1,5 m<\/p>\n<p>&nbsp;<\/p>\n<h3><em>Conte\u00fado da embalagem<\/em>:<\/h3>\n<p>Cabo multiuso\u00a0 Thunderbolt 5\u00a0 &#8211; 1,5 m<\/p>\n<p>O Cabo Thunderbolt tem alta qualidade de transmiss\u00e3o m\u00faltipla de \u00e1udio e video \u00e9 ideal para efeito est\u00e9reo e realidade aumentada.<\/p>\n<p>O Cabo Thunderbolt 5 x Thunderbolt 5\u00a0 e ideal para conectar lap top a monitor 4k (permite 3 simult\u00e2neos) ou 2 monitores 8k ou 1 monitor 16k\u00a0 .<\/p>\n<p>&nbsp;<\/p>","protected":false},"excerpt":{"rendered":"<h3>Novo Cabo tipo c thunderbolt 5\u00a0 top de alta qualidade\u00a0 \u00a0:<\/h3>\n<ul>\n<li>Cabo usb c thunderbolt 5 x usb c thunderbolt 5<\/li>\n<li>Blindado de alta qualidade<\/li>\n<li>Extens\u00e3o: 1,5 m<\/li>\n<\/ul>\n<p>Conte\u00fado da embalagem:<\/p>\n<ul>\n<li>Cabo tipo c thunderbolt 5\u00a0 x tipo c thunderbolt 5<\/li>\n<\/ul>","protected":false},"featured_media":55371,"comment_status":"closed","ping_status":"closed","template":"","meta":[],"product_brand":[],"product_cat":[18,22,45,21],"product_tag":[502,94,36,93,95,57,97,512],"class_list":{"0":"post-55370","1":"product","2":"type-product","3":"status-publish","4":"has-post-thumbnail","6":"product_cat-accessorios","7":"product_cat-audio","8":"product_cat-informatica","9":"product_cat-video","10":"product_tag-16k","11":"product_tag-4k","12":"product_tag-8k","13":"product_tag-apple","14":"product_tag-cabo-tipo-c","15":"product_tag-monitor","16":"product_tag-thunderbolt-4","17":"product_tag-thunderbolt-5","18":"product_shipping_class-normal","20":"first","21":"instock","22":"purchasable","23":"product-type-simple"},"yoast_head":"<!-- This site is optimized with the Yoast SEO plugin v27.4 - https:\/\/yoast.com\/product\/yoast-seo-wordpress\/ -->\n<title>Cabo Thunderbolt 5 USB-C x Thunderbolt 5 USB-C - 16k - 120 gpbs - 1,5 m - Rapidetech<\/title>\n<meta name=\"description\" content=\"Cabo thunderbolt 5 USB- C- 120 gbps - 1,5 metros ,1\u00a0 Cabo tipo c x tipo c\u00a0 Thunderbolt 5 de alta qualidade para transmissao de dados e carregamento ate 240 w\u00a0 ,leitura audio e video ate 16k (melhor que o thunderbolt 4),permite transmissao de 3 monitores 4 k. (limite 540 hz)\" \/>\n<meta name=\"robots\" content=\"index, follow, max-snippet:-1, max-image-preview:large, max-video-preview:-1\" \/>\n<link rel=\"canonical\" href=\"https:\/\/rapidetech.com.br\/en\/product\/cabo-thunderbolt-5-usb-c-x-thunderbolt-5-usb-c-15-m\/\" \/>\n<meta property=\"og:locale\" content=\"en_US\" \/>\n<meta property=\"og:type\" content=\"article\" \/>\n<meta property=\"og:title\" content=\"Cabo Thunderbolt 5 USB-C x Thunderbolt 5 USB-C - 16k - 120 gpbs - 1,5 m - Rapidetech\" \/>\n<meta property=\"og:description\" content=\"Cabo thunderbolt 5 USB- C- 120 gbps - 1,5 metros ,1\u00a0 Cabo tipo c x tipo c\u00a0 Thunderbolt 5 de alta qualidade para transmissao de dados e carregamento ate 240 w\u00a0 ,leitura audio e video ate 16k (melhor que o thunderbolt 4),permite transmissao de 3 monitores 4 k. (limite 540 hz)\" \/>\n<meta property=\"og:url\" content=\"https:\/\/rapidetech.com.br\/en\/product\/cabo-thunderbolt-5-usb-c-x-thunderbolt-5-usb-c-15-m\/\" \/>\n<meta property=\"og:site_name\" content=\"Rapidetech\" \/>\n<meta property=\"article:modified_time\" content=\"2026-01-24T23:09:16+00:00\" \/>\n<meta property=\"og:image\" content=\"https:\/\/rapidetech.com.br\/wp-content\/uploads\/2025\/05\/Se651d4c5929c48589ac6108e07970eb0I.webp\" \/>\n\t<meta property=\"og:image:width\" content=\"1600\" \/>\n\t<meta property=\"og:image:height\" content=\"1600\" \/>\n\t<meta property=\"og:image:type\" content=\"image\/webp\" \/>\n<meta name=\"twitter:card\" content=\"summary_large_image\" \/>\n<meta name=\"twitter:label1\" content=\"Est. reading time\" \/>\n\t<meta name=\"twitter:data1\" content=\"1 minute\" \/>\n<script type=\"application\/ld+json\" class=\"yoast-schema-graph\">{\"@context\":\"https:\\\/\\\/schema.org\",\"@graph\":[{\"@type\":\"WebPage\",\"@id\":\"https:\\\/\\\/rapidetech.com.br\\\/produto\\\/cabo-thunderbolt-5-usb-c-x-thunderbolt-5-usb-c-15-m\\\/\",\"url\":\"https:\\\/\\\/rapidetech.com.br\\\/produto\\\/cabo-thunderbolt-5-usb-c-x-thunderbolt-5-usb-c-15-m\\\/\",\"name\":\"Cabo Thunderbolt 5 USB-C x Thunderbolt 5 USB-C - 16k - 120 gpbs - 1,5 m - Rapidetech\",\"isPartOf\":{\"@id\":\"https:\\\/\\\/rapidetech.com.br\\\/#website\"},\"primaryImageOfPage\":{\"@id\":\"https:\\\/\\\/rapidetech.com.br\\\/produto\\\/cabo-thunderbolt-5-usb-c-x-thunderbolt-5-usb-c-15-m\\\/#primaryimage\"},\"image\":{\"@id\":\"https:\\\/\\\/rapidetech.com.br\\\/produto\\\/cabo-thunderbolt-5-usb-c-x-thunderbolt-5-usb-c-15-m\\\/#primaryimage\"},\"thumbnailUrl\":\"https:\\\/\\\/rapidetech.com.br\\\/wp-content\\\/uploads\\\/2025\\\/05\\\/Se651d4c5929c48589ac6108e07970eb0I.webp\",\"datePublished\":\"2025-05-28T18:00:22+00:00\",\"dateModified\":\"2026-01-24T23:09:16+00:00\",\"description\":\"Cabo thunderbolt 5 USB- C- 120 gbps - 1,5 metros ,1\u00a0 Cabo tipo c x tipo c\u00a0 Thunderbolt 5 de alta qualidade para transmissao de dados e carregamento ate 240 w\u00a0 ,leitura audio e video ate 16k (melhor que o thunderbolt 4),permite transmissao de 3 monitores 4 k. (limite 540 hz)\",\"breadcrumb\":{\"@id\":\"https:\\\/\\\/rapidetech.com.br\\\/produto\\\/cabo-thunderbolt-5-usb-c-x-thunderbolt-5-usb-c-15-m\\\/#breadcrumb\"},\"inLanguage\":\"en-US\",\"potentialAction\":[{\"@type\":\"ReadAction\",\"target\":[\"https:\\\/\\\/rapidetech.com.br\\\/produto\\\/cabo-thunderbolt-5-usb-c-x-thunderbolt-5-usb-c-15-m\\\/\"]}]},{\"@type\":\"ImageObject\",\"inLanguage\":\"en-US\",\"@id\":\"https:\\\/\\\/rapidetech.com.br\\\/produto\\\/cabo-thunderbolt-5-usb-c-x-thunderbolt-5-usb-c-15-m\\\/#primaryimage\",\"url\":\"https:\\\/\\\/rapidetech.com.br\\\/wp-content\\\/uploads\\\/2025\\\/05\\\/Se651d4c5929c48589ac6108e07970eb0I.webp\",\"contentUrl\":\"https:\\\/\\\/rapidetech.com.br\\\/wp-content\\\/uploads\\\/2025\\\/05\\\/Se651d4c5929c48589ac6108e07970eb0I.webp\",\"width\":1600,\"height\":1600},{\"@type\":\"BreadcrumbList\",\"@id\":\"https:\\\/\\\/rapidetech.com.br\\\/produto\\\/cabo-thunderbolt-5-usb-c-x-thunderbolt-5-usb-c-15-m\\\/#breadcrumb\",\"itemListElement\":[{\"@type\":\"ListItem\",\"position\":1,\"name\":\"In\u00edcio\",\"item\":\"https:\\\/\\\/rapidetech.com.br\\\/\"},{\"@type\":\"ListItem\",\"position\":2,\"name\":\"Produtos\",\"item\":\"https:\\\/\\\/rapidetech.com.br\\\/produtos\\\/\"},{\"@type\":\"ListItem\",\"position\":3,\"name\":\"Cabo Thunderbolt 5 USB-C x Thunderbolt 5 USB-C &#8211; 16k &#8211; 120 gpbs &#8211; 1,5 m\"}]},{\"@type\":\"WebSite\",\"@id\":\"https:\\\/\\\/rapidetech.com.br\\\/#website\",\"url\":\"https:\\\/\\\/rapidetech.com.br\\\/\",\"name\":\"Rapidetech\",\"description\":\"Audio e video\",\"publisher\":{\"@id\":\"https:\\\/\\\/rapidetech.com.br\\\/#organization\"},\"potentialAction\":[{\"@type\":\"SearchAction\",\"target\":{\"@type\":\"EntryPoint\",\"urlTemplate\":\"https:\\\/\\\/rapidetech.com.br\\\/?s={search_term_string}\"},\"query-input\":{\"@type\":\"PropertyValueSpecification\",\"valueRequired\":true,\"valueName\":\"search_term_string\"}}],\"inLanguage\":\"en-US\"},{\"@type\":\"Organization\",\"@id\":\"https:\\\/\\\/rapidetech.com.br\\\/#organization\",\"name\":\"Rapidetech\",\"url\":\"https:\\\/\\\/rapidetech.com.br\\\/\",\"logo\":{\"@type\":\"ImageObject\",\"inLanguage\":\"en-US\",\"@id\":\"https:\\\/\\\/rapidetech.com.br\\\/#\\\/schema\\\/logo\\\/image\\\/\",\"url\":\"https:\\\/\\\/rapidetech.com.br\\\/wp-content\\\/uploads\\\/2022\\\/08\\\/RAPIDETECH-AUDIO-E-VIDEO.jpg\",\"contentUrl\":\"https:\\\/\\\/rapidetech.com.br\\\/wp-content\\\/uploads\\\/2022\\\/08\\\/RAPIDETECH-AUDIO-E-VIDEO.jpg\",\"width\":236,\"height\":213,\"caption\":\"Rapidetech\"},\"image\":{\"@id\":\"https:\\\/\\\/rapidetech.com.br\\\/#\\\/schema\\\/logo\\\/image\\\/\"},\"sameAs\":[\"https:\\\/\\\/rapidetech.com.br\\\/\",\"https:\\\/\\\/www.youtube.com\\\/channel\\\/UCQWlsTr9MvbqwWAekYtMNLQ\"]}]}<\/script>\n<!-- \/ Yoast SEO plugin. -->","yoast_head_json":{"title":"Cabo Thunderbolt 5 USB-C x Thunderbolt 5 USB-C - 16k - 120 gpbs - 1,5 m - Rapidetech","description":"Cabo thunderbolt 5 USB- C- 120 gbps - 1,5 metros ,1\u00a0 Cabo tipo c x tipo c\u00a0 Thunderbolt 5 de alta qualidade para transmissao de dados e carregamento ate 240 w\u00a0 ,leitura audio e video ate 16k (melhor que o thunderbolt 4),permite transmissao de 3 monitores 4 k. (limite 540 hz)","robots":{"index":"index","follow":"follow","max-snippet":"max-snippet:-1","max-image-preview":"max-image-preview:large","max-video-preview":"max-video-preview:-1"},"canonical":"https:\/\/rapidetech.com.br\/en\/product\/cabo-thunderbolt-5-usb-c-x-thunderbolt-5-usb-c-15-m\/","og_locale":"en_US","og_type":"article","og_title":"Cabo Thunderbolt 5 USB-C x Thunderbolt 5 USB-C - 16k - 120 gpbs - 1,5 m - Rapidetech","og_description":"Cabo thunderbolt 5 USB- C- 120 gbps - 1,5 metros ,1\u00a0 Cabo tipo c x tipo c\u00a0 Thunderbolt 5 de alta qualidade para transmissao de dados e carregamento ate 240 w\u00a0 ,leitura audio e video ate 16k (melhor que o thunderbolt 4),permite transmissao de 3 monitores 4 k. (limite 540 hz)","og_url":"https:\/\/rapidetech.com.br\/en\/product\/cabo-thunderbolt-5-usb-c-x-thunderbolt-5-usb-c-15-m\/","og_site_name":"Rapidetech","article_modified_time":"2026-01-24T23:09:16+00:00","og_image":[{"width":1600,"height":1600,"url":"https:\/\/rapidetech.com.br\/wp-content\/uploads\/2025\/05\/Se651d4c5929c48589ac6108e07970eb0I.webp","type":"image\/webp"}],"twitter_card":"summary_large_image","twitter_misc":{"Est. reading time":"1 minute"},"schema":{"@context":"https:\/\/schema.org","@graph":[{"@type":"WebPage","@id":"https:\/\/rapidetech.com.br\/produto\/cabo-thunderbolt-5-usb-c-x-thunderbolt-5-usb-c-15-m\/","url":"https:\/\/rapidetech.com.br\/produto\/cabo-thunderbolt-5-usb-c-x-thunderbolt-5-usb-c-15-m\/","name":"Cabo Thunderbolt 5 USB-C x Thunderbolt 5 USB-C - 16k - 120 gpbs - 1,5 m - Rapidetech","isPartOf":{"@id":"https:\/\/rapidetech.com.br\/#website"},"primaryImageOfPage":{"@id":"https:\/\/rapidetech.com.br\/produto\/cabo-thunderbolt-5-usb-c-x-thunderbolt-5-usb-c-15-m\/#primaryimage"},"image":{"@id":"https:\/\/rapidetech.com.br\/produto\/cabo-thunderbolt-5-usb-c-x-thunderbolt-5-usb-c-15-m\/#primaryimage"},"thumbnailUrl":"https:\/\/rapidetech.com.br\/wp-content\/uploads\/2025\/05\/Se651d4c5929c48589ac6108e07970eb0I.webp","datePublished":"2025-05-28T18:00:22+00:00","dateModified":"2026-01-24T23:09:16+00:00","description":"Cabo thunderbolt 5 USB- C- 120 gbps - 1,5 metros ,1\u00a0 Cabo tipo c x tipo c\u00a0 Thunderbolt 5 de alta qualidade para transmissao de dados e carregamento ate 240 w\u00a0 ,leitura audio e video ate 16k (melhor que o thunderbolt 4),permite transmissao de 3 monitores 4 k. (limite 540 hz)","breadcrumb":{"@id":"https:\/\/rapidetech.com.br\/produto\/cabo-thunderbolt-5-usb-c-x-thunderbolt-5-usb-c-15-m\/#breadcrumb"},"inLanguage":"en-US","potentialAction":[{"@type":"ReadAction","target":["https:\/\/rapidetech.com.br\/produto\/cabo-thunderbolt-5-usb-c-x-thunderbolt-5-usb-c-15-m\/"]}]},{"@type":"ImageObject","inLanguage":"en-US","@id":"https:\/\/rapidetech.com.br\/produto\/cabo-thunderbolt-5-usb-c-x-thunderbolt-5-usb-c-15-m\/#primaryimage","url":"https:\/\/rapidetech.com.br\/wp-content\/uploads\/2025\/05\/Se651d4c5929c48589ac6108e07970eb0I.webp","contentUrl":"https:\/\/rapidetech.com.br\/wp-content\/uploads\/2025\/05\/Se651d4c5929c48589ac6108e07970eb0I.webp","width":1600,"height":1600},{"@type":"BreadcrumbList","@id":"https:\/\/rapidetech.com.br\/produto\/cabo-thunderbolt-5-usb-c-x-thunderbolt-5-usb-c-15-m\/#breadcrumb","itemListElement":[{"@type":"ListItem","position":1,"name":"In\u00edcio","item":"https:\/\/rapidetech.com.br\/"},{"@type":"ListItem","position":2,"name":"Produtos","item":"https:\/\/rapidetech.com.br\/produtos\/"},{"@type":"ListItem","position":3,"name":"Cabo Thunderbolt 5 USB-C x Thunderbolt 5 USB-C &#8211; 16k &#8211; 120 gpbs &#8211; 1,5 m"}]},{"@type":"WebSite","@id":"https:\/\/rapidetech.com.br\/#website","url":"https:\/\/rapidetech.com.br\/","name":"Rapidetech","description":"Audio e video","publisher":{"@id":"https:\/\/rapidetech.com.br\/#organization"},"potentialAction":[{"@type":"SearchAction","target":{"@type":"EntryPoint","urlTemplate":"https:\/\/rapidetech.com.br\/?s={search_term_string}"},"query-input":{"@type":"PropertyValueSpecification","valueRequired":true,"valueName":"search_term_string"}}],"inLanguage":"en-US"},{"@type":"Organization","@id":"https:\/\/rapidetech.com.br\/#organization","name":"Rapidetech","url":"https:\/\/rapidetech.com.br\/","logo":{"@type":"ImageObject","inLanguage":"en-US","@id":"https:\/\/rapidetech.com.br\/#\/schema\/logo\/image\/","url":"https:\/\/rapidetech.com.br\/wp-content\/uploads\/2022\/08\/RAPIDETECH-AUDIO-E-VIDEO.jpg","contentUrl":"https:\/\/rapidetech.com.br\/wp-content\/uploads\/2022\/08\/RAPIDETECH-AUDIO-E-VIDEO.jpg","width":236,"height":213,"caption":"Rapidetech"},"image":{"@id":"https:\/\/rapidetech.com.br\/#\/schema\/logo\/image\/"},"sameAs":["https:\/\/rapidetech.com.br\/","https:\/\/www.youtube.com\/channel\/UCQWlsTr9MvbqwWAekYtMNLQ"]}]}},"_links":{"self":[{"href":"https:\/\/rapidetech.com.br\/en\/wp-json\/wp\/v2\/product\/55370","targetHints":{"allow":["GET"]}}],"collection":[{"href":"https:\/\/rapidetech.com.br\/en\/wp-json\/wp\/v2\/product"}],"about":[{"href":"https:\/\/rapidetech.com.br\/en\/wp-json\/wp\/v2\/types\/product"}],"replies":[{"embeddable":true,"href":"https:\/\/rapidetech.com.br\/en\/wp-json\/wp\/v2\/comments?post=55370"}],"version-history":[{"count":0,"href":"https:\/\/rapidetech.com.br\/en\/wp-json\/wp\/v2\/product\/55370\/revisions"}],"wp:featuredmedia":[{"embeddable":true,"href":"https:\/\/rapidetech.com.br\/en\/wp-json\/wp\/v2\/media\/55371"}],"wp:attachment":[{"href":"https:\/\/rapidetech.com.br\/en\/wp-json\/wp\/v2\/media?parent=55370"}],"wp:term":[{"taxonomy":"product_brand","embeddable":true,"href":"https:\/\/rapidetech.com.br\/en\/wp-json\/wp\/v2\/product_brand?post=55370"},{"taxonomy":"product_cat","embeddable":true,"href":"https:\/\/rapidetech.com.br\/en\/wp-json\/wp\/v2\/product_cat?post=55370"},{"taxonomy":"product_tag","embeddable":true,"href":"https:\/\/rapidetech.com.br\/en\/wp-json\/wp\/v2\/product_tag?post=55370"}],"curies":[{"name":"wp","href":"https:\/\/api.w.org\/{rel}","templated":true}]}}