{"id":5560,"date":"2020-06-08T19:56:59","date_gmt":"2020-06-08T22:56:59","guid":{"rendered":"http:\/\/rapidetech.com.br\/?post_type=product&#038;p=5560"},"modified":"2026-01-24T20:31:24","modified_gmt":"2026-01-24T23:31:24","slug":"adaptador-de-rede-usb-3-0-ethernet-ugreen-copia","status":"publish","type":"product","link":"https:\/\/rapidetech.com.br\/en\/product\/adaptador-de-rede-usb-3-0-ethernet-ugreen-copia\/","title":{"rendered":"Adaptador placa de rede usb 3.0 Ethernet UGREEN"},"content":{"rendered":"<h1>Adaptador de rede\u00a0 \u00a0Ugreen usb 3.0<\/h1>\n<h2>Descri\u00e7\u00e3o do adaptador de rede :<\/h2>\n<p>Contem :<\/p>\n<p>1. Adaptador USB3.0 para RJ45 suporta rede Gigabit atrav\u00e9s de USB 3.0 com at\u00e9 5Gbps<br \/>\n2. Compat\u00edvel com IEEE 802.3, 802.3u e 802.3ab (10BASE-T, 100BASE-TX e 1000BASE-T)<br \/>\n3. alimentado por USB, sem necessidade de adaptadores adicionais<br \/>\n4. Suporta modo de suspens\u00e3o e ativa\u00e7\u00e3o remota via link-up, pacote m\u00e1gico ou pino externo<br \/>\n5. Suporta os modos de opera\u00e7\u00e3o Full e Half duplex<br \/>\n6. Compat\u00edvel com USB 2.0 e 1.1<br \/>\n7. Hot-Swap e plug-and-play suportado.<br \/>\n8. Compat\u00edvel com Windows XP \/ Vista \/ 7\/8, Mac 10.6-10.8 \/ kernel Linux 2.6 e posterior\u00a0 ,retrocompat\u00edvel\u00a0 com 10\/100\/1000 mbps :<\/p>\n<p>O adaptador de rede Ethernet UGREEN 20256 USB 3.0 de 10\/100\/1000 Mbps permite que voc\u00ea adicione uma interface de rede ao seu computador via USB. \u00c9 compat\u00edvel com vers\u00f5es anteriores de todas as redes 10\/100 existentes. Com ele, voc\u00ea pode substituir uma placa de rede interna quebrada, adicionar uma interface de rede rote\u00e1vel separadamente e transferir arquivos ponto-a-ponto pela Ethernet. Basta inserir o adaptador em uma porta USB 3.0 em seu computador e come\u00e7ar a transferir arquivos grandes de v\u00eddeo, \u00e1udio e gr\u00e1ficos entre sua esta\u00e7\u00e3o de trabalho e a rede.<\/p>\n<p>&nbsp;<\/p>","protected":false},"excerpt":{"rendered":"<h2>Adaptador placa de rede UGREEN usb 3.0 :<\/h2>\n<p>contem :<\/p>\n<ul>\n<li>1 adaptador<\/li>\n<li>1 cd de instalacao (caso precisa)<\/li>\n<li>Feito de abs preto s\u00f3lido , com uma vida \u00fatil muito mais longa .<\/li>\n<\/ul>\n<p>Conte\u00fado da embalagem:<\/p>\n<ul>\n<li>1 adaptador ugreen CR 111 \/ manual e cd<\/li>\n<\/ul>","protected":false},"featured_media":46830,"comment_status":"closed","ping_status":"closed","template":"","meta":[],"product_brand":[],"product_cat":[18,45],"product_tag":[33,84,83,48],"class_list":{"0":"post-5560","1":"product","2":"type-product","3":"status-publish","4":"has-post-thumbnail","6":"product_cat-accessorios","7":"product_cat-informatica","8":"product_tag-cabo","9":"product_tag-placa","10":"product_tag-rede","11":"product_tag-roteador","12":"product_shipping_class-normal","14":"first","15":"instock","16":"purchasable","17":"product-type-simple"},"yoast_head":"<!-- This site is optimized with the Yoast SEO plugin v27.4 - https:\/\/yoast.com\/product\/yoast-seo-wordpress\/ -->\n<title>Adaptador placa de rede usb 3.0 Ethernet UGREEN - Rapidetech<\/title>\n<meta name=\"robots\" content=\"index, follow, max-snippet:-1, max-image-preview:large, max-video-preview:-1\" \/>\n<link rel=\"canonical\" href=\"https:\/\/rapidetech.com.br\/en\/product\/adaptador-de-rede-usb-3-0-ethernet-ugreen-copia\/\" \/>\n<meta property=\"og:locale\" content=\"en_US\" \/>\n<meta property=\"og:type\" content=\"article\" \/>\n<meta property=\"og:title\" content=\"Adaptador placa de rede usb 3.0 Ethernet UGREEN - Rapidetech\" \/>\n<meta property=\"og:description\" content=\"Adaptador placa de rede UGREEN usb 3.0 : contem :   1 adaptador  1 cd de instalacao (caso precisa)  Feito de abs preto s\u00f3lido , com uma vida \u00fatil muito mais longa .  Conte\u00fado da embalagem:   1 adaptador ugreen CR 111 \/ manual e cd\" \/>\n<meta property=\"og:url\" content=\"https:\/\/rapidetech.com.br\/en\/product\/adaptador-de-rede-usb-3-0-ethernet-ugreen-copia\/\" \/>\n<meta property=\"og:site_name\" content=\"Rapidetech\" \/>\n<meta property=\"article:modified_time\" content=\"2026-01-24T23:31:24+00:00\" \/>\n<meta property=\"og:image\" content=\"https:\/\/rapidetech.com.br\/wp-content\/uploads\/2020\/06\/AnyConv.com__D_NQ_NP_793324-MLB31095460878_062019-W.webp\" \/>\n\t<meta property=\"og:image:width\" content=\"544\" \/>\n\t<meta property=\"og:image:height\" content=\"568\" \/>\n\t<meta property=\"og:image:type\" content=\"image\/webp\" \/>\n<meta name=\"twitter:card\" content=\"summary_large_image\" \/>\n<meta name=\"twitter:label1\" content=\"Est. reading time\" \/>\n\t<meta name=\"twitter:data1\" content=\"2 minutes\" \/>\n<script type=\"application\/ld+json\" class=\"yoast-schema-graph\">{\"@context\":\"https:\\\/\\\/schema.org\",\"@graph\":[{\"@type\":\"WebPage\",\"@id\":\"https:\\\/\\\/rapidetech.com.br\\\/produto\\\/adaptador-de-rede-usb-3-0-ethernet-ugreen-copia\\\/\",\"url\":\"https:\\\/\\\/rapidetech.com.br\\\/produto\\\/adaptador-de-rede-usb-3-0-ethernet-ugreen-copia\\\/\",\"name\":\"Adaptador placa de rede usb 3.0 Ethernet UGREEN - Rapidetech\",\"isPartOf\":{\"@id\":\"https:\\\/\\\/rapidetech.com.br\\\/#website\"},\"primaryImageOfPage\":{\"@id\":\"https:\\\/\\\/rapidetech.com.br\\\/produto\\\/adaptador-de-rede-usb-3-0-ethernet-ugreen-copia\\\/#primaryimage\"},\"image\":{\"@id\":\"https:\\\/\\\/rapidetech.com.br\\\/produto\\\/adaptador-de-rede-usb-3-0-ethernet-ugreen-copia\\\/#primaryimage\"},\"thumbnailUrl\":\"https:\\\/\\\/rapidetech.com.br\\\/wp-content\\\/uploads\\\/2020\\\/06\\\/AnyConv.com__D_NQ_NP_793324-MLB31095460878_062019-W.webp\",\"datePublished\":\"2020-06-08T22:56:59+00:00\",\"dateModified\":\"2026-01-24T23:31:24+00:00\",\"breadcrumb\":{\"@id\":\"https:\\\/\\\/rapidetech.com.br\\\/produto\\\/adaptador-de-rede-usb-3-0-ethernet-ugreen-copia\\\/#breadcrumb\"},\"inLanguage\":\"en-US\",\"potentialAction\":[{\"@type\":\"ReadAction\",\"target\":[\"https:\\\/\\\/rapidetech.com.br\\\/produto\\\/adaptador-de-rede-usb-3-0-ethernet-ugreen-copia\\\/\"]}]},{\"@type\":\"ImageObject\",\"inLanguage\":\"en-US\",\"@id\":\"https:\\\/\\\/rapidetech.com.br\\\/produto\\\/adaptador-de-rede-usb-3-0-ethernet-ugreen-copia\\\/#primaryimage\",\"url\":\"https:\\\/\\\/rapidetech.com.br\\\/wp-content\\\/uploads\\\/2020\\\/06\\\/AnyConv.com__D_NQ_NP_793324-MLB31095460878_062019-W.webp\",\"contentUrl\":\"https:\\\/\\\/rapidetech.com.br\\\/wp-content\\\/uploads\\\/2020\\\/06\\\/AnyConv.com__D_NQ_NP_793324-MLB31095460878_062019-W.webp\",\"width\":544,\"height\":568},{\"@type\":\"BreadcrumbList\",\"@id\":\"https:\\\/\\\/rapidetech.com.br\\\/produto\\\/adaptador-de-rede-usb-3-0-ethernet-ugreen-copia\\\/#breadcrumb\",\"itemListElement\":[{\"@type\":\"ListItem\",\"position\":1,\"name\":\"In\u00edcio\",\"item\":\"https:\\\/\\\/rapidetech.com.br\\\/\"},{\"@type\":\"ListItem\",\"position\":2,\"name\":\"Produtos\",\"item\":\"https:\\\/\\\/rapidetech.com.br\\\/produtos\\\/\"},{\"@type\":\"ListItem\",\"position\":3,\"name\":\"Adaptador placa de rede usb 3.0 Ethernet UGREEN\"}]},{\"@type\":\"WebSite\",\"@id\":\"https:\\\/\\\/rapidetech.com.br\\\/#website\",\"url\":\"https:\\\/\\\/rapidetech.com.br\\\/\",\"name\":\"Rapidetech\",\"description\":\"Audio e video\",\"publisher\":{\"@id\":\"https:\\\/\\\/rapidetech.com.br\\\/#organization\"},\"potentialAction\":[{\"@type\":\"SearchAction\",\"target\":{\"@type\":\"EntryPoint\",\"urlTemplate\":\"https:\\\/\\\/rapidetech.com.br\\\/?s={search_term_string}\"},\"query-input\":{\"@type\":\"PropertyValueSpecification\",\"valueRequired\":true,\"valueName\":\"search_term_string\"}}],\"inLanguage\":\"en-US\"},{\"@type\":\"Organization\",\"@id\":\"https:\\\/\\\/rapidetech.com.br\\\/#organization\",\"name\":\"Rapidetech\",\"url\":\"https:\\\/\\\/rapidetech.com.br\\\/\",\"logo\":{\"@type\":\"ImageObject\",\"inLanguage\":\"en-US\",\"@id\":\"https:\\\/\\\/rapidetech.com.br\\\/#\\\/schema\\\/logo\\\/image\\\/\",\"url\":\"https:\\\/\\\/rapidetech.com.br\\\/wp-content\\\/uploads\\\/2022\\\/08\\\/RAPIDETECH-AUDIO-E-VIDEO.jpg\",\"contentUrl\":\"https:\\\/\\\/rapidetech.com.br\\\/wp-content\\\/uploads\\\/2022\\\/08\\\/RAPIDETECH-AUDIO-E-VIDEO.jpg\",\"width\":236,\"height\":213,\"caption\":\"Rapidetech\"},\"image\":{\"@id\":\"https:\\\/\\\/rapidetech.com.br\\\/#\\\/schema\\\/logo\\\/image\\\/\"},\"sameAs\":[\"https:\\\/\\\/rapidetech.com.br\\\/\",\"https:\\\/\\\/www.youtube.com\\\/channel\\\/UCQWlsTr9MvbqwWAekYtMNLQ\"]}]}<\/script>\n<!-- \/ Yoast SEO plugin. -->","yoast_head_json":{"title":"Adaptador placa de rede usb 3.0 Ethernet UGREEN - Rapidetech","robots":{"index":"index","follow":"follow","max-snippet":"max-snippet:-1","max-image-preview":"max-image-preview:large","max-video-preview":"max-video-preview:-1"},"canonical":"https:\/\/rapidetech.com.br\/en\/product\/adaptador-de-rede-usb-3-0-ethernet-ugreen-copia\/","og_locale":"en_US","og_type":"article","og_title":"Adaptador placa de rede usb 3.0 Ethernet UGREEN - Rapidetech","og_description":"Adaptador placa de rede UGREEN usb 3.0 : contem :   1 adaptador  1 cd de instalacao (caso precisa)  Feito de abs preto s\u00f3lido , com uma vida \u00fatil muito mais longa .  Conte\u00fado da embalagem:   1 adaptador ugreen CR 111 \/ manual e cd","og_url":"https:\/\/rapidetech.com.br\/en\/product\/adaptador-de-rede-usb-3-0-ethernet-ugreen-copia\/","og_site_name":"Rapidetech","article_modified_time":"2026-01-24T23:31:24+00:00","og_image":[{"width":544,"height":568,"url":"https:\/\/rapidetech.com.br\/wp-content\/uploads\/2020\/06\/AnyConv.com__D_NQ_NP_793324-MLB31095460878_062019-W.webp","type":"image\/webp"}],"twitter_card":"summary_large_image","twitter_misc":{"Est. reading time":"2 minutes"},"schema":{"@context":"https:\/\/schema.org","@graph":[{"@type":"WebPage","@id":"https:\/\/rapidetech.com.br\/produto\/adaptador-de-rede-usb-3-0-ethernet-ugreen-copia\/","url":"https:\/\/rapidetech.com.br\/produto\/adaptador-de-rede-usb-3-0-ethernet-ugreen-copia\/","name":"Adaptador placa de rede usb 3.0 Ethernet UGREEN - Rapidetech","isPartOf":{"@id":"https:\/\/rapidetech.com.br\/#website"},"primaryImageOfPage":{"@id":"https:\/\/rapidetech.com.br\/produto\/adaptador-de-rede-usb-3-0-ethernet-ugreen-copia\/#primaryimage"},"image":{"@id":"https:\/\/rapidetech.com.br\/produto\/adaptador-de-rede-usb-3-0-ethernet-ugreen-copia\/#primaryimage"},"thumbnailUrl":"https:\/\/rapidetech.com.br\/wp-content\/uploads\/2020\/06\/AnyConv.com__D_NQ_NP_793324-MLB31095460878_062019-W.webp","datePublished":"2020-06-08T22:56:59+00:00","dateModified":"2026-01-24T23:31:24+00:00","breadcrumb":{"@id":"https:\/\/rapidetech.com.br\/produto\/adaptador-de-rede-usb-3-0-ethernet-ugreen-copia\/#breadcrumb"},"inLanguage":"en-US","potentialAction":[{"@type":"ReadAction","target":["https:\/\/rapidetech.com.br\/produto\/adaptador-de-rede-usb-3-0-ethernet-ugreen-copia\/"]}]},{"@type":"ImageObject","inLanguage":"en-US","@id":"https:\/\/rapidetech.com.br\/produto\/adaptador-de-rede-usb-3-0-ethernet-ugreen-copia\/#primaryimage","url":"https:\/\/rapidetech.com.br\/wp-content\/uploads\/2020\/06\/AnyConv.com__D_NQ_NP_793324-MLB31095460878_062019-W.webp","contentUrl":"https:\/\/rapidetech.com.br\/wp-content\/uploads\/2020\/06\/AnyConv.com__D_NQ_NP_793324-MLB31095460878_062019-W.webp","width":544,"height":568},{"@type":"BreadcrumbList","@id":"https:\/\/rapidetech.com.br\/produto\/adaptador-de-rede-usb-3-0-ethernet-ugreen-copia\/#breadcrumb","itemListElement":[{"@type":"ListItem","position":1,"name":"In\u00edcio","item":"https:\/\/rapidetech.com.br\/"},{"@type":"ListItem","position":2,"name":"Produtos","item":"https:\/\/rapidetech.com.br\/produtos\/"},{"@type":"ListItem","position":3,"name":"Adaptador placa de rede usb 3.0 Ethernet UGREEN"}]},{"@type":"WebSite","@id":"https:\/\/rapidetech.com.br\/#website","url":"https:\/\/rapidetech.com.br\/","name":"Rapidetech","description":"Audio e video","publisher":{"@id":"https:\/\/rapidetech.com.br\/#organization"},"potentialAction":[{"@type":"SearchAction","target":{"@type":"EntryPoint","urlTemplate":"https:\/\/rapidetech.com.br\/?s={search_term_string}"},"query-input":{"@type":"PropertyValueSpecification","valueRequired":true,"valueName":"search_term_string"}}],"inLanguage":"en-US"},{"@type":"Organization","@id":"https:\/\/rapidetech.com.br\/#organization","name":"Rapidetech","url":"https:\/\/rapidetech.com.br\/","logo":{"@type":"ImageObject","inLanguage":"en-US","@id":"https:\/\/rapidetech.com.br\/#\/schema\/logo\/image\/","url":"https:\/\/rapidetech.com.br\/wp-content\/uploads\/2022\/08\/RAPIDETECH-AUDIO-E-VIDEO.jpg","contentUrl":"https:\/\/rapidetech.com.br\/wp-content\/uploads\/2022\/08\/RAPIDETECH-AUDIO-E-VIDEO.jpg","width":236,"height":213,"caption":"Rapidetech"},"image":{"@id":"https:\/\/rapidetech.com.br\/#\/schema\/logo\/image\/"},"sameAs":["https:\/\/rapidetech.com.br\/","https:\/\/www.youtube.com\/channel\/UCQWlsTr9MvbqwWAekYtMNLQ"]}]}},"_links":{"self":[{"href":"https:\/\/rapidetech.com.br\/en\/wp-json\/wp\/v2\/product\/5560","targetHints":{"allow":["GET"]}}],"collection":[{"href":"https:\/\/rapidetech.com.br\/en\/wp-json\/wp\/v2\/product"}],"about":[{"href":"https:\/\/rapidetech.com.br\/en\/wp-json\/wp\/v2\/types\/product"}],"replies":[{"embeddable":true,"href":"https:\/\/rapidetech.com.br\/en\/wp-json\/wp\/v2\/comments?post=5560"}],"version-history":[{"count":0,"href":"https:\/\/rapidetech.com.br\/en\/wp-json\/wp\/v2\/product\/5560\/revisions"}],"wp:featuredmedia":[{"embeddable":true,"href":"https:\/\/rapidetech.com.br\/en\/wp-json\/wp\/v2\/media\/46830"}],"wp:attachment":[{"href":"https:\/\/rapidetech.com.br\/en\/wp-json\/wp\/v2\/media?parent=5560"}],"wp:term":[{"taxonomy":"product_brand","embeddable":true,"href":"https:\/\/rapidetech.com.br\/en\/wp-json\/wp\/v2\/product_brand?post=5560"},{"taxonomy":"product_cat","embeddable":true,"href":"https:\/\/rapidetech.com.br\/en\/wp-json\/wp\/v2\/product_cat?post=5560"},{"taxonomy":"product_tag","embeddable":true,"href":"https:\/\/rapidetech.com.br\/en\/wp-json\/wp\/v2\/product_tag?post=5560"}],"curies":[{"name":"wp","href":"https:\/\/api.w.org\/{rel}","templated":true}]}}