{"id":58049,"date":"2025-12-14T11:12:26","date_gmt":"2025-12-14T14:12:26","guid":{"rendered":"https:\/\/rapidetech.com.br\/?post_type=product&#038;p=58049"},"modified":"2026-04-23T19:05:15","modified_gmt":"2026-04-23T22:05:15","slug":"bateria-sony-np-fz100-original","status":"publish","type":"product","link":"https:\/\/rapidetech.com.br\/en\/product\/bateria-sony-np-fz100-original\/","title":{"rendered":"Bateria Sony Np-fz100 P Sony A7iii A9 A9r Zv-e1 Fx3 -Pronta Entrega"},"content":{"rendered":"<h1><b>Bateria Sony Np-fz100- (original )-<\/b><\/h1>\n<h3><em><b>\u00a0 Descri\u00e7\u00e3o da <\/b><b>Bateria Np-fz100<\/b><\/em><\/h3>\n<ul>\n<li style=\"font-weight: 400;\"><span style=\"font-weight: 400;\">Bateria Sony Np-fz100\u00a0<\/span><span style=\"font-weight: 400;\"> (h\u00e1 diferentes layouts a partir de agosto 2025 dependendo do pais de origem )<\/span><\/li>\n<li style=\"font-weight: 400;\"><span style=\"font-weight: 400;\">Recarreg\u00e1vel 7.2V<\/span><\/li>\n<li style=\"font-weight: 400;\"><span style=\"font-weight: 400;\">Capacidade da bateria: 2280 mAh (Depende do pais de fabrica\u00e7\u00e3o de origem)<\/span><\/li>\n<li style=\"font-weight: 400;\"><span style=\"font-weight: 400;\">\u00a0Tens\u00e3o de sa\u00edda: 7,2 V<\/span><\/li>\n<\/ul>\n<p><span style=\"font-weight: 400;\">\u00a0<\/span><\/p>\n<p><em><span style=\"font-weight: 400;\"><strong>Conte\u00fado da embalagem<\/strong>:<\/span><\/em><\/p>\n<ul>\n<li style=\"font-weight: 400;\"><span style=\"font-weight: 400;\">01 Bateria Sony Np-fz100<\/span><\/li>\n<li style=\"font-weight: 400;\"><span style=\"font-weight: 400;\">\u00a001 Caixa lacrada<\/span><\/li>\n<li style=\"font-weight: 400;\"><span style=\"font-weight: 400;\">\u00a001 Manual em ingl\u00eas<\/span><\/li>\n<li>Dimens\u00f5es aprox.: (L x A x P)<br \/>\nAprox. 38,7 x 22,7 x 51,7 mm<br \/>\nPeso aprox.: 83g<\/li>\n<\/ul>\n<h3><\/h3>\n<p>&nbsp;<\/p>\n<h3>Bateria<b> Sony Np-fz100 \u00e9 compat\u00edvel com:\u00a0<\/b><\/h3>\n<p><span class=\"T286Pc\" data-sfc-cp=\"\" data-processed=\"true\"><strong class=\"Yjhzub\" data-processed=\"true\">Sony Alpha s\u00e9rie A7:<\/strong>\u00a0A7 III, A7 IV, A7C, A7R III, A7R IV, A7R V, A7S III.<\/span><\/p>\n<p><span class=\"T286Pc\" data-sfc-cp=\"\" data-processed=\"true\"><strong class=\"Yjhzub\" data-processed=\"true\">Sony Alpha s\u00e9rie A9:<\/strong>\u00a0A9, A9 II.<\/span><\/p>\n<p><span class=\"T286Pc\" data-sfc-cp=\"\" data-processed=\"true\"><strong class=\"Yjhzub\" data-processed=\"true\">Sony Alpha s\u00e9rie A6000:<\/strong>\u00a0A6600, A6700.<\/span><\/p>\n<p><span class=\"T286Pc\" data-sfc-cp=\"\" data-processed=\"true\"><strong class=\"Yjhzub\" data-processed=\"true\">Sony Cinema:<\/strong>\u00a0FX3, FX30, ZV-E1.<\/span><\/p>\n<p><span class=\"T286Pc\" data-sfc-cp=\"\" data-processed=\"true\"><strong class=\"Yjhzub\" data-processed=\"true\">Outros:<\/strong>\u00a0C\u00e2meras que usam o grip VG-C3EM ou VG-C4EM.<\/span><span class=\"uJ19be notranslate\" data-wiz-uids=\"mhL2gc_12,mhL2gc_13,mhL2gc_14\" data-processed=\"true\"><span class=\"vKEkVd\" data-animation-atomic=\"\" data-wiz-attrbind=\"class=mhL2gc_12\/TKHnVd;\" data-processed=\"true\">\u00a0<\/span><\/span><\/p>\n<p>&nbsp;<\/p>\n<p>O.b.s\u00a0 <em>Promo\u00e7\u00e3o tempor\u00e1ria direto fornecedor Sony , poucas unidades\u00a0 !\u00a0 Aproveite\u00a0 !<\/em><\/p>\n<h3><em><b>\u00a0<\/b><\/em><\/h3>","protected":false},"excerpt":{"rendered":"<h3><b>Bateria Sony <\/b><b>Np-fz100<\/b><\/h3>\n<ul>\n<li style=\"font-weight: 400;\"><span style=\"font-weight: 400;\">Bateria original Sony <\/span><span style=\"font-weight: 400;\">\u00a0<\/span><\/li>\n<li style=\"font-weight: 400;\"><span style=\"font-weight: 400;\">Recarreg\u00e1vel: 7.2V<\/span><\/li>\n<li style=\"font-weight: 400;\"><span style=\"font-weight: 400;\">\u00a02280 mAh<\/span><\/li>\n<li><span style=\"font-weight: 400;\">Capacidade da bateria: 7,2 v<\/span><\/li>\n<li style=\"font-weight: 400;\">Dimens\u00f5es aprox.: (L x A x P)<br \/>\nAprox. 38,7 x 22,7 x 51,7 mm<br \/>\nPeso aprox.: 90g<\/li>\n<\/ul>\n<p><strong>Conte\u00fado da embalagem:<\/strong><\/p>\n<ul>\n<li style=\"font-weight: 400;\"><span style=\"font-weight: 400;\">01 Bateria original Sony\u00a0<\/span><\/li>\n<li style=\"font-weight: 400;\"><span style=\"font-weight: 400;\">\u00a001 Caixa<\/span><\/li>\n<\/ul>\n<p><span style=\"font-weight: 400;\">\u00a0<\/span><\/p>","protected":false},"featured_media":58055,"comment_status":"open","ping_status":"closed","template":"","meta":[],"product_brand":[],"product_cat":[125,21],"product_tag":[23,525,524],"class_list":{"0":"post-58049","1":"product","2":"type-product","3":"status-publish","4":"has-post-thumbnail","6":"product_cat-fotografia","7":"product_cat-video","8":"product_tag-bateria","9":"product_tag-sony","10":"product_tag-sony-np-fz100","11":"product_shipping_class-normal","13":"first","14":"instock","15":"featured","16":"purchasable","17":"product-type-simple"},"yoast_head":"<!-- This site is optimized with the Yoast SEO plugin v27.4 - https:\/\/yoast.com\/product\/yoast-seo-wordpress\/ -->\n<title>Bateria Sony Np-fz100 P Sony A7iii A9 A9r Zv-e1 Fx3 -Pronta Entrega - Rapidetech<\/title>\n<meta name=\"description\" content=\"&quot;Potencialize seu equipamento fotogr\u00e1fico com a Bateria Sony Np-fz100 Com uma capacidade de 2280mAh e uma tens\u00e3o de sa\u00edda de 7,2V, esta bateria \u00e9 uma escolha confi\u00e1vel para alimentar suas aventuras fotogr\u00e1ficas. Este pacote inclui a bateria Np-fz100, uma caixa de prote\u00e7\u00e3o e um manual em ingl\u00eas. A melhor parte Ela \u00e9 compat\u00edvel com uma ampla gama de c\u00e2meras, incluindo a . Sony Alpha s\u00e9rie A7:\u00a0A7 III, A7 IV, A7C, A7R III, A7R IV, A7R V, A7S III.Sony Alpha s\u00e9rie A9:\u00a0A9, A9 II.Sony Alpha s\u00e9rie A6000:\u00a0A6600, A6700.Sony Cinema:\u00a0FX3, FX30, ZV-E1.Outros:\u00a0C\u00e2meras que usam o grip VG-C3EM ou VG-C4EM.\u00a0N\u00e3o importa qual seja o seu equipamento, a bateria est\u00e1ra pronta para atender \u00e0s suas necessidades de energia, mantendo suas fotos fluindo sem interrup\u00e7\u00f5es.&quot;\" \/>\n<meta name=\"robots\" content=\"index, follow, max-snippet:-1, max-image-preview:large, max-video-preview:-1\" \/>\n<link rel=\"canonical\" href=\"https:\/\/rapidetech.com.br\/en\/product\/bateria-sony-np-fz100-original\/\" \/>\n<meta property=\"og:locale\" content=\"en_US\" \/>\n<meta property=\"og:type\" content=\"article\" \/>\n<meta property=\"og:title\" content=\"Bateria Sony Np-fz100 P Sony A7iii A9 A9r Zv-e1 Fx3 -Pronta Entrega - Rapidetech\" \/>\n<meta property=\"og:description\" content=\"&quot;Potencialize seu equipamento fotogr\u00e1fico com a Bateria Sony Np-fz100 Com uma capacidade de 2280mAh e uma tens\u00e3o de sa\u00edda de 7,2V, esta bateria \u00e9 uma escolha confi\u00e1vel para alimentar suas aventuras fotogr\u00e1ficas. Este pacote inclui a bateria Np-fz100, uma caixa de prote\u00e7\u00e3o e um manual em ingl\u00eas. A melhor parte Ela \u00e9 compat\u00edvel com uma ampla gama de c\u00e2meras, incluindo a . Sony Alpha s\u00e9rie A7:\u00a0A7 III, A7 IV, A7C, A7R III, A7R IV, A7R V, A7S III.Sony Alpha s\u00e9rie A9:\u00a0A9, A9 II.Sony Alpha s\u00e9rie A6000:\u00a0A6600, A6700.Sony Cinema:\u00a0FX3, FX30, ZV-E1.Outros:\u00a0C\u00e2meras que usam o grip VG-C3EM ou VG-C4EM.\u00a0N\u00e3o importa qual seja o seu equipamento, a bateria est\u00e1ra pronta para atender \u00e0s suas necessidades de energia, mantendo suas fotos fluindo sem interrup\u00e7\u00f5es.&quot;\" \/>\n<meta property=\"og:url\" content=\"https:\/\/rapidetech.com.br\/en\/product\/bateria-sony-np-fz100-original\/\" \/>\n<meta property=\"og:site_name\" content=\"Rapidetech\" \/>\n<meta property=\"article:modified_time\" content=\"2026-04-23T22:05:15+00:00\" \/>\n<meta property=\"og:image\" content=\"https:\/\/rapidetech.com.br\/wp-content\/uploads\/2025\/12\/D_NQ_NP_2X_899133-MLB90933831061_082025-F-bateria-np-fz100-fz100-para-sony-a7iii-a9-a9r-zv-e1-fx3-1-Copia.webp\" \/>\n\t<meta property=\"og:image:width\" content=\"1198\" \/>\n\t<meta property=\"og:image:height\" content=\"1197\" \/>\n\t<meta property=\"og:image:type\" content=\"image\/webp\" \/>\n<meta name=\"twitter:card\" content=\"summary_large_image\" \/>\n<meta name=\"twitter:label1\" content=\"Est. reading time\" \/>\n\t<meta name=\"twitter:data1\" content=\"1 minute\" \/>\n<script type=\"application\/ld+json\" class=\"yoast-schema-graph\">{\"@context\":\"https:\\\/\\\/schema.org\",\"@graph\":[{\"@type\":\"WebPage\",\"@id\":\"https:\\\/\\\/rapidetech.com.br\\\/produto\\\/bateria-sony-np-fz100-original\\\/\",\"url\":\"https:\\\/\\\/rapidetech.com.br\\\/produto\\\/bateria-sony-np-fz100-original\\\/\",\"name\":\"Bateria Sony Np-fz100 P Sony A7iii A9 A9r Zv-e1 Fx3 -Pronta Entrega - Rapidetech\",\"isPartOf\":{\"@id\":\"https:\\\/\\\/rapidetech.com.br\\\/#website\"},\"primaryImageOfPage\":{\"@id\":\"https:\\\/\\\/rapidetech.com.br\\\/produto\\\/bateria-sony-np-fz100-original\\\/#primaryimage\"},\"image\":{\"@id\":\"https:\\\/\\\/rapidetech.com.br\\\/produto\\\/bateria-sony-np-fz100-original\\\/#primaryimage\"},\"thumbnailUrl\":\"https:\\\/\\\/rapidetech.com.br\\\/wp-content\\\/uploads\\\/2025\\\/12\\\/D_NQ_NP_2X_899133-MLB90933831061_082025-F-bateria-np-fz100-fz100-para-sony-a7iii-a9-a9r-zv-e1-fx3-1-Copia.webp\",\"datePublished\":\"2025-12-14T14:12:26+00:00\",\"dateModified\":\"2026-04-23T22:05:15+00:00\",\"description\":\"\\\"Potencialize seu equipamento fotogr\u00e1fico com a Bateria Sony Np-fz100 Com uma capacidade de 2280mAh e uma tens\u00e3o de sa\u00edda de 7,2V, esta bateria \u00e9 uma escolha confi\u00e1vel para alimentar suas aventuras fotogr\u00e1ficas. Este pacote inclui a bateria Np-fz100, uma caixa de prote\u00e7\u00e3o e um manual em ingl\u00eas. A melhor parte Ela \u00e9 compat\u00edvel com uma ampla gama de c\u00e2meras, incluindo a . Sony Alpha s\u00e9rie A7:\u00a0A7 III, A7 IV, A7C, A7R III, A7R IV, A7R V, A7S III.Sony Alpha s\u00e9rie A9:\u00a0A9, A9 II.Sony Alpha s\u00e9rie A6000:\u00a0A6600, A6700.Sony Cinema:\u00a0FX3, FX30, ZV-E1.Outros:\u00a0C\u00e2meras que usam o grip VG-C3EM ou VG-C4EM.\u00a0N\u00e3o importa qual seja o seu equipamento, a bateria est\u00e1ra pronta para atender \u00e0s suas necessidades de energia, mantendo suas fotos fluindo sem interrup\u00e7\u00f5es.\\\"\",\"breadcrumb\":{\"@id\":\"https:\\\/\\\/rapidetech.com.br\\\/produto\\\/bateria-sony-np-fz100-original\\\/#breadcrumb\"},\"inLanguage\":\"en-US\",\"potentialAction\":[{\"@type\":\"ReadAction\",\"target\":[\"https:\\\/\\\/rapidetech.com.br\\\/produto\\\/bateria-sony-np-fz100-original\\\/\"]}]},{\"@type\":\"ImageObject\",\"inLanguage\":\"en-US\",\"@id\":\"https:\\\/\\\/rapidetech.com.br\\\/produto\\\/bateria-sony-np-fz100-original\\\/#primaryimage\",\"url\":\"https:\\\/\\\/rapidetech.com.br\\\/wp-content\\\/uploads\\\/2025\\\/12\\\/D_NQ_NP_2X_899133-MLB90933831061_082025-F-bateria-np-fz100-fz100-para-sony-a7iii-a9-a9r-zv-e1-fx3-1-Copia.webp\",\"contentUrl\":\"https:\\\/\\\/rapidetech.com.br\\\/wp-content\\\/uploads\\\/2025\\\/12\\\/D_NQ_NP_2X_899133-MLB90933831061_082025-F-bateria-np-fz100-fz100-para-sony-a7iii-a9-a9r-zv-e1-fx3-1-Copia.webp\",\"width\":1198,\"height\":1197},{\"@type\":\"BreadcrumbList\",\"@id\":\"https:\\\/\\\/rapidetech.com.br\\\/produto\\\/bateria-sony-np-fz100-original\\\/#breadcrumb\",\"itemListElement\":[{\"@type\":\"ListItem\",\"position\":1,\"name\":\"In\u00edcio\",\"item\":\"https:\\\/\\\/rapidetech.com.br\\\/\"},{\"@type\":\"ListItem\",\"position\":2,\"name\":\"Produtos\",\"item\":\"https:\\\/\\\/rapidetech.com.br\\\/produtos\\\/\"},{\"@type\":\"ListItem\",\"position\":3,\"name\":\"Bateria Sony Np-fz100 P Sony A7iii A9 A9r Zv-e1 Fx3 -Pronta Entrega\"}]},{\"@type\":\"WebSite\",\"@id\":\"https:\\\/\\\/rapidetech.com.br\\\/#website\",\"url\":\"https:\\\/\\\/rapidetech.com.br\\\/\",\"name\":\"Rapidetech\",\"description\":\"Audio e video\",\"publisher\":{\"@id\":\"https:\\\/\\\/rapidetech.com.br\\\/#organization\"},\"potentialAction\":[{\"@type\":\"SearchAction\",\"target\":{\"@type\":\"EntryPoint\",\"urlTemplate\":\"https:\\\/\\\/rapidetech.com.br\\\/?s={search_term_string}\"},\"query-input\":{\"@type\":\"PropertyValueSpecification\",\"valueRequired\":true,\"valueName\":\"search_term_string\"}}],\"inLanguage\":\"en-US\"},{\"@type\":\"Organization\",\"@id\":\"https:\\\/\\\/rapidetech.com.br\\\/#organization\",\"name\":\"Rapidetech\",\"url\":\"https:\\\/\\\/rapidetech.com.br\\\/\",\"logo\":{\"@type\":\"ImageObject\",\"inLanguage\":\"en-US\",\"@id\":\"https:\\\/\\\/rapidetech.com.br\\\/#\\\/schema\\\/logo\\\/image\\\/\",\"url\":\"https:\\\/\\\/rapidetech.com.br\\\/wp-content\\\/uploads\\\/2022\\\/08\\\/RAPIDETECH-AUDIO-E-VIDEO.jpg\",\"contentUrl\":\"https:\\\/\\\/rapidetech.com.br\\\/wp-content\\\/uploads\\\/2022\\\/08\\\/RAPIDETECH-AUDIO-E-VIDEO.jpg\",\"width\":236,\"height\":213,\"caption\":\"Rapidetech\"},\"image\":{\"@id\":\"https:\\\/\\\/rapidetech.com.br\\\/#\\\/schema\\\/logo\\\/image\\\/\"},\"sameAs\":[\"https:\\\/\\\/rapidetech.com.br\\\/\",\"https:\\\/\\\/www.youtube.com\\\/channel\\\/UCQWlsTr9MvbqwWAekYtMNLQ\"]}]}<\/script>\n<!-- \/ Yoast SEO plugin. -->","yoast_head_json":{"title":"Bateria Sony Np-fz100 P Sony A7iii A9 A9r Zv-e1 Fx3 -Pronta Entrega - Rapidetech","description":"\"Potencialize seu equipamento fotogr\\u00e1fico com a Bateria Sony Np-fz100 Com uma capacidade de 2280mAh e uma tens\\u00e3o de sa\\u00edda de 7,2V, esta bateria \\u00e9 uma escolha confi\\u00e1vel para alimentar suas aventuras fotogr\\u00e1ficas. Este pacote inclui a bateria Np-fz100, uma caixa de prote\\u00e7\\u00e3o e um manual em ingl\\u00eas. A melhor parte Ela \\u00e9 compat\\u00edvel com uma ampla gama de c\\u00e2meras, incluindo a . Sony Alpha s\\u00e9rie A7:\\u00a0A7 III, A7 IV, A7C, A7R III, A7R IV, A7R V, A7S III.Sony Alpha s\\u00e9rie A9:\\u00a0A9, A9 II.Sony Alpha s\\u00e9rie A6000:\\u00a0A6600, A6700.Sony Cinema:\\u00a0FX3, FX30, ZV-E1.Outros:\\u00a0C\\u00e2meras que usam o grip VG-C3EM ou VG-C4EM.\\u00a0N\\u00e3o importa qual seja o seu equipamento, a bateria est\\u00e1ra pronta para atender \\u00e0s suas necessidades de energia, mantendo suas fotos fluindo sem interrup\\u00e7\\u00f5es.\"","robots":{"index":"index","follow":"follow","max-snippet":"max-snippet:-1","max-image-preview":"max-image-preview:large","max-video-preview":"max-video-preview:-1"},"canonical":"https:\/\/rapidetech.com.br\/en\/product\/bateria-sony-np-fz100-original\/","og_locale":"en_US","og_type":"article","og_title":"Bateria Sony Np-fz100 P Sony A7iii A9 A9r Zv-e1 Fx3 -Pronta Entrega - Rapidetech","og_description":"\"Potencialize seu equipamento fotogr\u00e1fico com a Bateria Sony Np-fz100 Com uma capacidade de 2280mAh e uma tens\u00e3o de sa\u00edda de 7,2V, esta bateria \u00e9 uma escolha confi\u00e1vel para alimentar suas aventuras fotogr\u00e1ficas. Este pacote inclui a bateria Np-fz100, uma caixa de prote\u00e7\u00e3o e um manual em ingl\u00eas. A melhor parte Ela \u00e9 compat\u00edvel com uma ampla gama de c\u00e2meras, incluindo a . Sony Alpha s\u00e9rie A7:\u00a0A7 III, A7 IV, A7C, A7R III, A7R IV, A7R V, A7S III.Sony Alpha s\u00e9rie A9:\u00a0A9, A9 II.Sony Alpha s\u00e9rie A6000:\u00a0A6600, A6700.Sony Cinema:\u00a0FX3, FX30, ZV-E1.Outros:\u00a0C\u00e2meras que usam o grip VG-C3EM ou VG-C4EM.\u00a0N\u00e3o importa qual seja o seu equipamento, a bateria est\u00e1ra pronta para atender \u00e0s suas necessidades de energia, mantendo suas fotos fluindo sem interrup\u00e7\u00f5es.\"","og_url":"https:\/\/rapidetech.com.br\/en\/product\/bateria-sony-np-fz100-original\/","og_site_name":"Rapidetech","article_modified_time":"2026-04-23T22:05:15+00:00","og_image":[{"width":1198,"height":1197,"url":"https:\/\/rapidetech.com.br\/wp-content\/uploads\/2025\/12\/D_NQ_NP_2X_899133-MLB90933831061_082025-F-bateria-np-fz100-fz100-para-sony-a7iii-a9-a9r-zv-e1-fx3-1-Copia.webp","type":"image\/webp"}],"twitter_card":"summary_large_image","twitter_misc":{"Est. reading time":"1 minute"},"schema":{"@context":"https:\/\/schema.org","@graph":[{"@type":"WebPage","@id":"https:\/\/rapidetech.com.br\/produto\/bateria-sony-np-fz100-original\/","url":"https:\/\/rapidetech.com.br\/produto\/bateria-sony-np-fz100-original\/","name":"Bateria Sony Np-fz100 P Sony A7iii A9 A9r Zv-e1 Fx3 -Pronta Entrega - Rapidetech","isPartOf":{"@id":"https:\/\/rapidetech.com.br\/#website"},"primaryImageOfPage":{"@id":"https:\/\/rapidetech.com.br\/produto\/bateria-sony-np-fz100-original\/#primaryimage"},"image":{"@id":"https:\/\/rapidetech.com.br\/produto\/bateria-sony-np-fz100-original\/#primaryimage"},"thumbnailUrl":"https:\/\/rapidetech.com.br\/wp-content\/uploads\/2025\/12\/D_NQ_NP_2X_899133-MLB90933831061_082025-F-bateria-np-fz100-fz100-para-sony-a7iii-a9-a9r-zv-e1-fx3-1-Copia.webp","datePublished":"2025-12-14T14:12:26+00:00","dateModified":"2026-04-23T22:05:15+00:00","description":"\"Potencialize seu equipamento fotogr\\u00e1fico com a Bateria Sony Np-fz100 Com uma capacidade de 2280mAh e uma tens\\u00e3o de sa\\u00edda de 7,2V, esta bateria \\u00e9 uma escolha confi\\u00e1vel para alimentar suas aventuras fotogr\\u00e1ficas. Este pacote inclui a bateria Np-fz100, uma caixa de prote\\u00e7\\u00e3o e um manual em ingl\\u00eas. A melhor parte Ela \\u00e9 compat\\u00edvel com uma ampla gama de c\\u00e2meras, incluindo a . Sony Alpha s\\u00e9rie A7:\\u00a0A7 III, A7 IV, A7C, A7R III, A7R IV, A7R V, A7S III.Sony Alpha s\\u00e9rie A9:\\u00a0A9, A9 II.Sony Alpha s\\u00e9rie A6000:\\u00a0A6600, A6700.Sony Cinema:\\u00a0FX3, FX30, ZV-E1.Outros:\\u00a0C\\u00e2meras que usam o grip VG-C3EM ou VG-C4EM.\\u00a0N\\u00e3o importa qual seja o seu equipamento, a bateria est\\u00e1ra pronta para atender \\u00e0s suas necessidades de energia, mantendo suas fotos fluindo sem interrup\\u00e7\\u00f5es.\"","breadcrumb":{"@id":"https:\/\/rapidetech.com.br\/produto\/bateria-sony-np-fz100-original\/#breadcrumb"},"inLanguage":"en-US","potentialAction":[{"@type":"ReadAction","target":["https:\/\/rapidetech.com.br\/produto\/bateria-sony-np-fz100-original\/"]}]},{"@type":"ImageObject","inLanguage":"en-US","@id":"https:\/\/rapidetech.com.br\/produto\/bateria-sony-np-fz100-original\/#primaryimage","url":"https:\/\/rapidetech.com.br\/wp-content\/uploads\/2025\/12\/D_NQ_NP_2X_899133-MLB90933831061_082025-F-bateria-np-fz100-fz100-para-sony-a7iii-a9-a9r-zv-e1-fx3-1-Copia.webp","contentUrl":"https:\/\/rapidetech.com.br\/wp-content\/uploads\/2025\/12\/D_NQ_NP_2X_899133-MLB90933831061_082025-F-bateria-np-fz100-fz100-para-sony-a7iii-a9-a9r-zv-e1-fx3-1-Copia.webp","width":1198,"height":1197},{"@type":"BreadcrumbList","@id":"https:\/\/rapidetech.com.br\/produto\/bateria-sony-np-fz100-original\/#breadcrumb","itemListElement":[{"@type":"ListItem","position":1,"name":"In\u00edcio","item":"https:\/\/rapidetech.com.br\/"},{"@type":"ListItem","position":2,"name":"Produtos","item":"https:\/\/rapidetech.com.br\/produtos\/"},{"@type":"ListItem","position":3,"name":"Bateria Sony Np-fz100 P Sony A7iii A9 A9r Zv-e1 Fx3 -Pronta Entrega"}]},{"@type":"WebSite","@id":"https:\/\/rapidetech.com.br\/#website","url":"https:\/\/rapidetech.com.br\/","name":"Rapidetech","description":"Audio e video","publisher":{"@id":"https:\/\/rapidetech.com.br\/#organization"},"potentialAction":[{"@type":"SearchAction","target":{"@type":"EntryPoint","urlTemplate":"https:\/\/rapidetech.com.br\/?s={search_term_string}"},"query-input":{"@type":"PropertyValueSpecification","valueRequired":true,"valueName":"search_term_string"}}],"inLanguage":"en-US"},{"@type":"Organization","@id":"https:\/\/rapidetech.com.br\/#organization","name":"Rapidetech","url":"https:\/\/rapidetech.com.br\/","logo":{"@type":"ImageObject","inLanguage":"en-US","@id":"https:\/\/rapidetech.com.br\/#\/schema\/logo\/image\/","url":"https:\/\/rapidetech.com.br\/wp-content\/uploads\/2022\/08\/RAPIDETECH-AUDIO-E-VIDEO.jpg","contentUrl":"https:\/\/rapidetech.com.br\/wp-content\/uploads\/2022\/08\/RAPIDETECH-AUDIO-E-VIDEO.jpg","width":236,"height":213,"caption":"Rapidetech"},"image":{"@id":"https:\/\/rapidetech.com.br\/#\/schema\/logo\/image\/"},"sameAs":["https:\/\/rapidetech.com.br\/","https:\/\/www.youtube.com\/channel\/UCQWlsTr9MvbqwWAekYtMNLQ"]}]}},"_links":{"self":[{"href":"https:\/\/rapidetech.com.br\/en\/wp-json\/wp\/v2\/product\/58049","targetHints":{"allow":["GET"]}}],"collection":[{"href":"https:\/\/rapidetech.com.br\/en\/wp-json\/wp\/v2\/product"}],"about":[{"href":"https:\/\/rapidetech.com.br\/en\/wp-json\/wp\/v2\/types\/product"}],"replies":[{"embeddable":true,"href":"https:\/\/rapidetech.com.br\/en\/wp-json\/wp\/v2\/comments?post=58049"}],"version-history":[{"count":1,"href":"https:\/\/rapidetech.com.br\/en\/wp-json\/wp\/v2\/product\/58049\/revisions"}],"predecessor-version":[{"id":58493,"href":"https:\/\/rapidetech.com.br\/en\/wp-json\/wp\/v2\/product\/58049\/revisions\/58493"}],"wp:featuredmedia":[{"embeddable":true,"href":"https:\/\/rapidetech.com.br\/en\/wp-json\/wp\/v2\/media\/58055"}],"wp:attachment":[{"href":"https:\/\/rapidetech.com.br\/en\/wp-json\/wp\/v2\/media?parent=58049"}],"wp:term":[{"taxonomy":"product_brand","embeddable":true,"href":"https:\/\/rapidetech.com.br\/en\/wp-json\/wp\/v2\/product_brand?post=58049"},{"taxonomy":"product_cat","embeddable":true,"href":"https:\/\/rapidetech.com.br\/en\/wp-json\/wp\/v2\/product_cat?post=58049"},{"taxonomy":"product_tag","embeddable":true,"href":"https:\/\/rapidetech.com.br\/en\/wp-json\/wp\/v2\/product_tag?post=58049"}],"curies":[{"name":"wp","href":"https:\/\/api.w.org\/{rel}","templated":true}]}}