{"id":58531,"date":"2026-05-13T07:01:51","date_gmt":"2026-05-13T10:01:51","guid":{"rendered":"https:\/\/rapidetech.com.br\/?post_type=product&#038;p=58531"},"modified":"2026-05-13T08:02:31","modified_gmt":"2026-05-13T11:02:31","slug":"bateria-canon-lp-e6-p-r5-r6-5d-mark-iv-iii-ii90-d-80d-70d-60d-7d-6d-6d-mark-ii-original-copia","status":"publish","type":"product","link":"https:\/\/rapidetech.com.br\/en\/product\/bateria-canon-lp-e6-p-r5-r6-5d-mark-iv-iii-ii90-d-80d-70d-60d-7d-6d-6d-mark-ii-original-copia\/","title":{"rendered":"Bateria Canon LP-E6-P    R5 ,R6, 5D MARK IV\/III\/II,90 D, 80D, 70D, 60D, 7D , 6D\/ 6D MARK II (original )"},"content":{"rendered":"<h1><b>Bateria Canon\u00a0 LP-E6- P\u00a0 -(original)-<\/b><\/h1>\n<h3><em><b>\u00a0 Descri\u00e7\u00e3o da <\/b><b>Bateria LP-E6- P\u00a0<\/b><\/em><\/h3>\n<ul>\n<li style=\"font-weight: 400;\"><span style=\"font-weight: 400;\">Bateria Canon LP-E6- P\u00a0<\/span><span style=\"font-weight: 400;\"> (h\u00e1 diferentes layouts a partir de 2024 dependendo do pais de origem )<\/span><\/li>\n<li style=\"font-weight: 400;\"><span style=\"font-weight: 400;\">Recarreg\u00e1vel 7.2V<\/span><\/li>\n<li style=\"font-weight: 400;\"><span style=\"font-weight: 400;\">Capacidade da bateria: 2130 mAh a 2750 mah(Depende do pais de fabrica\u00e7\u00e3o de origem)<\/span><\/li>\n<li style=\"font-weight: 400;\"><span style=\"font-weight: 400;\">\u00a0Tens\u00e3o de sa\u00edda: 7,2 V<\/span><\/li>\n<\/ul>\n<p><span style=\"font-weight: 400;\">\u00a0<\/span><\/p>\n<p><em><span style=\"font-weight: 400;\"><strong>Conte\u00fado da embalagem<\/strong>:<\/span><\/em><\/p>\n<ul>\n<li style=\"font-weight: 400;\"><span style=\"font-weight: 400;\">01 Bateria Canon LP-E6- P <\/span><span style=\"font-weight: 400;\">\u00a0<\/span><\/li>\n<li style=\"font-weight: 400;\"><span style=\"font-weight: 400;\">\u00a001 Caixa lacrada<\/span><\/li>\n<li style=\"font-weight: 400;\"><span style=\"font-weight: 400;\">\u00a001 Manual em ingl\u00eas<\/span><\/li>\n<li>Dimens\u00f5es aprox.: (L x A x P)<br \/>\n38.4 x 21 x 56.8 mm<br \/>\nPeso estimado: entre 90g e 110g<\/li>\n<\/ul>\n<h3><\/h3>\n<p>&nbsp;<\/p>\n<h3>Bateria<b> Canon LP-E6- P \u00e9 compat\u00edvel com:\u00a0<\/b><\/h3>\n<ul>\n<li>R7<\/li>\n<li>R5<\/li>\n<li style=\"font-weight: 400;\"><span style=\"font-weight: 400;\">R6<\/span><\/li>\n<li style=\"font-weight: 400;\"><span style=\"font-weight: 400;\">5D MARK IV \/ III \/ II<\/span><\/li>\n<li style=\"font-weight: 400;\"><span style=\"font-weight: 400;\">90 D<\/span><\/li>\n<li style=\"font-weight: 400;\"><span style=\"font-weight: 400;\">80 D<\/span><\/li>\n<li style=\"font-weight: 400;\"><span style=\"font-weight: 400;\">70 D<\/span><\/li>\n<li style=\"font-weight: 400;\"><span style=\"font-weight: 400;\">60 D<\/span><\/li>\n<li style=\"font-weight: 400;\"><span style=\"font-weight: 400;\">7 D<\/span><\/li>\n<li style=\"font-weight: 400;\"><span style=\"font-weight: 400;\">6D\/6D MARK II<\/span><\/li>\n<li style=\"font-weight: 400;\"><span style=\"font-weight: 400;\">Ou seja compat\u00edvel com todas as c\u00e2meras Canon que usam ainda a bateria LP-E6 tambem ! .<\/span><\/li>\n<\/ul>\n<p>&nbsp;<\/p>\n<p>O.b.s\u00a0 <em>Promo\u00e7\u00e3o tempor\u00e1ria direto fornecedor Canon , poucas unidades\u00a0 !\u00a0 Aproveite\u00a0 !<\/em><\/p>\n<h3><em><b>\u00a0<\/b><\/em><\/h3>","protected":false},"excerpt":{"rendered":"<h3><b>Bateria LP-E6- P\u00a0<\/b><\/h3>\n<ul>\n<li style=\"font-weight: 400;\"><span style=\"font-weight: 400;\">Bateria original Canon <\/span><span style=\"font-weight: 400;\">\u00a0<\/span><\/li>\n<li style=\"font-weight: 400;\"><span style=\"font-weight: 400;\">Recarreg\u00e1vel: 7.2V<\/span><\/li>\n<li style=\"font-weight: 400;\"><span style=\"font-weight: 400;\">\u00a02130 mAh<\/span><\/li>\n<li><span style=\"font-weight: 400;\">Capacidade da bateria: 2130 mAh<\/span><\/li>\n<li style=\"font-weight: 400;\">Dimens\u00f5es aprox.: (L x A x P)<br \/>\n38.4 x 21 x 56.8 mm<br \/>\nPeso aprox.: 90g<\/li>\n<\/ul>\n<p><strong>Conte\u00fado da embalagem:<\/strong><\/p>\n<ul>\n<li style=\"font-weight: 400;\"><span style=\"font-weight: 400;\">01 Bateria original Canon LP- E 6- P<\/span><\/li>\n<li style=\"font-weight: 400;\"><span style=\"font-weight: 400;\">\u00a001 Caixa<\/span><\/li>\n<\/ul>\n<p><span style=\"font-weight: 400;\">\u00a0<\/span><\/p>","protected":false},"featured_media":58532,"comment_status":"open","ping_status":"closed","template":"","meta":[],"product_brand":[],"product_cat":[125,21],"product_tag":[23,357,513,528,358],"class_list":{"0":"post-58531","1":"product","2":"type-product","3":"status-publish","4":"has-post-thumbnail","6":"product_cat-fotografia","7":"product_cat-video","8":"product_tag-bateria","9":"product_tag-canon","10":"product_tag-canon-lp-e6nh","11":"product_tag-lp-e6-p","12":"product_tag-lp-e6nh","13":"product_shipping_class-normal","15":"first","16":"outofstock","17":"featured","18":"purchasable","19":"product-type-simple"},"yoast_head":"<!-- This site is optimized with the Yoast SEO plugin v27.6 - https:\/\/yoast.com\/product\/yoast-seo-wordpress\/ -->\n<title>Bateria Canon LP-E6-P  R5 ,R6, 5D MARK IV\/III\/II,90 D, 80D, 70D, 60D, 7D , 6D\/ 6D MARK II (original ) - Rapidetech<\/title>\n<meta name=\"description\" content=\"&quot;Potencialize seu equipamento fotogr\u00e1fico com a Bateria Canon LP-E6- P . Com uma capacidade de 2130mAh e uma tens\u00e3o de sa\u00edda de 7,2V, esta bateria \u00e9 uma escolha confi\u00e1vel para alimentar suas aventuras fotogr\u00e1ficas. Este pacote inclui a bateria LP-E6 -P , uma caixa de prote\u00e7\u00e3o e um manual em ingl\u00eas. A melhor parte ? Ela \u00e9 compat\u00edvel com uma ampla gama de c\u00e2meras, incluindo a R5, R6, 5D Mark IV\/III\/II, 90D, 80D, 70D, 60D, 7D, 6D, e 6D Mark II. N\u00e3o importa qual seja o seu equipamento, a LP-E6-P est\u00e1 pronta para atender \u00e0s suas necessidades de energia, mantendo suas fotos fluindo sem interrup\u00e7\u00f5es.&quot;\" \/>\n<meta name=\"robots\" content=\"index, follow, max-snippet:-1, max-image-preview:large, max-video-preview:-1\" \/>\n<link rel=\"canonical\" href=\"https:\/\/rapidetech.com.br\/en\/product\/bateria-canon-lp-e6-p-r5-r6-5d-mark-iv-iii-ii90-d-80d-70d-60d-7d-6d-6d-mark-ii-original-copia\/\" \/>\n<meta property=\"og:locale\" content=\"en_US\" \/>\n<meta property=\"og:type\" content=\"article\" \/>\n<meta property=\"og:title\" content=\"Bateria Canon LP-E6-P  R5 ,R6, 5D MARK IV\/III\/II,90 D, 80D, 70D, 60D, 7D , 6D\/ 6D MARK II (original ) - Rapidetech\" \/>\n<meta property=\"og:description\" content=\"&quot;Potencialize seu equipamento fotogr\u00e1fico com a Bateria Canon LP-E6- P . Com uma capacidade de 2130mAh e uma tens\u00e3o de sa\u00edda de 7,2V, esta bateria \u00e9 uma escolha confi\u00e1vel para alimentar suas aventuras fotogr\u00e1ficas. Este pacote inclui a bateria LP-E6 -P , uma caixa de prote\u00e7\u00e3o e um manual em ingl\u00eas. A melhor parte ? Ela \u00e9 compat\u00edvel com uma ampla gama de c\u00e2meras, incluindo a R5, R6, 5D Mark IV\/III\/II, 90D, 80D, 70D, 60D, 7D, 6D, e 6D Mark II. N\u00e3o importa qual seja o seu equipamento, a LP-E6-P est\u00e1 pronta para atender \u00e0s suas necessidades de energia, mantendo suas fotos fluindo sem interrup\u00e7\u00f5es.&quot;\" \/>\n<meta property=\"og:url\" content=\"https:\/\/rapidetech.com.br\/en\/product\/bateria-canon-lp-e6-p-r5-r6-5d-mark-iv-iii-ii90-d-80d-70d-60d-7d-6d-6d-mark-ii-original-copia\/\" \/>\n<meta property=\"og:site_name\" content=\"Rapidetech\" \/>\n<meta property=\"article:modified_time\" content=\"2026-05-13T11:02:31+00:00\" \/>\n<meta property=\"og:image\" content=\"https:\/\/rapidetech.com.br\/wp-content\/uploads\/2026\/05\/Bateria-Canon-Lp-e6p_1770930467.webp\" \/>\n\t<meta property=\"og:image:width\" content=\"1000\" \/>\n\t<meta property=\"og:image:height\" content=\"985\" \/>\n\t<meta property=\"og:image:type\" content=\"image\/webp\" \/>\n<meta name=\"twitter:card\" content=\"summary_large_image\" \/>\n<meta name=\"twitter:label1\" content=\"Est. reading time\" \/>\n\t<meta name=\"twitter:data1\" content=\"1 minute\" \/>\n<script type=\"application\/ld+json\" class=\"yoast-schema-graph\">{\"@context\":\"https:\\\/\\\/schema.org\",\"@graph\":[{\"@type\":\"WebPage\",\"@id\":\"https:\\\/\\\/rapidetech.com.br\\\/produto\\\/bateria-canon-lp-e6-p-r5-r6-5d-mark-iv-iii-ii90-d-80d-70d-60d-7d-6d-6d-mark-ii-original-copia\\\/\",\"url\":\"https:\\\/\\\/rapidetech.com.br\\\/produto\\\/bateria-canon-lp-e6-p-r5-r6-5d-mark-iv-iii-ii90-d-80d-70d-60d-7d-6d-6d-mark-ii-original-copia\\\/\",\"name\":\"Bateria Canon LP-E6-P R5 ,R6, 5D MARK IV\\\/III\\\/II,90 D, 80D, 70D, 60D, 7D , 6D\\\/ 6D MARK II (original ) - Rapidetech\",\"isPartOf\":{\"@id\":\"https:\\\/\\\/rapidetech.com.br\\\/#website\"},\"primaryImageOfPage\":{\"@id\":\"https:\\\/\\\/rapidetech.com.br\\\/produto\\\/bateria-canon-lp-e6-p-r5-r6-5d-mark-iv-iii-ii90-d-80d-70d-60d-7d-6d-6d-mark-ii-original-copia\\\/#primaryimage\"},\"image\":{\"@id\":\"https:\\\/\\\/rapidetech.com.br\\\/produto\\\/bateria-canon-lp-e6-p-r5-r6-5d-mark-iv-iii-ii90-d-80d-70d-60d-7d-6d-6d-mark-ii-original-copia\\\/#primaryimage\"},\"thumbnailUrl\":\"https:\\\/\\\/rapidetech.com.br\\\/wp-content\\\/uploads\\\/2026\\\/05\\\/Bateria-Canon-Lp-e6p_1770930467.webp\",\"datePublished\":\"2026-05-13T10:01:51+00:00\",\"dateModified\":\"2026-05-13T11:02:31+00:00\",\"description\":\"\\\"Potencialize seu equipamento fotogr\u00e1fico com a Bateria Canon LP-E6- P . Com uma capacidade de 2130mAh e uma tens\u00e3o de sa\u00edda de 7,2V, esta bateria \u00e9 uma escolha confi\u00e1vel para alimentar suas aventuras fotogr\u00e1ficas. Este pacote inclui a bateria LP-E6 -P , uma caixa de prote\u00e7\u00e3o e um manual em ingl\u00eas. A melhor parte ? Ela \u00e9 compat\u00edvel com uma ampla gama de c\u00e2meras, incluindo a R5, R6, 5D Mark IV\\\/III\\\/II, 90D, 80D, 70D, 60D, 7D, 6D, e 6D Mark II. N\u00e3o importa qual seja o seu equipamento, a LP-E6-P est\u00e1 pronta para atender \u00e0s suas necessidades de energia, mantendo suas fotos fluindo sem interrup\u00e7\u00f5es.\\\"\",\"breadcrumb\":{\"@id\":\"https:\\\/\\\/rapidetech.com.br\\\/produto\\\/bateria-canon-lp-e6-p-r5-r6-5d-mark-iv-iii-ii90-d-80d-70d-60d-7d-6d-6d-mark-ii-original-copia\\\/#breadcrumb\"},\"inLanguage\":\"en-US\",\"potentialAction\":[{\"@type\":\"ReadAction\",\"target\":[\"https:\\\/\\\/rapidetech.com.br\\\/produto\\\/bateria-canon-lp-e6-p-r5-r6-5d-mark-iv-iii-ii90-d-80d-70d-60d-7d-6d-6d-mark-ii-original-copia\\\/\"]}]},{\"@type\":\"ImageObject\",\"inLanguage\":\"en-US\",\"@id\":\"https:\\\/\\\/rapidetech.com.br\\\/produto\\\/bateria-canon-lp-e6-p-r5-r6-5d-mark-iv-iii-ii90-d-80d-70d-60d-7d-6d-6d-mark-ii-original-copia\\\/#primaryimage\",\"url\":\"https:\\\/\\\/rapidetech.com.br\\\/wp-content\\\/uploads\\\/2026\\\/05\\\/Bateria-Canon-Lp-e6p_1770930467.webp\",\"contentUrl\":\"https:\\\/\\\/rapidetech.com.br\\\/wp-content\\\/uploads\\\/2026\\\/05\\\/Bateria-Canon-Lp-e6p_1770930467.webp\",\"width\":1000,\"height\":985},{\"@type\":\"BreadcrumbList\",\"@id\":\"https:\\\/\\\/rapidetech.com.br\\\/produto\\\/bateria-canon-lp-e6-p-r5-r6-5d-mark-iv-iii-ii90-d-80d-70d-60d-7d-6d-6d-mark-ii-original-copia\\\/#breadcrumb\",\"itemListElement\":[{\"@type\":\"ListItem\",\"position\":1,\"name\":\"In\u00edcio\",\"item\":\"https:\\\/\\\/rapidetech.com.br\\\/\"},{\"@type\":\"ListItem\",\"position\":2,\"name\":\"Produtos\",\"item\":\"https:\\\/\\\/rapidetech.com.br\\\/produtos\\\/\"},{\"@type\":\"ListItem\",\"position\":3,\"name\":\"Bateria Canon LP-E6-P R5 ,R6, 5D MARK IV\\\/III\\\/II,90 D, 80D, 70D, 60D, 7D , 6D\\\/ 6D MARK II (original )\"}]},{\"@type\":\"WebSite\",\"@id\":\"https:\\\/\\\/rapidetech.com.br\\\/#website\",\"url\":\"https:\\\/\\\/rapidetech.com.br\\\/\",\"name\":\"Rapidetech\",\"description\":\"Audio e video\",\"publisher\":{\"@id\":\"https:\\\/\\\/rapidetech.com.br\\\/#organization\"},\"potentialAction\":[{\"@type\":\"SearchAction\",\"target\":{\"@type\":\"EntryPoint\",\"urlTemplate\":\"https:\\\/\\\/rapidetech.com.br\\\/?s={search_term_string}\"},\"query-input\":{\"@type\":\"PropertyValueSpecification\",\"valueRequired\":true,\"valueName\":\"search_term_string\"}}],\"inLanguage\":\"en-US\"},{\"@type\":\"Organization\",\"@id\":\"https:\\\/\\\/rapidetech.com.br\\\/#organization\",\"name\":\"Rapidetech\",\"url\":\"https:\\\/\\\/rapidetech.com.br\\\/\",\"logo\":{\"@type\":\"ImageObject\",\"inLanguage\":\"en-US\",\"@id\":\"https:\\\/\\\/rapidetech.com.br\\\/#\\\/schema\\\/logo\\\/image\\\/\",\"url\":\"https:\\\/\\\/rapidetech.com.br\\\/wp-content\\\/uploads\\\/2022\\\/08\\\/RAPIDETECH-AUDIO-E-VIDEO.jpg\",\"contentUrl\":\"https:\\\/\\\/rapidetech.com.br\\\/wp-content\\\/uploads\\\/2022\\\/08\\\/RAPIDETECH-AUDIO-E-VIDEO.jpg\",\"width\":236,\"height\":213,\"caption\":\"Rapidetech\"},\"image\":{\"@id\":\"https:\\\/\\\/rapidetech.com.br\\\/#\\\/schema\\\/logo\\\/image\\\/\"},\"sameAs\":[\"https:\\\/\\\/rapidetech.com.br\\\/\",\"https:\\\/\\\/www.youtube.com\\\/channel\\\/UCQWlsTr9MvbqwWAekYtMNLQ\"]}]}<\/script>\n<!-- \/ Yoast SEO plugin. -->","yoast_head_json":{"title":"Bateria Canon LP-E6-P  R5 ,R6, 5D MARK IV\/III\/II,90 D, 80D, 70D, 60D, 7D , 6D\/ 6D MARK II (original ) - Rapidetech","description":"\"Potencialize seu equipamento fotogr\\u00e1fico com a Bateria Canon LP-E6- P . Com uma capacidade de 2130mAh e uma tens\\u00e3o de sa\\u00edda de 7,2V, esta bateria \\u00e9 uma escolha confi\\u00e1vel para alimentar suas aventuras fotogr\\u00e1ficas. Este pacote inclui a bateria LP-E6 -P , uma caixa de prote\\u00e7\\u00e3o e um manual em ingl\\u00eas. A melhor parte ? Ela \\u00e9 compat\\u00edvel com uma ampla gama de c\\u00e2meras, incluindo a R5, R6, 5D Mark IV\\\/III\\\/II, 90D, 80D, 70D, 60D, 7D, 6D, e 6D Mark II. N\\u00e3o importa qual seja o seu equipamento, a LP-E6-P est\\u00e1 pronta para atender \\u00e0s suas necessidades de energia, mantendo suas fotos fluindo sem interrup\\u00e7\\u00f5es.\"","robots":{"index":"index","follow":"follow","max-snippet":"max-snippet:-1","max-image-preview":"max-image-preview:large","max-video-preview":"max-video-preview:-1"},"canonical":"https:\/\/rapidetech.com.br\/en\/product\/bateria-canon-lp-e6-p-r5-r6-5d-mark-iv-iii-ii90-d-80d-70d-60d-7d-6d-6d-mark-ii-original-copia\/","og_locale":"en_US","og_type":"article","og_title":"Bateria Canon LP-E6-P  R5 ,R6, 5D MARK IV\/III\/II,90 D, 80D, 70D, 60D, 7D , 6D\/ 6D MARK II (original ) - Rapidetech","og_description":"\"Potencialize seu equipamento fotogr\u00e1fico com a Bateria Canon LP-E6- P . Com uma capacidade de 2130mAh e uma tens\u00e3o de sa\u00edda de 7,2V, esta bateria \u00e9 uma escolha confi\u00e1vel para alimentar suas aventuras fotogr\u00e1ficas. Este pacote inclui a bateria LP-E6 -P , uma caixa de prote\u00e7\u00e3o e um manual em ingl\u00eas. A melhor parte ? Ela \u00e9 compat\u00edvel com uma ampla gama de c\u00e2meras, incluindo a R5, R6, 5D Mark IV\/III\/II, 90D, 80D, 70D, 60D, 7D, 6D, e 6D Mark II. N\u00e3o importa qual seja o seu equipamento, a LP-E6-P est\u00e1 pronta para atender \u00e0s suas necessidades de energia, mantendo suas fotos fluindo sem interrup\u00e7\u00f5es.\"","og_url":"https:\/\/rapidetech.com.br\/en\/product\/bateria-canon-lp-e6-p-r5-r6-5d-mark-iv-iii-ii90-d-80d-70d-60d-7d-6d-6d-mark-ii-original-copia\/","og_site_name":"Rapidetech","article_modified_time":"2026-05-13T11:02:31+00:00","og_image":[{"width":1000,"height":985,"url":"https:\/\/rapidetech.com.br\/wp-content\/uploads\/2026\/05\/Bateria-Canon-Lp-e6p_1770930467.webp","type":"image\/webp"}],"twitter_card":"summary_large_image","twitter_misc":{"Est. reading time":"1 minute"},"schema":{"@context":"https:\/\/schema.org","@graph":[{"@type":"WebPage","@id":"https:\/\/rapidetech.com.br\/produto\/bateria-canon-lp-e6-p-r5-r6-5d-mark-iv-iii-ii90-d-80d-70d-60d-7d-6d-6d-mark-ii-original-copia\/","url":"https:\/\/rapidetech.com.br\/produto\/bateria-canon-lp-e6-p-r5-r6-5d-mark-iv-iii-ii90-d-80d-70d-60d-7d-6d-6d-mark-ii-original-copia\/","name":"Bateria Canon LP-E6-P R5 ,R6, 5D MARK IV\/III\/II,90 D, 80D, 70D, 60D, 7D , 6D\/ 6D MARK II (original ) - Rapidetech","isPartOf":{"@id":"https:\/\/rapidetech.com.br\/#website"},"primaryImageOfPage":{"@id":"https:\/\/rapidetech.com.br\/produto\/bateria-canon-lp-e6-p-r5-r6-5d-mark-iv-iii-ii90-d-80d-70d-60d-7d-6d-6d-mark-ii-original-copia\/#primaryimage"},"image":{"@id":"https:\/\/rapidetech.com.br\/produto\/bateria-canon-lp-e6-p-r5-r6-5d-mark-iv-iii-ii90-d-80d-70d-60d-7d-6d-6d-mark-ii-original-copia\/#primaryimage"},"thumbnailUrl":"https:\/\/rapidetech.com.br\/wp-content\/uploads\/2026\/05\/Bateria-Canon-Lp-e6p_1770930467.webp","datePublished":"2026-05-13T10:01:51+00:00","dateModified":"2026-05-13T11:02:31+00:00","description":"\"Potencialize seu equipamento fotogr\\u00e1fico com a Bateria Canon LP-E6- P . Com uma capacidade de 2130mAh e uma tens\\u00e3o de sa\\u00edda de 7,2V, esta bateria \\u00e9 uma escolha confi\\u00e1vel para alimentar suas aventuras fotogr\\u00e1ficas. Este pacote inclui a bateria LP-E6 -P , uma caixa de prote\\u00e7\\u00e3o e um manual em ingl\\u00eas. A melhor parte ? Ela \\u00e9 compat\\u00edvel com uma ampla gama de c\\u00e2meras, incluindo a R5, R6, 5D Mark IV\\\/III\\\/II, 90D, 80D, 70D, 60D, 7D, 6D, e 6D Mark II. N\\u00e3o importa qual seja o seu equipamento, a LP-E6-P est\\u00e1 pronta para atender \\u00e0s suas necessidades de energia, mantendo suas fotos fluindo sem interrup\\u00e7\\u00f5es.\"","breadcrumb":{"@id":"https:\/\/rapidetech.com.br\/produto\/bateria-canon-lp-e6-p-r5-r6-5d-mark-iv-iii-ii90-d-80d-70d-60d-7d-6d-6d-mark-ii-original-copia\/#breadcrumb"},"inLanguage":"en-US","potentialAction":[{"@type":"ReadAction","target":["https:\/\/rapidetech.com.br\/produto\/bateria-canon-lp-e6-p-r5-r6-5d-mark-iv-iii-ii90-d-80d-70d-60d-7d-6d-6d-mark-ii-original-copia\/"]}]},{"@type":"ImageObject","inLanguage":"en-US","@id":"https:\/\/rapidetech.com.br\/produto\/bateria-canon-lp-e6-p-r5-r6-5d-mark-iv-iii-ii90-d-80d-70d-60d-7d-6d-6d-mark-ii-original-copia\/#primaryimage","url":"https:\/\/rapidetech.com.br\/wp-content\/uploads\/2026\/05\/Bateria-Canon-Lp-e6p_1770930467.webp","contentUrl":"https:\/\/rapidetech.com.br\/wp-content\/uploads\/2026\/05\/Bateria-Canon-Lp-e6p_1770930467.webp","width":1000,"height":985},{"@type":"BreadcrumbList","@id":"https:\/\/rapidetech.com.br\/produto\/bateria-canon-lp-e6-p-r5-r6-5d-mark-iv-iii-ii90-d-80d-70d-60d-7d-6d-6d-mark-ii-original-copia\/#breadcrumb","itemListElement":[{"@type":"ListItem","position":1,"name":"In\u00edcio","item":"https:\/\/rapidetech.com.br\/"},{"@type":"ListItem","position":2,"name":"Produtos","item":"https:\/\/rapidetech.com.br\/produtos\/"},{"@type":"ListItem","position":3,"name":"Bateria Canon LP-E6-P R5 ,R6, 5D MARK IV\/III\/II,90 D, 80D, 70D, 60D, 7D , 6D\/ 6D MARK II (original )"}]},{"@type":"WebSite","@id":"https:\/\/rapidetech.com.br\/#website","url":"https:\/\/rapidetech.com.br\/","name":"Rapidetech","description":"Audio e video","publisher":{"@id":"https:\/\/rapidetech.com.br\/#organization"},"potentialAction":[{"@type":"SearchAction","target":{"@type":"EntryPoint","urlTemplate":"https:\/\/rapidetech.com.br\/?s={search_term_string}"},"query-input":{"@type":"PropertyValueSpecification","valueRequired":true,"valueName":"search_term_string"}}],"inLanguage":"en-US"},{"@type":"Organization","@id":"https:\/\/rapidetech.com.br\/#organization","name":"Rapidetech","url":"https:\/\/rapidetech.com.br\/","logo":{"@type":"ImageObject","inLanguage":"en-US","@id":"https:\/\/rapidetech.com.br\/#\/schema\/logo\/image\/","url":"https:\/\/rapidetech.com.br\/wp-content\/uploads\/2022\/08\/RAPIDETECH-AUDIO-E-VIDEO.jpg","contentUrl":"https:\/\/rapidetech.com.br\/wp-content\/uploads\/2022\/08\/RAPIDETECH-AUDIO-E-VIDEO.jpg","width":236,"height":213,"caption":"Rapidetech"},"image":{"@id":"https:\/\/rapidetech.com.br\/#\/schema\/logo\/image\/"},"sameAs":["https:\/\/rapidetech.com.br\/","https:\/\/www.youtube.com\/channel\/UCQWlsTr9MvbqwWAekYtMNLQ"]}]}},"_links":{"self":[{"href":"https:\/\/rapidetech.com.br\/en\/wp-json\/wp\/v2\/product\/58531","targetHints":{"allow":["GET"]}}],"collection":[{"href":"https:\/\/rapidetech.com.br\/en\/wp-json\/wp\/v2\/product"}],"about":[{"href":"https:\/\/rapidetech.com.br\/en\/wp-json\/wp\/v2\/types\/product"}],"replies":[{"embeddable":true,"href":"https:\/\/rapidetech.com.br\/en\/wp-json\/wp\/v2\/comments?post=58531"}],"version-history":[{"count":5,"href":"https:\/\/rapidetech.com.br\/en\/wp-json\/wp\/v2\/product\/58531\/revisions"}],"predecessor-version":[{"id":58539,"href":"https:\/\/rapidetech.com.br\/en\/wp-json\/wp\/v2\/product\/58531\/revisions\/58539"}],"wp:featuredmedia":[{"embeddable":true,"href":"https:\/\/rapidetech.com.br\/en\/wp-json\/wp\/v2\/media\/58532"}],"wp:attachment":[{"href":"https:\/\/rapidetech.com.br\/en\/wp-json\/wp\/v2\/media?parent=58531"}],"wp:term":[{"taxonomy":"product_brand","embeddable":true,"href":"https:\/\/rapidetech.com.br\/en\/wp-json\/wp\/v2\/product_brand?post=58531"},{"taxonomy":"product_cat","embeddable":true,"href":"https:\/\/rapidetech.com.br\/en\/wp-json\/wp\/v2\/product_cat?post=58531"},{"taxonomy":"product_tag","embeddable":true,"href":"https:\/\/rapidetech.com.br\/en\/wp-json\/wp\/v2\/product_tag?post=58531"}],"curies":[{"name":"wp","href":"https:\/\/api.w.org\/{rel}","templated":true}]}}