{"id":71,"date":"2019-11-18T17:49:17","date_gmt":"2019-11-18T20:49:17","guid":{"rendered":"http:\/\/rapidetech.com.br\/?post_type=product&#038;p=71"},"modified":"2026-03-31T19:37:26","modified_gmt":"2026-03-31T22:37:26","slug":"bateria-nikon-en-el14a-original","status":"publish","type":"product","link":"https:\/\/rapidetech.com.br\/en\/product\/bateria-nikon-en-el14a-original\/","title":{"rendered":"Nova Bateria Nikon En-el 14a D5100 D5200 D5600 D3100 D3300 Lacrada"},"content":{"rendered":"<h1>Bateria Nikon En-el14a<\/h1>\n<h2>Descri\u00e7\u00e3o da Bateria Nikon En-el14a<\/h2>\n<ul>\n<li>Bateria original Nikon EN-EL14a<\/li>\n<li>Recarreg\u00e1vel de \u00cdons de L\u00edtio (7.4V, 1230 mAh)<\/li>\n<li>M\u00e1xima vida \u00fatil e o m\u00e1ximo de pot\u00eancia devido aos \u00edons de L\u00edtio<\/li>\n<li>Capacidade da bateria: 1230 mAh<\/li>\n<li>Tens\u00e3o de sa\u00edda: 7,2 V<\/li>\n<li>Dimens\u00f5es: 5.3 mm x 3.8 mm x 1.4 mm<\/li>\n<\/ul>\n<p>&nbsp;<\/p>\n<p><strong>Conte\u00fado da embalagem<\/strong>:<\/p>\n<ul>\n<li>01 Bateria original Nikon EN-EL14a<\/li>\n<li>01 Caixa<\/li>\n<li>01 Manual em ingl\u00eas<\/li>\n<li>Peso da bateria: 0,84 g<\/li>\n<\/ul>\n<h2>Bateria Nikon En-el14a \u00e9 compat\u00edvel com:<\/h2>\n<p>A Bateria Nikon n-e14a \u00e9 compat\u00edvel com as c\u00e2meras:<\/p>\n<ul>\n<li>Nikon Df<\/li>\n<li>Nikon D5600<\/li>\n<li>Nikon D5300<\/li>\n<li>Nikon D5200<\/li>\n<li>Nikon D5500<\/li>\n<li>Nikon D5100<\/li>\n<li>Nikon D3100<\/li>\n<li>Nikon D3200<\/li>\n<li>Nikon D3300<\/li>\n<li>Coopix p7000 p7100<\/li>\n<\/ul>\n<p>&nbsp;<\/p>\n<p>Toda c\u00e2mera que utiliza a bateria En-el14 normal pode usar a bateria En-el14a e obter mais pot\u00eancia.<\/p>\n<h3><\/h3>\n<h3>Qual a diferen\u00e7a entre a Bateria Nikon En-el14a e a Bateria Nikon En-el14?<\/h3>\n<p>A Bateria Nikon En-el14a \u00e9 mais potente que a Bateria Nikon En-el14. O modelo \u201ca\u201d cont\u00e9m 200 mah a mais que o modelo normal.<\/p>\n<h2>Mudan\u00e7a no formato da Bateria Nikon<\/h2>\n<p>A Nikon \u00e9 uma marca japonesa que tem v\u00e1rias pra\u00e7as de distribui\u00e7\u00e3o de lotes no mundo. Os centros de distribui\u00e7\u00e3o se encontram na Tail\u00e2ndia, no Jap\u00e3o, nos Estados unidos e na Europa.<br \/>\nO layout do corpo da bateria pode variar de acordo com o pa\u00eds de origem da sua fabrica\u00e7\u00e3o (Made in China, Made in Japan e outros). As pequenas altera\u00e7\u00f5es de formato e apar\u00eancia das baterias Nikon &#8211; vari\u00e1vel de acordo com o pa\u00eds de produ\u00e7\u00e3o da pe\u00e7a- \u00e9 normal e n\u00e3o tem impacto nenhum na qualidade de funcionamento das m\u00e1quinas compat\u00edveis com o produto.<\/p>\n<h2>Devo guardar a c\u00e2mera sem bateria?<\/h2>\n<p>Assim como qualquer bateria de lithium, quando a ela est\u00e1 fora de uso, h\u00e1 uma descarga natural inicial que acontece apenas por estar por algum tempo \u201cparada\u201d. A carga plena pode acontecer apenas ap\u00f3s o ciclo de 5 a 12 recargas, um ciclo considerado normal pela Nikon. A Nikon recomenda n\u00e3o deixar a bateria dentro da m\u00e1quina se n\u00e3o for us\u00e1-la frequentemente.<\/p>\n<p>&nbsp;<\/p>","protected":false},"excerpt":{"rendered":"<blockquote>\n<h1>Bateria Nikon En-el14a<\/h1>\n<\/blockquote>\n<ul>\n<li>Bateria original Nikon EN-EL14a.<\/li>\n<li>\u00a0Recarreg\u00e1vel de \u00cdons de L\u00edtio (7.4V, 1230 mAh).<\/li>\n<li>M\u00e1xima vida \u00fatil e o m\u00e1ximo de pot\u00eancia devido aos \u00edons de L\u00edtio.<\/li>\n<li>Capacidade da bateria: 1230 mAh<\/li>\n<li>Tens\u00e3o de sa\u00edda: 7,2 V\u00a0 Dimens\u00f5es: 5.3 mm x 3.8 mm x 1.4 mm<\/li>\n<\/ul>\n<h4><em>Conte\u00fado da embalagem:<\/em><\/h4>\n<p>01 Bateria original Nikon EN-EL14a.<br \/>\n01 Caixa<br \/>\n01 Manual em ingl\u00eas<br \/>\nPeso da bateria: 0,84g<\/p>","protected":false},"featured_media":45191,"comment_status":"closed","ping_status":"closed","template":"","meta":[],"product_brand":[],"product_cat":[125,21],"product_tag":[23,497,496,359,24,395],"class_list":{"0":"post-71","1":"product","2":"type-product","3":"status-publish","4":"has-post-thumbnail","6":"product_cat-fotografia","7":"product_cat-video","8":"product_tag-bateria","9":"product_tag-d3300","10":"product_tag-d5600","11":"product_tag-en-el14a","12":"product_tag-nikon","13":"product_tag-original","14":"product_shipping_class-normal","16":"first","17":"instock","18":"featured","19":"purchasable","20":"product-type-simple"},"yoast_head":"<!-- This site is optimized with the Yoast SEO plugin v27.3 - https:\/\/yoast.com\/product\/yoast-seo-wordpress\/ -->\n<title>Nova Bateria Nikon En-el 14a D5100 D5200 D5600 D3100 D3300 Lacrada - Rapidetech<\/title>\n<meta name=\"description\" content=\"Bateria original Nikon EN-EL14a.\u00a0Recarreg\u00e1vel de \u00cdons de L\u00edtio (7.4V, 1230 mAh).M\u00e1xima vida \u00fatil e o m\u00e1ximo de pot\u00eancia devido aos \u00edons de L\u00edtio.Capacidade da bateria: 1230 mAhTens\u00e3o de sa\u00edda: 7,2 V\u00a0 Dimens\u00f5es: 5.3 mm x 3.8 mm x 1.4 mmConte\u00fado da embalagem:01 Bateria original Nikon EN-EL14a.01 Caixa01 Manual em ingl\u00easPeso da bateria: 0,84g\" \/>\n<meta name=\"robots\" content=\"index, follow, max-snippet:-1, max-image-preview:large, max-video-preview:-1\" \/>\n<link rel=\"canonical\" href=\"https:\/\/rapidetech.com.br\/en\/product\/bateria-nikon-en-el14a-original\/\" \/>\n<meta property=\"og:locale\" content=\"en_US\" \/>\n<meta property=\"og:type\" content=\"article\" \/>\n<meta property=\"og:title\" content=\"Nova Bateria Nikon En-el 14a D5100 D5200 D5600 D3100 D3300 Lacrada - Rapidetech\" \/>\n<meta property=\"og:description\" content=\"Bateria original Nikon EN-EL14a.\u00a0Recarreg\u00e1vel de \u00cdons de L\u00edtio (7.4V, 1230 mAh).M\u00e1xima vida \u00fatil e o m\u00e1ximo de pot\u00eancia devido aos \u00edons de L\u00edtio.Capacidade da bateria: 1230 mAhTens\u00e3o de sa\u00edda: 7,2 V\u00a0 Dimens\u00f5es: 5.3 mm x 3.8 mm x 1.4 mmConte\u00fado da embalagem:01 Bateria original Nikon EN-EL14a.01 Caixa01 Manual em ingl\u00easPeso da bateria: 0,84g\" \/>\n<meta property=\"og:url\" content=\"https:\/\/rapidetech.com.br\/en\/product\/bateria-nikon-en-el14a-original\/\" \/>\n<meta property=\"og:site_name\" content=\"Rapidetech\" \/>\n<meta property=\"article:modified_time\" content=\"2026-03-31T22:37:26+00:00\" \/>\n<meta property=\"og:image\" content=\"https:\/\/rapidetech.com.br\/wp-content\/uploads\/2019\/11\/bateria-p-nikon-en-el14a-d3200-d3300-d5100-d5200-3100-D_NQ_NP_887068-MLB31775471643_082019-F-e1694003740279.webp\" \/>\n\t<meta property=\"og:image:width\" content=\"500\" \/>\n\t<meta property=\"og:image:height\" content=\"420\" \/>\n\t<meta property=\"og:image:type\" content=\"image\/webp\" \/>\n<meta name=\"twitter:card\" content=\"summary_large_image\" \/>\n<meta name=\"twitter:label1\" content=\"Est. reading time\" \/>\n\t<meta name=\"twitter:data1\" content=\"3 minutes\" \/>\n<script type=\"application\/ld+json\" class=\"yoast-schema-graph\">{\"@context\":\"https:\\\/\\\/schema.org\",\"@graph\":[{\"@type\":\"WebPage\",\"@id\":\"https:\\\/\\\/rapidetech.com.br\\\/produto\\\/bateria-nikon-en-el14a-original\\\/\",\"url\":\"https:\\\/\\\/rapidetech.com.br\\\/produto\\\/bateria-nikon-en-el14a-original\\\/\",\"name\":\"Nova Bateria Nikon En-el 14a D5100 D5200 D5600 D3100 D3300 Lacrada - Rapidetech\",\"isPartOf\":{\"@id\":\"https:\\\/\\\/rapidetech.com.br\\\/#website\"},\"primaryImageOfPage\":{\"@id\":\"https:\\\/\\\/rapidetech.com.br\\\/produto\\\/bateria-nikon-en-el14a-original\\\/#primaryimage\"},\"image\":{\"@id\":\"https:\\\/\\\/rapidetech.com.br\\\/produto\\\/bateria-nikon-en-el14a-original\\\/#primaryimage\"},\"thumbnailUrl\":\"https:\\\/\\\/rapidetech.com.br\\\/wp-content\\\/uploads\\\/2019\\\/11\\\/bateria-p-nikon-en-el14a-d3200-d3300-d5100-d5200-3100-D_NQ_NP_887068-MLB31775471643_082019-F-e1694003740279.webp\",\"datePublished\":\"2019-11-18T20:49:17+00:00\",\"dateModified\":\"2026-03-31T22:37:26+00:00\",\"description\":\"Bateria original Nikon EN-EL14a.\u00a0Recarreg\u00e1vel de \u00cdons de L\u00edtio (7.4V, 1230 mAh).M\u00e1xima vida \u00fatil e o m\u00e1ximo de pot\u00eancia devido aos \u00edons de L\u00edtio.Capacidade da bateria: 1230 mAhTens\u00e3o de sa\u00edda: 7,2 V\u00a0 Dimens\u00f5es: 5.3 mm x 3.8 mm x 1.4 mmConte\u00fado da embalagem:01 Bateria original Nikon EN-EL14a.01 Caixa01 Manual em ingl\u00easPeso da bateria: 0,84g\",\"breadcrumb\":{\"@id\":\"https:\\\/\\\/rapidetech.com.br\\\/produto\\\/bateria-nikon-en-el14a-original\\\/#breadcrumb\"},\"inLanguage\":\"en-US\",\"potentialAction\":[{\"@type\":\"ReadAction\",\"target\":[\"https:\\\/\\\/rapidetech.com.br\\\/produto\\\/bateria-nikon-en-el14a-original\\\/\"]}]},{\"@type\":\"ImageObject\",\"inLanguage\":\"en-US\",\"@id\":\"https:\\\/\\\/rapidetech.com.br\\\/produto\\\/bateria-nikon-en-el14a-original\\\/#primaryimage\",\"url\":\"https:\\\/\\\/rapidetech.com.br\\\/wp-content\\\/uploads\\\/2019\\\/11\\\/bateria-p-nikon-en-el14a-d3200-d3300-d5100-d5200-3100-D_NQ_NP_887068-MLB31775471643_082019-F-e1694003740279.webp\",\"contentUrl\":\"https:\\\/\\\/rapidetech.com.br\\\/wp-content\\\/uploads\\\/2019\\\/11\\\/bateria-p-nikon-en-el14a-d3200-d3300-d5100-d5200-3100-D_NQ_NP_887068-MLB31775471643_082019-F-e1694003740279.webp\",\"width\":500,\"height\":420},{\"@type\":\"BreadcrumbList\",\"@id\":\"https:\\\/\\\/rapidetech.com.br\\\/produto\\\/bateria-nikon-en-el14a-original\\\/#breadcrumb\",\"itemListElement\":[{\"@type\":\"ListItem\",\"position\":1,\"name\":\"In\u00edcio\",\"item\":\"https:\\\/\\\/rapidetech.com.br\\\/\"},{\"@type\":\"ListItem\",\"position\":2,\"name\":\"Produtos\",\"item\":\"https:\\\/\\\/rapidetech.com.br\\\/produtos\\\/\"},{\"@type\":\"ListItem\",\"position\":3,\"name\":\"Nova Bateria Nikon En-el 14a D5100 D5200 D5600 D3100 D3300 Lacrada\"}]},{\"@type\":\"WebSite\",\"@id\":\"https:\\\/\\\/rapidetech.com.br\\\/#website\",\"url\":\"https:\\\/\\\/rapidetech.com.br\\\/\",\"name\":\"Rapidetech\",\"description\":\"Audio e video\",\"publisher\":{\"@id\":\"https:\\\/\\\/rapidetech.com.br\\\/#organization\"},\"potentialAction\":[{\"@type\":\"SearchAction\",\"target\":{\"@type\":\"EntryPoint\",\"urlTemplate\":\"https:\\\/\\\/rapidetech.com.br\\\/?s={search_term_string}\"},\"query-input\":{\"@type\":\"PropertyValueSpecification\",\"valueRequired\":true,\"valueName\":\"search_term_string\"}}],\"inLanguage\":\"en-US\"},{\"@type\":\"Organization\",\"@id\":\"https:\\\/\\\/rapidetech.com.br\\\/#organization\",\"name\":\"Rapidetech\",\"url\":\"https:\\\/\\\/rapidetech.com.br\\\/\",\"logo\":{\"@type\":\"ImageObject\",\"inLanguage\":\"en-US\",\"@id\":\"https:\\\/\\\/rapidetech.com.br\\\/#\\\/schema\\\/logo\\\/image\\\/\",\"url\":\"https:\\\/\\\/rapidetech.com.br\\\/wp-content\\\/uploads\\\/2022\\\/08\\\/RAPIDETECH-AUDIO-E-VIDEO.jpg\",\"contentUrl\":\"https:\\\/\\\/rapidetech.com.br\\\/wp-content\\\/uploads\\\/2022\\\/08\\\/RAPIDETECH-AUDIO-E-VIDEO.jpg\",\"width\":236,\"height\":213,\"caption\":\"Rapidetech\"},\"image\":{\"@id\":\"https:\\\/\\\/rapidetech.com.br\\\/#\\\/schema\\\/logo\\\/image\\\/\"},\"sameAs\":[\"https:\\\/\\\/rapidetech.com.br\\\/\",\"https:\\\/\\\/www.youtube.com\\\/channel\\\/UCQWlsTr9MvbqwWAekYtMNLQ\"]}]}<\/script>\n<!-- \/ Yoast SEO plugin. -->","yoast_head_json":{"title":"Nova Bateria Nikon En-el 14a D5100 D5200 D5600 D3100 D3300 Lacrada - Rapidetech","description":"Bateria original Nikon EN-EL14a.\u00a0Recarreg\u00e1vel de \u00cdons de L\u00edtio (7.4V, 1230 mAh).M\u00e1xima vida \u00fatil e o m\u00e1ximo de pot\u00eancia devido aos \u00edons de L\u00edtio.Capacidade da bateria: 1230 mAhTens\u00e3o de sa\u00edda: 7,2 V\u00a0 Dimens\u00f5es: 5.3 mm x 3.8 mm x 1.4 mmConte\u00fado da embalagem:01 Bateria original Nikon EN-EL14a.01 Caixa01 Manual em ingl\u00easPeso da bateria: 0,84g","robots":{"index":"index","follow":"follow","max-snippet":"max-snippet:-1","max-image-preview":"max-image-preview:large","max-video-preview":"max-video-preview:-1"},"canonical":"https:\/\/rapidetech.com.br\/en\/product\/bateria-nikon-en-el14a-original\/","og_locale":"en_US","og_type":"article","og_title":"Nova Bateria Nikon En-el 14a D5100 D5200 D5600 D3100 D3300 Lacrada - Rapidetech","og_description":"Bateria original Nikon EN-EL14a.\u00a0Recarreg\u00e1vel de \u00cdons de L\u00edtio (7.4V, 1230 mAh).M\u00e1xima vida \u00fatil e o m\u00e1ximo de pot\u00eancia devido aos \u00edons de L\u00edtio.Capacidade da bateria: 1230 mAhTens\u00e3o de sa\u00edda: 7,2 V\u00a0 Dimens\u00f5es: 5.3 mm x 3.8 mm x 1.4 mmConte\u00fado da embalagem:01 Bateria original Nikon EN-EL14a.01 Caixa01 Manual em ingl\u00easPeso da bateria: 0,84g","og_url":"https:\/\/rapidetech.com.br\/en\/product\/bateria-nikon-en-el14a-original\/","og_site_name":"Rapidetech","article_modified_time":"2026-03-31T22:37:26+00:00","og_image":[{"width":500,"height":420,"url":"https:\/\/rapidetech.com.br\/wp-content\/uploads\/2019\/11\/bateria-p-nikon-en-el14a-d3200-d3300-d5100-d5200-3100-D_NQ_NP_887068-MLB31775471643_082019-F-e1694003740279.webp","type":"image\/webp"}],"twitter_card":"summary_large_image","twitter_misc":{"Est. reading time":"3 minutes"},"schema":{"@context":"https:\/\/schema.org","@graph":[{"@type":"WebPage","@id":"https:\/\/rapidetech.com.br\/produto\/bateria-nikon-en-el14a-original\/","url":"https:\/\/rapidetech.com.br\/produto\/bateria-nikon-en-el14a-original\/","name":"Nova Bateria Nikon En-el 14a D5100 D5200 D5600 D3100 D3300 Lacrada - Rapidetech","isPartOf":{"@id":"https:\/\/rapidetech.com.br\/#website"},"primaryImageOfPage":{"@id":"https:\/\/rapidetech.com.br\/produto\/bateria-nikon-en-el14a-original\/#primaryimage"},"image":{"@id":"https:\/\/rapidetech.com.br\/produto\/bateria-nikon-en-el14a-original\/#primaryimage"},"thumbnailUrl":"https:\/\/rapidetech.com.br\/wp-content\/uploads\/2019\/11\/bateria-p-nikon-en-el14a-d3200-d3300-d5100-d5200-3100-D_NQ_NP_887068-MLB31775471643_082019-F-e1694003740279.webp","datePublished":"2019-11-18T20:49:17+00:00","dateModified":"2026-03-31T22:37:26+00:00","description":"Bateria original Nikon EN-EL14a.\u00a0Recarreg\u00e1vel de \u00cdons de L\u00edtio (7.4V, 1230 mAh).M\u00e1xima vida \u00fatil e o m\u00e1ximo de pot\u00eancia devido aos \u00edons de L\u00edtio.Capacidade da bateria: 1230 mAhTens\u00e3o de sa\u00edda: 7,2 V\u00a0 Dimens\u00f5es: 5.3 mm x 3.8 mm x 1.4 mmConte\u00fado da embalagem:01 Bateria original Nikon EN-EL14a.01 Caixa01 Manual em ingl\u00easPeso da bateria: 0,84g","breadcrumb":{"@id":"https:\/\/rapidetech.com.br\/produto\/bateria-nikon-en-el14a-original\/#breadcrumb"},"inLanguage":"en-US","potentialAction":[{"@type":"ReadAction","target":["https:\/\/rapidetech.com.br\/produto\/bateria-nikon-en-el14a-original\/"]}]},{"@type":"ImageObject","inLanguage":"en-US","@id":"https:\/\/rapidetech.com.br\/produto\/bateria-nikon-en-el14a-original\/#primaryimage","url":"https:\/\/rapidetech.com.br\/wp-content\/uploads\/2019\/11\/bateria-p-nikon-en-el14a-d3200-d3300-d5100-d5200-3100-D_NQ_NP_887068-MLB31775471643_082019-F-e1694003740279.webp","contentUrl":"https:\/\/rapidetech.com.br\/wp-content\/uploads\/2019\/11\/bateria-p-nikon-en-el14a-d3200-d3300-d5100-d5200-3100-D_NQ_NP_887068-MLB31775471643_082019-F-e1694003740279.webp","width":500,"height":420},{"@type":"BreadcrumbList","@id":"https:\/\/rapidetech.com.br\/produto\/bateria-nikon-en-el14a-original\/#breadcrumb","itemListElement":[{"@type":"ListItem","position":1,"name":"In\u00edcio","item":"https:\/\/rapidetech.com.br\/"},{"@type":"ListItem","position":2,"name":"Produtos","item":"https:\/\/rapidetech.com.br\/produtos\/"},{"@type":"ListItem","position":3,"name":"Nova Bateria Nikon En-el 14a D5100 D5200 D5600 D3100 D3300 Lacrada"}]},{"@type":"WebSite","@id":"https:\/\/rapidetech.com.br\/#website","url":"https:\/\/rapidetech.com.br\/","name":"Rapidetech","description":"Audio e video","publisher":{"@id":"https:\/\/rapidetech.com.br\/#organization"},"potentialAction":[{"@type":"SearchAction","target":{"@type":"EntryPoint","urlTemplate":"https:\/\/rapidetech.com.br\/?s={search_term_string}"},"query-input":{"@type":"PropertyValueSpecification","valueRequired":true,"valueName":"search_term_string"}}],"inLanguage":"en-US"},{"@type":"Organization","@id":"https:\/\/rapidetech.com.br\/#organization","name":"Rapidetech","url":"https:\/\/rapidetech.com.br\/","logo":{"@type":"ImageObject","inLanguage":"en-US","@id":"https:\/\/rapidetech.com.br\/#\/schema\/logo\/image\/","url":"https:\/\/rapidetech.com.br\/wp-content\/uploads\/2022\/08\/RAPIDETECH-AUDIO-E-VIDEO.jpg","contentUrl":"https:\/\/rapidetech.com.br\/wp-content\/uploads\/2022\/08\/RAPIDETECH-AUDIO-E-VIDEO.jpg","width":236,"height":213,"caption":"Rapidetech"},"image":{"@id":"https:\/\/rapidetech.com.br\/#\/schema\/logo\/image\/"},"sameAs":["https:\/\/rapidetech.com.br\/","https:\/\/www.youtube.com\/channel\/UCQWlsTr9MvbqwWAekYtMNLQ"]}]}},"_links":{"self":[{"href":"https:\/\/rapidetech.com.br\/en\/wp-json\/wp\/v2\/product\/71","targetHints":{"allow":["GET"]}}],"collection":[{"href":"https:\/\/rapidetech.com.br\/en\/wp-json\/wp\/v2\/product"}],"about":[{"href":"https:\/\/rapidetech.com.br\/en\/wp-json\/wp\/v2\/types\/product"}],"replies":[{"embeddable":true,"href":"https:\/\/rapidetech.com.br\/en\/wp-json\/wp\/v2\/comments?post=71"}],"version-history":[{"count":0,"href":"https:\/\/rapidetech.com.br\/en\/wp-json\/wp\/v2\/product\/71\/revisions"}],"wp:featuredmedia":[{"embeddable":true,"href":"https:\/\/rapidetech.com.br\/en\/wp-json\/wp\/v2\/media\/45191"}],"wp:attachment":[{"href":"https:\/\/rapidetech.com.br\/en\/wp-json\/wp\/v2\/media?parent=71"}],"wp:term":[{"taxonomy":"product_brand","embeddable":true,"href":"https:\/\/rapidetech.com.br\/en\/wp-json\/wp\/v2\/product_brand?post=71"},{"taxonomy":"product_cat","embeddable":true,"href":"https:\/\/rapidetech.com.br\/en\/wp-json\/wp\/v2\/product_cat?post=71"},{"taxonomy":"product_tag","embeddable":true,"href":"https:\/\/rapidetech.com.br\/en\/wp-json\/wp\/v2\/product_tag?post=71"}],"curies":[{"name":"wp","href":"https:\/\/api.w.org\/{rel}","templated":true}]}}