{"id":7656,"date":"2020-07-28T18:48:36","date_gmt":"2020-07-28T21:48:36","guid":{"rendered":"http:\/\/rapidetech.com.br\/?post_type=product&#038;p=7656"},"modified":"2026-01-24T20:31:13","modified_gmt":"2026-01-24T23:31:13","slug":"cabo-de-rede-vention-cat-8-round-de-alta-velocidade-2000-mhz-40-gbps-10m","status":"publish","type":"product","link":"https:\/\/rapidetech.com.br\/en\/product\/cabo-de-rede-vention-cat-8-round-de-alta-velocidade-2000-mhz-40-gbps-10m\/","title":{"rendered":"Cabo de rede Vention cat 8 round de alta velocidade 2000 mhz \/ 40 gbps- 10m"},"content":{"rendered":"<p><iframe title=\"Novo cabo de rede CAT 8 VENTION top  ! ideal para internet de fibra otica ! Original !\" width=\"800\" height=\"450\" src=\"https:\/\/www.youtube.com\/embed\/yPTQN2FyUmo?feature=oembed\" frameborder=\"0\" allow=\"accelerometer; autoplay; clipboard-write; encrypted-media; gyroscope; picture-in-picture; web-share\" referrerpolicy=\"strict-origin-when-cross-origin\" allowfullscreen><\/iframe><\/p>\n<h1>Cabo de rede Vention\u00a0 cat 8 &#8211; 40 gbps- 10 m<\/h1>\n<h3><strong>Descri\u00e7\u00e3o Cabo de rede Vention Cat 8 &#8211; 40 gbps<\/strong><\/h3>\n<ul>\n<li>Velocidade de tr\u00e1fego de dados: 40 Gbps<\/li>\n<li>Suporta taxas de transmiss\u00e3o Ethernet de 25G ou 40 G<\/li>\n<li>Aplica\u00e7\u00f5es para servidores ultravelozes<\/li>\n<li>Desempenho de transmiss\u00e3o de at\u00e9 2 GHZ<\/li>\n<\/ul>\n<p>Conte\u00fado da embalagem:<\/p>\n<ul>\n<li>1 cabo de rede Vention CAT 8 original<\/li>\n<li>Tamanho:10 metros<\/li>\n<\/ul>\n<h3>Qual a diferen\u00e7a do cabo CAT8 ?<\/h3>\n<p>Os cabos CAT 8 t\u00eam capacidade maior de frequ\u00eancia quando comparados a modelos anteriores:<\/p>\n<p>CAT5: frequ\u00eancias de at\u00e9 100 MHz;<br \/>\nCAT6: a 250 MHz;<br \/>\nCAT6a: 500 MHz;<br \/>\nCAT7: 600 MHz; C<br \/>\nCAT7a: 1000 MHz, ou 1 GHz;<br \/>\nCAT8: 2000 MHz, ou 2 GHz.<\/p>\n<h3>Cabo Vention\u00a0 CAT 8 \u00e9 compat\u00edvel com:<\/h3>\n<ul>\n<li>CAT 5e<\/li>\n<li>CAT 6<\/li>\n<li>CAT 6a<\/li>\n<li>RJ45<\/li>\n<\/ul>\n<p>&nbsp;<\/p>","protected":false},"excerpt":{"rendered":"<h3><strong>Cabo de rede Vention Cat 8 &#8211; 40 gbps<\/strong><\/h3>\n<ul>\n<li>Velocidade de tr\u00e1fego de dados: 40 Gbps<\/li>\n<li>Suporta taxas de transmiss\u00e3o Ethernet de 25G ou 40 G<\/li>\n<li>Aplica\u00e7\u00f5es para servidores ultravelozes<\/li>\n<li>Desempenho de transmiss\u00e3o de at\u00e9 2 GHZ<\/li>\n<\/ul>\n<p>Conte\u00fado da embalagem:<\/p>\n<ul>\n<li>1 cabo de rede Vention CAT 8 original<\/li>\n<li>Tamanho: 10 metros<\/li>\n<\/ul>","protected":false},"featured_media":46580,"comment_status":"closed","ping_status":"closed","template":"","meta":[],"product_brand":[],"product_cat":[18,45],"product_tag":[46,47,50,48,49],"class_list":{"0":"post-7656","1":"product","2":"type-product","3":"status-publish","4":"has-post-thumbnail","6":"product_cat-accessorios","7":"product_cat-informatica","8":"product_tag-cabo-de-rede","9":"product_tag-cat-8","10":"product_tag-ps4-pro","11":"product_tag-roteador","12":"product_tag-xbox","13":"product_shipping_class-normal","15":"first","16":"instock","17":"purchasable","18":"product-type-simple"},"yoast_head":"<!-- This site is optimized with the Yoast SEO plugin v27.4 - https:\/\/yoast.com\/product\/yoast-seo-wordpress\/ -->\n<title>Cabo de rede Vention cat 8 round de alta velocidade 2000 mhz \/ 40 gbps- 10m - Rapidetech<\/title>\n<meta name=\"robots\" content=\"index, follow, max-snippet:-1, max-image-preview:large, max-video-preview:-1\" \/>\n<link rel=\"canonical\" href=\"https:\/\/rapidetech.com.br\/en\/product\/cabo-de-rede-vention-cat-8-round-de-alta-velocidade-2000-mhz-40-gbps-10m\/\" \/>\n<meta property=\"og:locale\" content=\"en_US\" \/>\n<meta property=\"og:type\" content=\"article\" \/>\n<meta property=\"og:title\" content=\"Cabo de rede Vention cat 8 round de alta velocidade 2000 mhz \/ 40 gbps- 10m - Rapidetech\" \/>\n<meta property=\"og:description\" content=\"Cabo de rede Vention Cat 8 - 40 gbps   Velocidade de tr\u00e1fego de dados: 40 Gbps  Suporta taxas de transmiss\u00e3o Ethernet de 25G ou 40 G  Aplica\u00e7\u00f5es para servidores ultravelozes  Desempenho de transmiss\u00e3o de at\u00e9 2 GHZ  Conte\u00fado da embalagem:   1 cabo de rede Vention CAT 8 original  Tamanho: 10 metros\" \/>\n<meta property=\"og:url\" content=\"https:\/\/rapidetech.com.br\/en\/product\/cabo-de-rede-vention-cat-8-round-de-alta-velocidade-2000-mhz-40-gbps-10m\/\" \/>\n<meta property=\"og:site_name\" content=\"Rapidetech\" \/>\n<meta property=\"article:modified_time\" content=\"2026-01-24T23:31:13+00:00\" \/>\n<meta property=\"og:image\" content=\"https:\/\/rapidetech.com.br\/wp-content\/uploads\/2020\/07\/AnyConv.com__cabo-fibra-moshou_6-Copia-9-e1698457069112.webp\" \/>\n\t<meta property=\"og:image:width\" content=\"600\" \/>\n\t<meta property=\"og:image:height\" content=\"600\" \/>\n\t<meta property=\"og:image:type\" content=\"image\/webp\" \/>\n<meta name=\"twitter:card\" content=\"summary_large_image\" \/>\n<meta name=\"twitter:label1\" content=\"Est. reading time\" \/>\n\t<meta name=\"twitter:data1\" content=\"2 minutes\" \/>\n<script type=\"application\/ld+json\" class=\"yoast-schema-graph\">{\"@context\":\"https:\\\/\\\/schema.org\",\"@graph\":[{\"@type\":\"WebPage\",\"@id\":\"https:\\\/\\\/rapidetech.com.br\\\/produto\\\/cabo-de-rede-vention-cat-8-round-de-alta-velocidade-2000-mhz-40-gbps-10m\\\/\",\"url\":\"https:\\\/\\\/rapidetech.com.br\\\/produto\\\/cabo-de-rede-vention-cat-8-round-de-alta-velocidade-2000-mhz-40-gbps-10m\\\/\",\"name\":\"Cabo de rede Vention cat 8 round de alta velocidade 2000 mhz \\\/ 40 gbps- 10m - Rapidetech\",\"isPartOf\":{\"@id\":\"https:\\\/\\\/rapidetech.com.br\\\/#website\"},\"primaryImageOfPage\":{\"@id\":\"https:\\\/\\\/rapidetech.com.br\\\/produto\\\/cabo-de-rede-vention-cat-8-round-de-alta-velocidade-2000-mhz-40-gbps-10m\\\/#primaryimage\"},\"image\":{\"@id\":\"https:\\\/\\\/rapidetech.com.br\\\/produto\\\/cabo-de-rede-vention-cat-8-round-de-alta-velocidade-2000-mhz-40-gbps-10m\\\/#primaryimage\"},\"thumbnailUrl\":\"https:\\\/\\\/rapidetech.com.br\\\/wp-content\\\/uploads\\\/2020\\\/07\\\/AnyConv.com__cabo-fibra-moshou_6-Copia-9-e1698457069112.webp\",\"datePublished\":\"2020-07-28T21:48:36+00:00\",\"dateModified\":\"2026-01-24T23:31:13+00:00\",\"breadcrumb\":{\"@id\":\"https:\\\/\\\/rapidetech.com.br\\\/produto\\\/cabo-de-rede-vention-cat-8-round-de-alta-velocidade-2000-mhz-40-gbps-10m\\\/#breadcrumb\"},\"inLanguage\":\"en-US\",\"potentialAction\":[{\"@type\":\"ReadAction\",\"target\":[\"https:\\\/\\\/rapidetech.com.br\\\/produto\\\/cabo-de-rede-vention-cat-8-round-de-alta-velocidade-2000-mhz-40-gbps-10m\\\/\"]}]},{\"@type\":\"ImageObject\",\"inLanguage\":\"en-US\",\"@id\":\"https:\\\/\\\/rapidetech.com.br\\\/produto\\\/cabo-de-rede-vention-cat-8-round-de-alta-velocidade-2000-mhz-40-gbps-10m\\\/#primaryimage\",\"url\":\"https:\\\/\\\/rapidetech.com.br\\\/wp-content\\\/uploads\\\/2020\\\/07\\\/AnyConv.com__cabo-fibra-moshou_6-Copia-9-e1698457069112.webp\",\"contentUrl\":\"https:\\\/\\\/rapidetech.com.br\\\/wp-content\\\/uploads\\\/2020\\\/07\\\/AnyConv.com__cabo-fibra-moshou_6-Copia-9-e1698457069112.webp\",\"width\":600,\"height\":600},{\"@type\":\"BreadcrumbList\",\"@id\":\"https:\\\/\\\/rapidetech.com.br\\\/produto\\\/cabo-de-rede-vention-cat-8-round-de-alta-velocidade-2000-mhz-40-gbps-10m\\\/#breadcrumb\",\"itemListElement\":[{\"@type\":\"ListItem\",\"position\":1,\"name\":\"In\u00edcio\",\"item\":\"https:\\\/\\\/rapidetech.com.br\\\/\"},{\"@type\":\"ListItem\",\"position\":2,\"name\":\"Produtos\",\"item\":\"https:\\\/\\\/rapidetech.com.br\\\/produtos\\\/\"},{\"@type\":\"ListItem\",\"position\":3,\"name\":\"Cabo de rede Vention cat 8 round de alta velocidade 2000 mhz \\\/ 40 gbps- 10m\"}]},{\"@type\":\"WebSite\",\"@id\":\"https:\\\/\\\/rapidetech.com.br\\\/#website\",\"url\":\"https:\\\/\\\/rapidetech.com.br\\\/\",\"name\":\"Rapidetech\",\"description\":\"Audio e video\",\"publisher\":{\"@id\":\"https:\\\/\\\/rapidetech.com.br\\\/#organization\"},\"potentialAction\":[{\"@type\":\"SearchAction\",\"target\":{\"@type\":\"EntryPoint\",\"urlTemplate\":\"https:\\\/\\\/rapidetech.com.br\\\/?s={search_term_string}\"},\"query-input\":{\"@type\":\"PropertyValueSpecification\",\"valueRequired\":true,\"valueName\":\"search_term_string\"}}],\"inLanguage\":\"en-US\"},{\"@type\":\"Organization\",\"@id\":\"https:\\\/\\\/rapidetech.com.br\\\/#organization\",\"name\":\"Rapidetech\",\"url\":\"https:\\\/\\\/rapidetech.com.br\\\/\",\"logo\":{\"@type\":\"ImageObject\",\"inLanguage\":\"en-US\",\"@id\":\"https:\\\/\\\/rapidetech.com.br\\\/#\\\/schema\\\/logo\\\/image\\\/\",\"url\":\"https:\\\/\\\/rapidetech.com.br\\\/wp-content\\\/uploads\\\/2022\\\/08\\\/RAPIDETECH-AUDIO-E-VIDEO.jpg\",\"contentUrl\":\"https:\\\/\\\/rapidetech.com.br\\\/wp-content\\\/uploads\\\/2022\\\/08\\\/RAPIDETECH-AUDIO-E-VIDEO.jpg\",\"width\":236,\"height\":213,\"caption\":\"Rapidetech\"},\"image\":{\"@id\":\"https:\\\/\\\/rapidetech.com.br\\\/#\\\/schema\\\/logo\\\/image\\\/\"},\"sameAs\":[\"https:\\\/\\\/rapidetech.com.br\\\/\",\"https:\\\/\\\/www.youtube.com\\\/channel\\\/UCQWlsTr9MvbqwWAekYtMNLQ\"]}]}<\/script>\n<!-- \/ Yoast SEO plugin. -->","yoast_head_json":{"title":"Cabo de rede Vention cat 8 round de alta velocidade 2000 mhz \/ 40 gbps- 10m - Rapidetech","robots":{"index":"index","follow":"follow","max-snippet":"max-snippet:-1","max-image-preview":"max-image-preview:large","max-video-preview":"max-video-preview:-1"},"canonical":"https:\/\/rapidetech.com.br\/en\/product\/cabo-de-rede-vention-cat-8-round-de-alta-velocidade-2000-mhz-40-gbps-10m\/","og_locale":"en_US","og_type":"article","og_title":"Cabo de rede Vention cat 8 round de alta velocidade 2000 mhz \/ 40 gbps- 10m - Rapidetech","og_description":"Cabo de rede Vention Cat 8 - 40 gbps   Velocidade de tr\u00e1fego de dados: 40 Gbps  Suporta taxas de transmiss\u00e3o Ethernet de 25G ou 40 G  Aplica\u00e7\u00f5es para servidores ultravelozes  Desempenho de transmiss\u00e3o de at\u00e9 2 GHZ  Conte\u00fado da embalagem:   1 cabo de rede Vention CAT 8 original  Tamanho: 10 metros","og_url":"https:\/\/rapidetech.com.br\/en\/product\/cabo-de-rede-vention-cat-8-round-de-alta-velocidade-2000-mhz-40-gbps-10m\/","og_site_name":"Rapidetech","article_modified_time":"2026-01-24T23:31:13+00:00","og_image":[{"width":600,"height":600,"url":"https:\/\/rapidetech.com.br\/wp-content\/uploads\/2020\/07\/AnyConv.com__cabo-fibra-moshou_6-Copia-9-e1698457069112.webp","type":"image\/webp"}],"twitter_card":"summary_large_image","twitter_misc":{"Est. reading time":"2 minutes"},"schema":{"@context":"https:\/\/schema.org","@graph":[{"@type":"WebPage","@id":"https:\/\/rapidetech.com.br\/produto\/cabo-de-rede-vention-cat-8-round-de-alta-velocidade-2000-mhz-40-gbps-10m\/","url":"https:\/\/rapidetech.com.br\/produto\/cabo-de-rede-vention-cat-8-round-de-alta-velocidade-2000-mhz-40-gbps-10m\/","name":"Cabo de rede Vention cat 8 round de alta velocidade 2000 mhz \/ 40 gbps- 10m - Rapidetech","isPartOf":{"@id":"https:\/\/rapidetech.com.br\/#website"},"primaryImageOfPage":{"@id":"https:\/\/rapidetech.com.br\/produto\/cabo-de-rede-vention-cat-8-round-de-alta-velocidade-2000-mhz-40-gbps-10m\/#primaryimage"},"image":{"@id":"https:\/\/rapidetech.com.br\/produto\/cabo-de-rede-vention-cat-8-round-de-alta-velocidade-2000-mhz-40-gbps-10m\/#primaryimage"},"thumbnailUrl":"https:\/\/rapidetech.com.br\/wp-content\/uploads\/2020\/07\/AnyConv.com__cabo-fibra-moshou_6-Copia-9-e1698457069112.webp","datePublished":"2020-07-28T21:48:36+00:00","dateModified":"2026-01-24T23:31:13+00:00","breadcrumb":{"@id":"https:\/\/rapidetech.com.br\/produto\/cabo-de-rede-vention-cat-8-round-de-alta-velocidade-2000-mhz-40-gbps-10m\/#breadcrumb"},"inLanguage":"en-US","potentialAction":[{"@type":"ReadAction","target":["https:\/\/rapidetech.com.br\/produto\/cabo-de-rede-vention-cat-8-round-de-alta-velocidade-2000-mhz-40-gbps-10m\/"]}]},{"@type":"ImageObject","inLanguage":"en-US","@id":"https:\/\/rapidetech.com.br\/produto\/cabo-de-rede-vention-cat-8-round-de-alta-velocidade-2000-mhz-40-gbps-10m\/#primaryimage","url":"https:\/\/rapidetech.com.br\/wp-content\/uploads\/2020\/07\/AnyConv.com__cabo-fibra-moshou_6-Copia-9-e1698457069112.webp","contentUrl":"https:\/\/rapidetech.com.br\/wp-content\/uploads\/2020\/07\/AnyConv.com__cabo-fibra-moshou_6-Copia-9-e1698457069112.webp","width":600,"height":600},{"@type":"BreadcrumbList","@id":"https:\/\/rapidetech.com.br\/produto\/cabo-de-rede-vention-cat-8-round-de-alta-velocidade-2000-mhz-40-gbps-10m\/#breadcrumb","itemListElement":[{"@type":"ListItem","position":1,"name":"In\u00edcio","item":"https:\/\/rapidetech.com.br\/"},{"@type":"ListItem","position":2,"name":"Produtos","item":"https:\/\/rapidetech.com.br\/produtos\/"},{"@type":"ListItem","position":3,"name":"Cabo de rede Vention cat 8 round de alta velocidade 2000 mhz \/ 40 gbps- 10m"}]},{"@type":"WebSite","@id":"https:\/\/rapidetech.com.br\/#website","url":"https:\/\/rapidetech.com.br\/","name":"Rapidetech","description":"Audio e video","publisher":{"@id":"https:\/\/rapidetech.com.br\/#organization"},"potentialAction":[{"@type":"SearchAction","target":{"@type":"EntryPoint","urlTemplate":"https:\/\/rapidetech.com.br\/?s={search_term_string}"},"query-input":{"@type":"PropertyValueSpecification","valueRequired":true,"valueName":"search_term_string"}}],"inLanguage":"en-US"},{"@type":"Organization","@id":"https:\/\/rapidetech.com.br\/#organization","name":"Rapidetech","url":"https:\/\/rapidetech.com.br\/","logo":{"@type":"ImageObject","inLanguage":"en-US","@id":"https:\/\/rapidetech.com.br\/#\/schema\/logo\/image\/","url":"https:\/\/rapidetech.com.br\/wp-content\/uploads\/2022\/08\/RAPIDETECH-AUDIO-E-VIDEO.jpg","contentUrl":"https:\/\/rapidetech.com.br\/wp-content\/uploads\/2022\/08\/RAPIDETECH-AUDIO-E-VIDEO.jpg","width":236,"height":213,"caption":"Rapidetech"},"image":{"@id":"https:\/\/rapidetech.com.br\/#\/schema\/logo\/image\/"},"sameAs":["https:\/\/rapidetech.com.br\/","https:\/\/www.youtube.com\/channel\/UCQWlsTr9MvbqwWAekYtMNLQ"]}]}},"_links":{"self":[{"href":"https:\/\/rapidetech.com.br\/en\/wp-json\/wp\/v2\/product\/7656","targetHints":{"allow":["GET"]}}],"collection":[{"href":"https:\/\/rapidetech.com.br\/en\/wp-json\/wp\/v2\/product"}],"about":[{"href":"https:\/\/rapidetech.com.br\/en\/wp-json\/wp\/v2\/types\/product"}],"replies":[{"embeddable":true,"href":"https:\/\/rapidetech.com.br\/en\/wp-json\/wp\/v2\/comments?post=7656"}],"version-history":[{"count":0,"href":"https:\/\/rapidetech.com.br\/en\/wp-json\/wp\/v2\/product\/7656\/revisions"}],"wp:featuredmedia":[{"embeddable":true,"href":"https:\/\/rapidetech.com.br\/en\/wp-json\/wp\/v2\/media\/46580"}],"wp:attachment":[{"href":"https:\/\/rapidetech.com.br\/en\/wp-json\/wp\/v2\/media?parent=7656"}],"wp:term":[{"taxonomy":"product_brand","embeddable":true,"href":"https:\/\/rapidetech.com.br\/en\/wp-json\/wp\/v2\/product_brand?post=7656"},{"taxonomy":"product_cat","embeddable":true,"href":"https:\/\/rapidetech.com.br\/en\/wp-json\/wp\/v2\/product_cat?post=7656"},{"taxonomy":"product_tag","embeddable":true,"href":"https:\/\/rapidetech.com.br\/en\/wp-json\/wp\/v2\/product_tag?post=7656"}],"curies":[{"name":"wp","href":"https:\/\/api.w.org\/{rel}","templated":true}]}}