{"id":7919,"date":"2020-08-03T16:06:29","date_gmt":"2020-08-03T19:06:29","guid":{"rendered":"http:\/\/rapidetech.com.br\/?post_type=product&#038;p=7919"},"modified":"2026-01-24T20:31:04","modified_gmt":"2026-01-24T23:31:04","slug":"carregador-mh24-para-bateria-nikon-en-el14-en-el14a","status":"publish","type":"product","link":"https:\/\/rapidetech.com.br\/en\/product\/carregador-mh24-para-bateria-nikon-en-el14-en-el14a\/","title":{"rendered":"Carregador MH24 para Bateria Nikon En-el14  ,En-el14A"},"content":{"rendered":"<h1><b>Carregador MH 24 para bateria Nikon En-el14\u00a0\u00a0<\/b><\/h1>\n<h2><b>\u00a0 Descri\u00e7\u00e3o carregador <\/b><b>Bateria MH 24 Nikon\u00a0\u00a0<\/b><\/h2>\n<ul>\n<li style=\"font-weight: 400;\"><span style=\"font-weight: 400;\">Frequencia 50\/60 hz\u00a0 110v \/ 220 v<\/span><\/li>\n<li style=\"font-weight: 400;\"><span style=\"font-weight: 400;\">\u00a0Capacidade de carga : 500 ma\u00a0<\/span><\/li>\n<\/ul>\n<p><span style=\"font-weight: 400;\">Conte\u00fado :<\/span><\/p>\n<ul>\n<li style=\"font-weight: 400;\"><span style=\"font-weight: 400;\">01 carregador MH24<\/span><span style=\"font-weight: 400;\">\u00a0<\/span><\/li>\n<li style=\"font-weight: 400;\"><span style=\"font-weight: 400;\">\u00a0 cabo de for\u00e7a plug Eu (Brasil)<\/span><span style=\"font-weight: 400;\">\u00a0<\/span><\/li>\n<\/ul>\n<p><strong>Vis\u00e3o geral do carregador NH24\u00a0 Nikon <\/strong>:<\/p>\n<p>Alimente c\u00e2meras DSLRs Nikon com este carregador . Ele \u00e9 projetado para oferecer carga e vida \u00fatil longa as baterias originais e pot\u00eancia consistente.<\/p>\n<h2><b>\u00a0Carregador de Bateria MH 24 Nikon\u00a0 compat\u00edvel com:<br \/>\n<\/b><\/h2>\n<ul>\n<li style=\"font-weight: 400;\"><span style=\"font-weight: 400;\">D3300<\/span><\/li>\n<li style=\"font-weight: 400;\"><span style=\"font-weight: 400;\">D3200<\/span><\/li>\n<li style=\"font-weight: 400;\"><span style=\"font-weight: 400;\">D3100<\/span><\/li>\n<li style=\"font-weight: 400;\"><span style=\"font-weight: 400;\">D5100<\/span><\/li>\n<li style=\"font-weight: 400;\"><span style=\"font-weight: 400;\">D5200<\/span><\/li>\n<li style=\"font-weight: 400;\"><span style=\"font-weight: 400;\">D5300<\/span><\/li>\n<li style=\"font-weight: 400;\"><span style=\"font-weight: 400;\">COOPIX P7000<\/span><\/li>\n<li style=\"font-weight: 400;\"><span style=\"font-weight: 400;\">COOLPIX P7100\u00a0<\/span><\/li>\n<li style=\"font-weight: 400;\"><span style=\"font-weight: 400;\">COOLPIX P7700<\/span><\/li>\n<\/ul>\n<p>&nbsp;<\/p>","protected":false},"excerpt":{"rendered":"<h3><b><\/b><b>Carregador Bateria Nikon MH24\u00a0\u00a0<\/b><\/h3>\n<ul>\n<li style=\"font-weight: 400;\">Frequencia 110v\/ 220 v\u00a0 50 hz \/60 hz<\/li>\n<li style=\"font-weight: 400;\"><span style=\"font-weight: 400;\">\u00a0Capacidade carga 500 ma\u00a0<\/span><\/li>\n<\/ul>\n<p><span style=\"font-weight: 400;\">Conte\u00fado:<\/span><\/p>\n<ul>\n<li style=\"font-weight: 400;\"><span style=\"font-weight: 400;\">01 carregador Mh24\u00a0<\/span><\/li>\n<li style=\"font-weight: 400;\"><span style=\"font-weight: 400;\">01 cabo de for\u00e7a padrao EU(Brasil)<\/span><\/li>\n<\/ul>","protected":false},"featured_media":46742,"comment_status":"closed","ping_status":"closed","template":"","meta":[],"product_brand":[],"product_cat":[125,21],"product_tag":[23,24],"class_list":{"0":"post-7919","1":"product","2":"type-product","3":"status-publish","4":"has-post-thumbnail","6":"product_cat-fotografia","7":"product_cat-video","8":"product_tag-bateria","9":"product_tag-nikon","10":"product_shipping_class-normal","12":"first","13":"instock","14":"purchasable","15":"product-type-simple"},"yoast_head":"<!-- This site is optimized with the Yoast SEO plugin v27.4 - https:\/\/yoast.com\/product\/yoast-seo-wordpress\/ -->\n<title>Carregador MH24 para Bateria Nikon En-el14 ,En-el14A - Rapidetech<\/title>\n<meta name=\"description\" content=\"Carregador Bateria Nikon MH24\u00a0\u00a0Frequencia 110v\/ 220 v\u00a0 50 hz \/60 hz\u00a0Capacidade carga 500 ma\u00a0Conte\u00fado:01 carregador Mh24\u00a001 cabo de for\u00e7a padrao EU(Brasil)\" \/>\n<meta name=\"robots\" content=\"index, follow, max-snippet:-1, max-image-preview:large, max-video-preview:-1\" \/>\n<link rel=\"canonical\" href=\"https:\/\/rapidetech.com.br\/en\/product\/carregador-mh24-para-bateria-nikon-en-el14-en-el14a\/\" \/>\n<meta property=\"og:locale\" content=\"en_US\" \/>\n<meta property=\"og:type\" content=\"article\" \/>\n<meta property=\"og:title\" content=\"Carregador MH24 para Bateria Nikon En-el14 ,En-el14A - Rapidetech\" \/>\n<meta property=\"og:description\" content=\"Carregador Bateria Nikon MH24\u00a0\u00a0Frequencia 110v\/ 220 v\u00a0 50 hz \/60 hz\u00a0Capacidade carga 500 ma\u00a0Conte\u00fado:01 carregador Mh24\u00a001 cabo de for\u00e7a padrao EU(Brasil)\" \/>\n<meta property=\"og:url\" content=\"https:\/\/rapidetech.com.br\/en\/product\/carregador-mh24-para-bateria-nikon-en-el14-en-el14a\/\" \/>\n<meta property=\"og:site_name\" content=\"Rapidetech\" \/>\n<meta property=\"article:modified_time\" content=\"2026-01-24T23:31:04+00:00\" \/>\n<meta property=\"og:image\" content=\"https:\/\/rapidetech.com.br\/wp-content\/uploads\/2020\/08\/AnyConv.com__cabo-fibra-moshou-Copia.webp\" \/>\n\t<meta property=\"og:image:width\" content=\"537\" \/>\n\t<meta property=\"og:image:height\" content=\"542\" \/>\n\t<meta property=\"og:image:type\" content=\"image\/webp\" \/>\n<meta name=\"twitter:card\" content=\"summary_large_image\" \/>\n<meta name=\"twitter:label1\" content=\"Est. reading time\" \/>\n\t<meta name=\"twitter:data1\" content=\"1 minute\" \/>\n<script type=\"application\/ld+json\" class=\"yoast-schema-graph\">{\"@context\":\"https:\\\/\\\/schema.org\",\"@graph\":[{\"@type\":\"WebPage\",\"@id\":\"https:\\\/\\\/rapidetech.com.br\\\/produto\\\/carregador-mh24-para-bateria-nikon-en-el14-en-el14a\\\/\",\"url\":\"https:\\\/\\\/rapidetech.com.br\\\/produto\\\/carregador-mh24-para-bateria-nikon-en-el14-en-el14a\\\/\",\"name\":\"Carregador MH24 para Bateria Nikon En-el14 ,En-el14A - Rapidetech\",\"isPartOf\":{\"@id\":\"https:\\\/\\\/rapidetech.com.br\\\/#website\"},\"primaryImageOfPage\":{\"@id\":\"https:\\\/\\\/rapidetech.com.br\\\/produto\\\/carregador-mh24-para-bateria-nikon-en-el14-en-el14a\\\/#primaryimage\"},\"image\":{\"@id\":\"https:\\\/\\\/rapidetech.com.br\\\/produto\\\/carregador-mh24-para-bateria-nikon-en-el14-en-el14a\\\/#primaryimage\"},\"thumbnailUrl\":\"https:\\\/\\\/rapidetech.com.br\\\/wp-content\\\/uploads\\\/2020\\\/08\\\/AnyConv.com__cabo-fibra-moshou-Copia.webp\",\"datePublished\":\"2020-08-03T19:06:29+00:00\",\"dateModified\":\"2026-01-24T23:31:04+00:00\",\"description\":\"Carregador Bateria Nikon MH24\u00a0\u00a0Frequencia 110v\\\/ 220 v\u00a0 50 hz \\\/60 hz\u00a0Capacidade carga 500 ma\u00a0Conte\u00fado:01 carregador Mh24\u00a001 cabo de for\u00e7a padrao EU(Brasil)\",\"breadcrumb\":{\"@id\":\"https:\\\/\\\/rapidetech.com.br\\\/produto\\\/carregador-mh24-para-bateria-nikon-en-el14-en-el14a\\\/#breadcrumb\"},\"inLanguage\":\"en-US\",\"potentialAction\":[{\"@type\":\"ReadAction\",\"target\":[\"https:\\\/\\\/rapidetech.com.br\\\/produto\\\/carregador-mh24-para-bateria-nikon-en-el14-en-el14a\\\/\"]}]},{\"@type\":\"ImageObject\",\"inLanguage\":\"en-US\",\"@id\":\"https:\\\/\\\/rapidetech.com.br\\\/produto\\\/carregador-mh24-para-bateria-nikon-en-el14-en-el14a\\\/#primaryimage\",\"url\":\"https:\\\/\\\/rapidetech.com.br\\\/wp-content\\\/uploads\\\/2020\\\/08\\\/AnyConv.com__cabo-fibra-moshou-Copia.webp\",\"contentUrl\":\"https:\\\/\\\/rapidetech.com.br\\\/wp-content\\\/uploads\\\/2020\\\/08\\\/AnyConv.com__cabo-fibra-moshou-Copia.webp\",\"width\":537,\"height\":542},{\"@type\":\"BreadcrumbList\",\"@id\":\"https:\\\/\\\/rapidetech.com.br\\\/produto\\\/carregador-mh24-para-bateria-nikon-en-el14-en-el14a\\\/#breadcrumb\",\"itemListElement\":[{\"@type\":\"ListItem\",\"position\":1,\"name\":\"In\u00edcio\",\"item\":\"https:\\\/\\\/rapidetech.com.br\\\/\"},{\"@type\":\"ListItem\",\"position\":2,\"name\":\"Produtos\",\"item\":\"https:\\\/\\\/rapidetech.com.br\\\/produtos\\\/\"},{\"@type\":\"ListItem\",\"position\":3,\"name\":\"Carregador MH24 para Bateria Nikon En-el14 ,En-el14A\"}]},{\"@type\":\"WebSite\",\"@id\":\"https:\\\/\\\/rapidetech.com.br\\\/#website\",\"url\":\"https:\\\/\\\/rapidetech.com.br\\\/\",\"name\":\"Rapidetech\",\"description\":\"Audio e video\",\"publisher\":{\"@id\":\"https:\\\/\\\/rapidetech.com.br\\\/#organization\"},\"potentialAction\":[{\"@type\":\"SearchAction\",\"target\":{\"@type\":\"EntryPoint\",\"urlTemplate\":\"https:\\\/\\\/rapidetech.com.br\\\/?s={search_term_string}\"},\"query-input\":{\"@type\":\"PropertyValueSpecification\",\"valueRequired\":true,\"valueName\":\"search_term_string\"}}],\"inLanguage\":\"en-US\"},{\"@type\":\"Organization\",\"@id\":\"https:\\\/\\\/rapidetech.com.br\\\/#organization\",\"name\":\"Rapidetech\",\"url\":\"https:\\\/\\\/rapidetech.com.br\\\/\",\"logo\":{\"@type\":\"ImageObject\",\"inLanguage\":\"en-US\",\"@id\":\"https:\\\/\\\/rapidetech.com.br\\\/#\\\/schema\\\/logo\\\/image\\\/\",\"url\":\"https:\\\/\\\/rapidetech.com.br\\\/wp-content\\\/uploads\\\/2022\\\/08\\\/RAPIDETECH-AUDIO-E-VIDEO.jpg\",\"contentUrl\":\"https:\\\/\\\/rapidetech.com.br\\\/wp-content\\\/uploads\\\/2022\\\/08\\\/RAPIDETECH-AUDIO-E-VIDEO.jpg\",\"width\":236,\"height\":213,\"caption\":\"Rapidetech\"},\"image\":{\"@id\":\"https:\\\/\\\/rapidetech.com.br\\\/#\\\/schema\\\/logo\\\/image\\\/\"},\"sameAs\":[\"https:\\\/\\\/rapidetech.com.br\\\/\",\"https:\\\/\\\/www.youtube.com\\\/channel\\\/UCQWlsTr9MvbqwWAekYtMNLQ\"]}]}<\/script>\n<!-- \/ Yoast SEO plugin. -->","yoast_head_json":{"title":"Carregador MH24 para Bateria Nikon En-el14 ,En-el14A - Rapidetech","description":"Carregador Bateria Nikon MH24\u00a0\u00a0Frequencia 110v\/ 220 v\u00a0 50 hz \/60 hz\u00a0Capacidade carga 500 ma\u00a0Conte\u00fado:01 carregador Mh24\u00a001 cabo de for\u00e7a padrao EU(Brasil)","robots":{"index":"index","follow":"follow","max-snippet":"max-snippet:-1","max-image-preview":"max-image-preview:large","max-video-preview":"max-video-preview:-1"},"canonical":"https:\/\/rapidetech.com.br\/en\/product\/carregador-mh24-para-bateria-nikon-en-el14-en-el14a\/","og_locale":"en_US","og_type":"article","og_title":"Carregador MH24 para Bateria Nikon En-el14 ,En-el14A - Rapidetech","og_description":"Carregador Bateria Nikon MH24\u00a0\u00a0Frequencia 110v\/ 220 v\u00a0 50 hz \/60 hz\u00a0Capacidade carga 500 ma\u00a0Conte\u00fado:01 carregador Mh24\u00a001 cabo de for\u00e7a padrao EU(Brasil)","og_url":"https:\/\/rapidetech.com.br\/en\/product\/carregador-mh24-para-bateria-nikon-en-el14-en-el14a\/","og_site_name":"Rapidetech","article_modified_time":"2026-01-24T23:31:04+00:00","og_image":[{"width":537,"height":542,"url":"https:\/\/rapidetech.com.br\/wp-content\/uploads\/2020\/08\/AnyConv.com__cabo-fibra-moshou-Copia.webp","type":"image\/webp"}],"twitter_card":"summary_large_image","twitter_misc":{"Est. reading time":"1 minute"},"schema":{"@context":"https:\/\/schema.org","@graph":[{"@type":"WebPage","@id":"https:\/\/rapidetech.com.br\/produto\/carregador-mh24-para-bateria-nikon-en-el14-en-el14a\/","url":"https:\/\/rapidetech.com.br\/produto\/carregador-mh24-para-bateria-nikon-en-el14-en-el14a\/","name":"Carregador MH24 para Bateria Nikon En-el14 ,En-el14A - Rapidetech","isPartOf":{"@id":"https:\/\/rapidetech.com.br\/#website"},"primaryImageOfPage":{"@id":"https:\/\/rapidetech.com.br\/produto\/carregador-mh24-para-bateria-nikon-en-el14-en-el14a\/#primaryimage"},"image":{"@id":"https:\/\/rapidetech.com.br\/produto\/carregador-mh24-para-bateria-nikon-en-el14-en-el14a\/#primaryimage"},"thumbnailUrl":"https:\/\/rapidetech.com.br\/wp-content\/uploads\/2020\/08\/AnyConv.com__cabo-fibra-moshou-Copia.webp","datePublished":"2020-08-03T19:06:29+00:00","dateModified":"2026-01-24T23:31:04+00:00","description":"Carregador Bateria Nikon MH24\u00a0\u00a0Frequencia 110v\/ 220 v\u00a0 50 hz \/60 hz\u00a0Capacidade carga 500 ma\u00a0Conte\u00fado:01 carregador Mh24\u00a001 cabo de for\u00e7a padrao EU(Brasil)","breadcrumb":{"@id":"https:\/\/rapidetech.com.br\/produto\/carregador-mh24-para-bateria-nikon-en-el14-en-el14a\/#breadcrumb"},"inLanguage":"en-US","potentialAction":[{"@type":"ReadAction","target":["https:\/\/rapidetech.com.br\/produto\/carregador-mh24-para-bateria-nikon-en-el14-en-el14a\/"]}]},{"@type":"ImageObject","inLanguage":"en-US","@id":"https:\/\/rapidetech.com.br\/produto\/carregador-mh24-para-bateria-nikon-en-el14-en-el14a\/#primaryimage","url":"https:\/\/rapidetech.com.br\/wp-content\/uploads\/2020\/08\/AnyConv.com__cabo-fibra-moshou-Copia.webp","contentUrl":"https:\/\/rapidetech.com.br\/wp-content\/uploads\/2020\/08\/AnyConv.com__cabo-fibra-moshou-Copia.webp","width":537,"height":542},{"@type":"BreadcrumbList","@id":"https:\/\/rapidetech.com.br\/produto\/carregador-mh24-para-bateria-nikon-en-el14-en-el14a\/#breadcrumb","itemListElement":[{"@type":"ListItem","position":1,"name":"In\u00edcio","item":"https:\/\/rapidetech.com.br\/"},{"@type":"ListItem","position":2,"name":"Produtos","item":"https:\/\/rapidetech.com.br\/produtos\/"},{"@type":"ListItem","position":3,"name":"Carregador MH24 para Bateria Nikon En-el14 ,En-el14A"}]},{"@type":"WebSite","@id":"https:\/\/rapidetech.com.br\/#website","url":"https:\/\/rapidetech.com.br\/","name":"Rapidetech","description":"Audio e video","publisher":{"@id":"https:\/\/rapidetech.com.br\/#organization"},"potentialAction":[{"@type":"SearchAction","target":{"@type":"EntryPoint","urlTemplate":"https:\/\/rapidetech.com.br\/?s={search_term_string}"},"query-input":{"@type":"PropertyValueSpecification","valueRequired":true,"valueName":"search_term_string"}}],"inLanguage":"en-US"},{"@type":"Organization","@id":"https:\/\/rapidetech.com.br\/#organization","name":"Rapidetech","url":"https:\/\/rapidetech.com.br\/","logo":{"@type":"ImageObject","inLanguage":"en-US","@id":"https:\/\/rapidetech.com.br\/#\/schema\/logo\/image\/","url":"https:\/\/rapidetech.com.br\/wp-content\/uploads\/2022\/08\/RAPIDETECH-AUDIO-E-VIDEO.jpg","contentUrl":"https:\/\/rapidetech.com.br\/wp-content\/uploads\/2022\/08\/RAPIDETECH-AUDIO-E-VIDEO.jpg","width":236,"height":213,"caption":"Rapidetech"},"image":{"@id":"https:\/\/rapidetech.com.br\/#\/schema\/logo\/image\/"},"sameAs":["https:\/\/rapidetech.com.br\/","https:\/\/www.youtube.com\/channel\/UCQWlsTr9MvbqwWAekYtMNLQ"]}]}},"_links":{"self":[{"href":"https:\/\/rapidetech.com.br\/en\/wp-json\/wp\/v2\/product\/7919","targetHints":{"allow":["GET"]}}],"collection":[{"href":"https:\/\/rapidetech.com.br\/en\/wp-json\/wp\/v2\/product"}],"about":[{"href":"https:\/\/rapidetech.com.br\/en\/wp-json\/wp\/v2\/types\/product"}],"replies":[{"embeddable":true,"href":"https:\/\/rapidetech.com.br\/en\/wp-json\/wp\/v2\/comments?post=7919"}],"version-history":[{"count":0,"href":"https:\/\/rapidetech.com.br\/en\/wp-json\/wp\/v2\/product\/7919\/revisions"}],"wp:featuredmedia":[{"embeddable":true,"href":"https:\/\/rapidetech.com.br\/en\/wp-json\/wp\/v2\/media\/46742"}],"wp:attachment":[{"href":"https:\/\/rapidetech.com.br\/en\/wp-json\/wp\/v2\/media?parent=7919"}],"wp:term":[{"taxonomy":"product_brand","embeddable":true,"href":"https:\/\/rapidetech.com.br\/en\/wp-json\/wp\/v2\/product_brand?post=7919"},{"taxonomy":"product_cat","embeddable":true,"href":"https:\/\/rapidetech.com.br\/en\/wp-json\/wp\/v2\/product_cat?post=7919"},{"taxonomy":"product_tag","embeddable":true,"href":"https:\/\/rapidetech.com.br\/en\/wp-json\/wp\/v2\/product_tag?post=7919"}],"curies":[{"name":"wp","href":"https:\/\/api.w.org\/{rel}","templated":true}]}}