{"id":915,"date":"2020-01-23T19:54:02","date_gmt":"2020-01-23T22:54:02","guid":{"rendered":"http:\/\/rapidetech.com.br\/?post_type=product&#038;p=915"},"modified":"2026-01-24T20:32:28","modified_gmt":"2026-01-24T23:32:28","slug":"cabo-de-rede-vention-cat-8-round-de-alta-velocidade-2000-mhz-40-gbps-05-m","status":"publish","type":"product","link":"https:\/\/rapidetech.com.br\/en\/product\/cabo-de-rede-vention-cat-8-round-de-alta-velocidade-2000-mhz-40-gbps-05-m\/","title":{"rendered":"Cabo de rede Vention cat 8 round de alta velocidade 2000 mhz \/ 40 gbps- 0,5 m"},"content":{"rendered":"<p>&nbsp;<\/p>\n<p><iframe title=\"Novo cabo de rede CAT 8 VENTION top  ! ideal para internet de fibra otica ! Original !\" width=\"800\" height=\"450\" src=\"https:\/\/www.youtube.com\/embed\/yPTQN2FyUmo?feature=oembed\" frameborder=\"0\" allow=\"accelerometer; autoplay; clipboard-write; encrypted-media; gyroscope; picture-in-picture; web-share\" referrerpolicy=\"strict-origin-when-cross-origin\" allowfullscreen><\/iframe><\/p>\n<h1>Cabo de rede Vention cat 8 &#8211; 40 gbps- 0,5m<\/h1>\n<h3><strong>Descri\u00e7\u00e3o Cabo de rede Vention Cat 8 &#8211; 40 gbps<\/strong><\/h3>\n<ul>\n<li>Velocidade de tr\u00e1fego de dados: 40 Gbps<\/li>\n<li>Suporta taxas de transmiss\u00e3o Ethernet de 25G ou 40 G<\/li>\n<li>Aplica\u00e7\u00f5es para servidores ultravelozes<\/li>\n<li>Desempenho de transmiss\u00e3o de at\u00e9 2 GHZ<\/li>\n<\/ul>\n<p>Conte\u00fado da embalagem:<\/p>\n<ul>\n<li>1 cabo de rede Vention CAT8 original<\/li>\n<li>Tamanho: 0,5 metro<\/li>\n<\/ul>\n<h3>Qual a diferen\u00e7a do cabo CAT 8 ?<\/h3>\n<p>Os cabos CAT 8 t\u00eam capacidade maior de frequ\u00eancia quando comparados a modelos anteriores:<\/p>\n<p>CAT5: frequ\u00eancias de at\u00e9 100 MHz;<br \/>\nCAT6: a 250 MHz;<br \/>\nCAT6a: 500 MHz;<br \/>\nCAT7: 600 MHz; C<br \/>\nCAT7a: 1000 MHz, ou 1 GHz;<br \/>\nCAT8: 2000 MHz, ou 2 GHz.<\/p>\n<h3>Cabo VENTION CAT 8 \u00e9 compat\u00edvel com:<\/h3>\n<ul>\n<li>CAT 5e<\/li>\n<li>CAT 6<\/li>\n<li>CAT 6a<\/li>\n<li>RJ45<\/li>\n<\/ul>\n<h3><b>Compra de eletr\u00f4nicos com pessoa f\u00edsica<\/b><\/h3>\n<p><b><br \/>\n<\/b><\/p>\n<p><span style=\"font-weight: 400;\">\u00a0<\/span><a href=\"https:\/\/www.amazon.com.br\/dp\/B08DP45LSM\/ref=as_sl_pc_as_ss_li_til?tag=rapidetech10-20&amp;linkCode=w00&amp;linkId=b2a3c5d8ddcfc862c94df0e40fb857a2&amp;creativeASIN=B08DP45LSM\">NOVO CAT 8 VENTION &#8211; tambem disponivel na Amazon &#8211; clica aqui ! <\/a><\/p>\n<p><img decoding=\"async\" id=\"prod-image\" title=\"Festnight Vention CAT8 Cabo de remendo 40Gbps Cabo banhado a ouro Cabo macio de PVC com revestimento SFTP LSZH IKABD 0.5M (Black)\" src=\"https:\/\/m.media-amazon.com\/images\/I\/31VpaVXvfVL._AC_AC_SR98,95_.jpg\" \/><\/p>\n<p>&nbsp;<\/p>\n<p><iframe style=\"width: 120px; height: 240px;\" src=\"\/\/ws-na.amazon-adsystem.com\/widgets\/q?ServiceVersion=20070822&amp;OneJS=1&amp;Operation=GetAdHtml&amp;MarketPlace=BR&amp;source=ss&amp;ref=as_ss_li_til&amp;ad_type=product_link&amp;tracking_id=rapidetech10-20&amp;language=pt_BR&amp;marketplace=amazon&amp;region=BR&amp;placement=B08DP45LSM&amp;asins=B08DP45LSM&amp;linkId=fcf709d9abcda5a1883ad54f0a7ec18d&amp;show_border=true&amp;link_opens_in_new_window=true\" frameborder=\"0\" marginwidth=\"0\" marginheight=\"0\" scrolling=\"no\"><\/iframe><\/p>","protected":false},"excerpt":{"rendered":"<h3><\/h3>\n<h3><strong>Cabo de rede Vention Cat 8 &#8211; 40 gbps<\/strong><\/h3>\n<ul>\n<li>Velocidade de tr\u00e1fego de dados: 40 Gbps<\/li>\n<li>Suporta taxas de transmiss\u00e3o Ethernet de 25G ou 40 G<\/li>\n<li>Aplica\u00e7\u00f5es para servidores ultravelozes<\/li>\n<li>Desempenho de transmiss\u00e3o de at\u00e9 2 GHZ<\/li>\n<\/ul>\n<p>Conte\u00fado da embalagem:<\/p>\n<ul>\n<li>1 cabo de rede Vention CAT 8 original<\/li>\n<li>Tamanho: 0,5 metro<\/li>\n<\/ul>","protected":false},"featured_media":46733,"comment_status":"closed","ping_status":"closed","template":"","meta":[],"product_brand":[],"product_cat":[18,45],"product_tag":[46,47,50,48,49],"class_list":{"0":"post-915","1":"product","2":"type-product","3":"status-publish","4":"has-post-thumbnail","6":"product_cat-accessorios","7":"product_cat-informatica","8":"product_tag-cabo-de-rede","9":"product_tag-cat-8","10":"product_tag-ps4-pro","11":"product_tag-roteador","12":"product_tag-xbox","13":"product_shipping_class-normal","15":"first","16":"instock","17":"purchasable","18":"product-type-simple"},"yoast_head":"<!-- This site is optimized with the Yoast SEO plugin v27.4 - https:\/\/yoast.com\/product\/yoast-seo-wordpress\/ -->\n<title>Cabo de rede Vention cat 8 round de alta velocidade 2000 mhz \/ 40 gbps- 0,5 m - Rapidetech<\/title>\n<meta name=\"robots\" content=\"index, follow, max-snippet:-1, max-image-preview:large, max-video-preview:-1\" \/>\n<link rel=\"canonical\" href=\"https:\/\/rapidetech.com.br\/en\/product\/cabo-de-rede-vention-cat-8-round-de-alta-velocidade-2000-mhz-40-gbps-05-m\/\" \/>\n<meta property=\"og:locale\" content=\"en_US\" \/>\n<meta property=\"og:type\" content=\"article\" \/>\n<meta property=\"og:title\" content=\"Cabo de rede Vention cat 8 round de alta velocidade 2000 mhz \/ 40 gbps- 0,5 m - Rapidetech\" \/>\n<meta property=\"og:description\" content=\"Cabo de rede Vention Cat 8 - 40 gbps   Velocidade de tr\u00e1fego de dados: 40 Gbps  Suporta taxas de transmiss\u00e3o Ethernet de 25G ou 40 G  Aplica\u00e7\u00f5es para servidores ultravelozes  Desempenho de transmiss\u00e3o de at\u00e9 2 GHZ  Conte\u00fado da embalagem:   1 cabo de rede Vention CAT 8 original  Tamanho: 0,5 metro\" \/>\n<meta property=\"og:url\" content=\"https:\/\/rapidetech.com.br\/en\/product\/cabo-de-rede-vention-cat-8-round-de-alta-velocidade-2000-mhz-40-gbps-05-m\/\" \/>\n<meta property=\"og:site_name\" content=\"Rapidetech\" \/>\n<meta property=\"article:modified_time\" content=\"2026-01-24T23:32:28+00:00\" \/>\n<meta property=\"og:image\" content=\"https:\/\/rapidetech.com.br\/wp-content\/uploads\/2020\/01\/AnyConv.com__cat-8-vention-Copia-e1698456977968.webp\" \/>\n\t<meta property=\"og:image:width\" content=\"600\" \/>\n\t<meta property=\"og:image:height\" content=\"600\" \/>\n\t<meta property=\"og:image:type\" content=\"image\/webp\" \/>\n<meta name=\"twitter:card\" content=\"summary_large_image\" \/>\n<meta name=\"twitter:label1\" content=\"Est. reading time\" \/>\n\t<meta name=\"twitter:data1\" content=\"1 minute\" \/>\n<script type=\"application\/ld+json\" class=\"yoast-schema-graph\">{\"@context\":\"https:\\\/\\\/schema.org\",\"@graph\":[{\"@type\":\"WebPage\",\"@id\":\"https:\\\/\\\/rapidetech.com.br\\\/produto\\\/cabo-de-rede-vention-cat-8-round-de-alta-velocidade-2000-mhz-40-gbps-05-m\\\/\",\"url\":\"https:\\\/\\\/rapidetech.com.br\\\/produto\\\/cabo-de-rede-vention-cat-8-round-de-alta-velocidade-2000-mhz-40-gbps-05-m\\\/\",\"name\":\"Cabo de rede Vention cat 8 round de alta velocidade 2000 mhz \\\/ 40 gbps- 0,5 m - Rapidetech\",\"isPartOf\":{\"@id\":\"https:\\\/\\\/rapidetech.com.br\\\/#website\"},\"primaryImageOfPage\":{\"@id\":\"https:\\\/\\\/rapidetech.com.br\\\/produto\\\/cabo-de-rede-vention-cat-8-round-de-alta-velocidade-2000-mhz-40-gbps-05-m\\\/#primaryimage\"},\"image\":{\"@id\":\"https:\\\/\\\/rapidetech.com.br\\\/produto\\\/cabo-de-rede-vention-cat-8-round-de-alta-velocidade-2000-mhz-40-gbps-05-m\\\/#primaryimage\"},\"thumbnailUrl\":\"https:\\\/\\\/rapidetech.com.br\\\/wp-content\\\/uploads\\\/2020\\\/01\\\/AnyConv.com__cat-8-vention-Copia-e1698456977968.webp\",\"datePublished\":\"2020-01-23T22:54:02+00:00\",\"dateModified\":\"2026-01-24T23:32:28+00:00\",\"breadcrumb\":{\"@id\":\"https:\\\/\\\/rapidetech.com.br\\\/produto\\\/cabo-de-rede-vention-cat-8-round-de-alta-velocidade-2000-mhz-40-gbps-05-m\\\/#breadcrumb\"},\"inLanguage\":\"en-US\",\"potentialAction\":[{\"@type\":\"ReadAction\",\"target\":[\"https:\\\/\\\/rapidetech.com.br\\\/produto\\\/cabo-de-rede-vention-cat-8-round-de-alta-velocidade-2000-mhz-40-gbps-05-m\\\/\"]}]},{\"@type\":\"ImageObject\",\"inLanguage\":\"en-US\",\"@id\":\"https:\\\/\\\/rapidetech.com.br\\\/produto\\\/cabo-de-rede-vention-cat-8-round-de-alta-velocidade-2000-mhz-40-gbps-05-m\\\/#primaryimage\",\"url\":\"https:\\\/\\\/rapidetech.com.br\\\/wp-content\\\/uploads\\\/2020\\\/01\\\/AnyConv.com__cat-8-vention-Copia-e1698456977968.webp\",\"contentUrl\":\"https:\\\/\\\/rapidetech.com.br\\\/wp-content\\\/uploads\\\/2020\\\/01\\\/AnyConv.com__cat-8-vention-Copia-e1698456977968.webp\",\"width\":600,\"height\":600},{\"@type\":\"BreadcrumbList\",\"@id\":\"https:\\\/\\\/rapidetech.com.br\\\/produto\\\/cabo-de-rede-vention-cat-8-round-de-alta-velocidade-2000-mhz-40-gbps-05-m\\\/#breadcrumb\",\"itemListElement\":[{\"@type\":\"ListItem\",\"position\":1,\"name\":\"In\u00edcio\",\"item\":\"https:\\\/\\\/rapidetech.com.br\\\/\"},{\"@type\":\"ListItem\",\"position\":2,\"name\":\"Produtos\",\"item\":\"https:\\\/\\\/rapidetech.com.br\\\/produtos\\\/\"},{\"@type\":\"ListItem\",\"position\":3,\"name\":\"Cabo de rede Vention cat 8 round de alta velocidade 2000 mhz \\\/ 40 gbps- 0,5 m\"}]},{\"@type\":\"WebSite\",\"@id\":\"https:\\\/\\\/rapidetech.com.br\\\/#website\",\"url\":\"https:\\\/\\\/rapidetech.com.br\\\/\",\"name\":\"Rapidetech\",\"description\":\"Audio e video\",\"publisher\":{\"@id\":\"https:\\\/\\\/rapidetech.com.br\\\/#organization\"},\"potentialAction\":[{\"@type\":\"SearchAction\",\"target\":{\"@type\":\"EntryPoint\",\"urlTemplate\":\"https:\\\/\\\/rapidetech.com.br\\\/?s={search_term_string}\"},\"query-input\":{\"@type\":\"PropertyValueSpecification\",\"valueRequired\":true,\"valueName\":\"search_term_string\"}}],\"inLanguage\":\"en-US\"},{\"@type\":\"Organization\",\"@id\":\"https:\\\/\\\/rapidetech.com.br\\\/#organization\",\"name\":\"Rapidetech\",\"url\":\"https:\\\/\\\/rapidetech.com.br\\\/\",\"logo\":{\"@type\":\"ImageObject\",\"inLanguage\":\"en-US\",\"@id\":\"https:\\\/\\\/rapidetech.com.br\\\/#\\\/schema\\\/logo\\\/image\\\/\",\"url\":\"https:\\\/\\\/rapidetech.com.br\\\/wp-content\\\/uploads\\\/2022\\\/08\\\/RAPIDETECH-AUDIO-E-VIDEO.jpg\",\"contentUrl\":\"https:\\\/\\\/rapidetech.com.br\\\/wp-content\\\/uploads\\\/2022\\\/08\\\/RAPIDETECH-AUDIO-E-VIDEO.jpg\",\"width\":236,\"height\":213,\"caption\":\"Rapidetech\"},\"image\":{\"@id\":\"https:\\\/\\\/rapidetech.com.br\\\/#\\\/schema\\\/logo\\\/image\\\/\"},\"sameAs\":[\"https:\\\/\\\/rapidetech.com.br\\\/\",\"https:\\\/\\\/www.youtube.com\\\/channel\\\/UCQWlsTr9MvbqwWAekYtMNLQ\"]}]}<\/script>\n<!-- \/ Yoast SEO plugin. -->","yoast_head_json":{"title":"Cabo de rede Vention cat 8 round de alta velocidade 2000 mhz \/ 40 gbps- 0,5 m - Rapidetech","robots":{"index":"index","follow":"follow","max-snippet":"max-snippet:-1","max-image-preview":"max-image-preview:large","max-video-preview":"max-video-preview:-1"},"canonical":"https:\/\/rapidetech.com.br\/en\/product\/cabo-de-rede-vention-cat-8-round-de-alta-velocidade-2000-mhz-40-gbps-05-m\/","og_locale":"en_US","og_type":"article","og_title":"Cabo de rede Vention cat 8 round de alta velocidade 2000 mhz \/ 40 gbps- 0,5 m - Rapidetech","og_description":"Cabo de rede Vention Cat 8 - 40 gbps   Velocidade de tr\u00e1fego de dados: 40 Gbps  Suporta taxas de transmiss\u00e3o Ethernet de 25G ou 40 G  Aplica\u00e7\u00f5es para servidores ultravelozes  Desempenho de transmiss\u00e3o de at\u00e9 2 GHZ  Conte\u00fado da embalagem:   1 cabo de rede Vention CAT 8 original  Tamanho: 0,5 metro","og_url":"https:\/\/rapidetech.com.br\/en\/product\/cabo-de-rede-vention-cat-8-round-de-alta-velocidade-2000-mhz-40-gbps-05-m\/","og_site_name":"Rapidetech","article_modified_time":"2026-01-24T23:32:28+00:00","og_image":[{"width":600,"height":600,"url":"https:\/\/rapidetech.com.br\/wp-content\/uploads\/2020\/01\/AnyConv.com__cat-8-vention-Copia-e1698456977968.webp","type":"image\/webp"}],"twitter_card":"summary_large_image","twitter_misc":{"Est. reading time":"1 minute"},"schema":{"@context":"https:\/\/schema.org","@graph":[{"@type":"WebPage","@id":"https:\/\/rapidetech.com.br\/produto\/cabo-de-rede-vention-cat-8-round-de-alta-velocidade-2000-mhz-40-gbps-05-m\/","url":"https:\/\/rapidetech.com.br\/produto\/cabo-de-rede-vention-cat-8-round-de-alta-velocidade-2000-mhz-40-gbps-05-m\/","name":"Cabo de rede Vention cat 8 round de alta velocidade 2000 mhz \/ 40 gbps- 0,5 m - Rapidetech","isPartOf":{"@id":"https:\/\/rapidetech.com.br\/#website"},"primaryImageOfPage":{"@id":"https:\/\/rapidetech.com.br\/produto\/cabo-de-rede-vention-cat-8-round-de-alta-velocidade-2000-mhz-40-gbps-05-m\/#primaryimage"},"image":{"@id":"https:\/\/rapidetech.com.br\/produto\/cabo-de-rede-vention-cat-8-round-de-alta-velocidade-2000-mhz-40-gbps-05-m\/#primaryimage"},"thumbnailUrl":"https:\/\/rapidetech.com.br\/wp-content\/uploads\/2020\/01\/AnyConv.com__cat-8-vention-Copia-e1698456977968.webp","datePublished":"2020-01-23T22:54:02+00:00","dateModified":"2026-01-24T23:32:28+00:00","breadcrumb":{"@id":"https:\/\/rapidetech.com.br\/produto\/cabo-de-rede-vention-cat-8-round-de-alta-velocidade-2000-mhz-40-gbps-05-m\/#breadcrumb"},"inLanguage":"en-US","potentialAction":[{"@type":"ReadAction","target":["https:\/\/rapidetech.com.br\/produto\/cabo-de-rede-vention-cat-8-round-de-alta-velocidade-2000-mhz-40-gbps-05-m\/"]}]},{"@type":"ImageObject","inLanguage":"en-US","@id":"https:\/\/rapidetech.com.br\/produto\/cabo-de-rede-vention-cat-8-round-de-alta-velocidade-2000-mhz-40-gbps-05-m\/#primaryimage","url":"https:\/\/rapidetech.com.br\/wp-content\/uploads\/2020\/01\/AnyConv.com__cat-8-vention-Copia-e1698456977968.webp","contentUrl":"https:\/\/rapidetech.com.br\/wp-content\/uploads\/2020\/01\/AnyConv.com__cat-8-vention-Copia-e1698456977968.webp","width":600,"height":600},{"@type":"BreadcrumbList","@id":"https:\/\/rapidetech.com.br\/produto\/cabo-de-rede-vention-cat-8-round-de-alta-velocidade-2000-mhz-40-gbps-05-m\/#breadcrumb","itemListElement":[{"@type":"ListItem","position":1,"name":"In\u00edcio","item":"https:\/\/rapidetech.com.br\/"},{"@type":"ListItem","position":2,"name":"Produtos","item":"https:\/\/rapidetech.com.br\/produtos\/"},{"@type":"ListItem","position":3,"name":"Cabo de rede Vention cat 8 round de alta velocidade 2000 mhz \/ 40 gbps- 0,5 m"}]},{"@type":"WebSite","@id":"https:\/\/rapidetech.com.br\/#website","url":"https:\/\/rapidetech.com.br\/","name":"Rapidetech","description":"Audio e video","publisher":{"@id":"https:\/\/rapidetech.com.br\/#organization"},"potentialAction":[{"@type":"SearchAction","target":{"@type":"EntryPoint","urlTemplate":"https:\/\/rapidetech.com.br\/?s={search_term_string}"},"query-input":{"@type":"PropertyValueSpecification","valueRequired":true,"valueName":"search_term_string"}}],"inLanguage":"en-US"},{"@type":"Organization","@id":"https:\/\/rapidetech.com.br\/#organization","name":"Rapidetech","url":"https:\/\/rapidetech.com.br\/","logo":{"@type":"ImageObject","inLanguage":"en-US","@id":"https:\/\/rapidetech.com.br\/#\/schema\/logo\/image\/","url":"https:\/\/rapidetech.com.br\/wp-content\/uploads\/2022\/08\/RAPIDETECH-AUDIO-E-VIDEO.jpg","contentUrl":"https:\/\/rapidetech.com.br\/wp-content\/uploads\/2022\/08\/RAPIDETECH-AUDIO-E-VIDEO.jpg","width":236,"height":213,"caption":"Rapidetech"},"image":{"@id":"https:\/\/rapidetech.com.br\/#\/schema\/logo\/image\/"},"sameAs":["https:\/\/rapidetech.com.br\/","https:\/\/www.youtube.com\/channel\/UCQWlsTr9MvbqwWAekYtMNLQ"]}]}},"_links":{"self":[{"href":"https:\/\/rapidetech.com.br\/en\/wp-json\/wp\/v2\/product\/915","targetHints":{"allow":["GET"]}}],"collection":[{"href":"https:\/\/rapidetech.com.br\/en\/wp-json\/wp\/v2\/product"}],"about":[{"href":"https:\/\/rapidetech.com.br\/en\/wp-json\/wp\/v2\/types\/product"}],"replies":[{"embeddable":true,"href":"https:\/\/rapidetech.com.br\/en\/wp-json\/wp\/v2\/comments?post=915"}],"version-history":[{"count":0,"href":"https:\/\/rapidetech.com.br\/en\/wp-json\/wp\/v2\/product\/915\/revisions"}],"wp:featuredmedia":[{"embeddable":true,"href":"https:\/\/rapidetech.com.br\/en\/wp-json\/wp\/v2\/media\/46733"}],"wp:attachment":[{"href":"https:\/\/rapidetech.com.br\/en\/wp-json\/wp\/v2\/media?parent=915"}],"wp:term":[{"taxonomy":"product_brand","embeddable":true,"href":"https:\/\/rapidetech.com.br\/en\/wp-json\/wp\/v2\/product_brand?post=915"},{"taxonomy":"product_cat","embeddable":true,"href":"https:\/\/rapidetech.com.br\/en\/wp-json\/wp\/v2\/product_cat?post=915"},{"taxonomy":"product_tag","embeddable":true,"href":"https:\/\/rapidetech.com.br\/en\/wp-json\/wp\/v2\/product_tag?post=915"}],"curies":[{"name":"wp","href":"https:\/\/api.w.org\/{rel}","templated":true}]}}