{"id":9174,"date":"2020-09-01T13:17:28","date_gmt":"2020-09-01T16:17:28","guid":{"rendered":"http:\/\/rapidetech.com.br\/?post_type=product&#038;p=9174"},"modified":"2026-01-24T20:30:32","modified_gmt":"2026-01-24T23:30:32","slug":"cabo-hdmi-2-1-8k-240hz-trancado-prata-modelo-slim-moshou-3m","status":"publish","type":"product","link":"https:\/\/rapidetech.com.br\/en\/product\/cabo-hdmi-2-1-8k-240hz-trancado-prata-modelo-slim-moshou-3m\/","title":{"rendered":"Cabo HDMI 2.1 8k\/240Hz  tran\u00e7ado prata MODELO SLIM &#8211; Moshou &#8211; 3m"},"content":{"rendered":"<div data-elementor-type=\"product-post\" data-elementor-id=\"9174\" class=\"elementor elementor-9174\" data-elementor-settings=\"{&quot;ha_cmc_init_switcher&quot;:&quot;no&quot;}\" data-elementor-post-type=\"product\">\n\t\t\t\t<div class=\"elementor-element elementor-element-11ef5fa e-flex e-con-boxed e-con e-parent\" data-id=\"11ef5fa\" data-element_type=\"container\" data-e-type=\"container\" data-settings=\"{&quot;_ha_eqh_enable&quot;:false}\">\n\t\t\t\t\t<div class=\"e-con-inner\">\n\t\t\t\t<div class=\"elementor-element elementor-element-62b7fb35 elementor-widget elementor-widget-text-editor\" data-id=\"62b7fb35\" data-element_type=\"widget\" data-e-type=\"widget\" data-widget_type=\"text-editor.default\">\n\t\t\t\t<div class=\"elementor-widget-container\">\n\t\t\t\t\t\t\t\t\t<h1><b>Cabo HDMI 2.1 8k\/240Hz \/ SLIM &#8211; Moshou\u00a0<\/b><\/h1><h3><em><b>\u00a0Descri\u00e7\u00e3o do <\/b><b>Cabo HDMI 2.1 8k\/240Hz prata &#8211; Moshou\u00a0<\/b><\/em><\/h3><h4>Cabo de prata alta qualidade Ultra HD (UHD)<\/h4><h4>Menos delay<\/h4><h4>Menos congelamento de imagem<\/h4><h4>Ideal para filmes e jogos<\/h4><h4>48 GBpS de largura da banda<\/h4><h4>HDMI 2.1 8K<\/h4><h4>3 metros<\/h4><h2>\u00a0<\/h2><h2><em><strong>Conte\u00fado da embalagem:<\/strong><\/em><\/h2><h3><strong>Cabo HDMI 2.1 8k\/240Hz oficial Moshou\u00a0\u00a0<\/strong><\/h3><h3><strong>3 metros<\/strong><\/h3><h2>\u00a0<\/h2><h2><em><b>Qualidade do Cabo HDMI prata Moshou\u00a0<\/b><\/em><\/h2><p><b>Transmiss\u00e3o:<\/b><\/p><h3><strong>padr\u00e3o 48Gpbs v\u00eddeo largura de banda<\/strong><\/h3><h3><strong>sinal irrestrito de 8k em Ultra HD (UHD)<\/strong><\/h3><h3><strong>transmiss\u00e3o em 1440p (QHD)<\/strong><\/h3><h3><strong>transmiss\u00e3o em 1080p (HD)<\/strong><\/h3><h3><strong>alta qualidade e nitidez da imagem<\/strong><\/h3><h3><strong>alta velocidade de transmiss\u00e3o<\/strong><\/h3><h3><strong>precis\u00e3o de transmiss\u00e3o de \u00e1udio<\/strong><\/h3><h3><em><strong>Conectores:<\/strong><\/em><\/h3><h3><strong>banhados a ouro<\/strong><\/h3><h3><strong>conex\u00e3o s\u00f3lida com os dispositivos<\/strong><\/h3><h3><strong>design soldado e pesado para garantir longevidade<\/strong><\/h3><h3><strong>resist\u00eancia \u00e0 pux\u00f5es no cabo<\/strong><\/h3><h3><strong>longa durabilidade<\/strong><\/h3><h3><strong>conectores resistentes que protegem de pux\u00f5es no cabo.<\/strong><\/h3><h3>\u00a0<\/h3><h3><em><strong>Cabo HDMI\u00a0 Moshou compatibilidade :<\/strong><\/em><\/h3><h3><strong>O cabo HDMI prata 2.1 8k\/240Hz \u00e9 compat\u00edvel com todas as vers\u00f5es de HDMI:<\/strong><\/h3><ul><li style=\"font-weight: 400;\"><h3><strong>HDMI 1.3<\/strong><\/h3><\/li><li style=\"font-weight: 400;\"><h3><strong>HDMI 1.4<\/strong><\/h3><\/li><li style=\"font-weight: 400;\"><h3><strong>HDMI 2.0<\/strong><\/h3><\/li><li style=\"font-weight: 400;\"><h3><strong>HDMI 2.0a<\/strong><\/h3><\/li><li style=\"font-weight: 400;\"><h3><strong>HDMI 2.0b<\/strong><\/h3><\/li><li style=\"font-weight: 400;\"><h3><strong>HDMI 2.1<\/strong><\/h3><\/li><\/ul><h3><strong>O cabo \u00e9 perfeito para ser usado com computadores, monitores, video games, TV plasma,led, Qled,Oled, Monitores, Computadores, PS4, PS5 , xbox one X, Bluray ultra hd,placa de video rtx.<\/strong><\/h3><h3>\u00a0<\/h3>\t\t\t\t\t\t\t\t<\/div>\n\t\t\t\t<\/div>\n\t\t\t\t\t<\/div>\n\t\t\t\t<\/div>\n\t\t\t\t<\/div>","protected":false},"excerpt":{"rendered":"<h3><b> <\/b><b>Cabo HDMI 2.1 8k\/240Hz prata SLIM &#8211; Moshou\u00a0<\/b><\/h3>\n<ul>\n<li style=\"font-weight: 400;\"><span style=\"font-weight: 400;\">Cabo de prata alta qualidade Ultra HD (UHD)<\/span><\/li>\n<li style=\"font-weight: 400;\"><span style=\"font-weight: 400;\">Menos delay<\/span><\/li>\n<li style=\"font-weight: 400;\"><span style=\"font-weight: 400;\">Menos congelamento de imagem<\/span><\/li>\n<li style=\"font-weight: 400;\"><span style=\"font-weight: 400;\">Ideal para filmes e jogos<\/span><\/li>\n<li style=\"font-weight: 400;\"><span style=\"font-weight: 400;\">48 GBpS de largura da banda<\/span><\/li>\n<li style=\"font-weight: 400;\"><span style=\"font-weight: 400;\">HDMI 2.1 8K<\/span><\/li>\n<li>3 metros<\/li>\n<\/ul>\n<p><span style=\"font-weight: 400;\">Conte\u00fado da embalagem:<\/span><\/p>\n<ul>\n<li style=\"font-weight: 400;\"><span style=\"font-weight: 400;\">Cabo HDMI 2.1 8k\/240Hz oficial Moshou\u00a0\u00a0<\/span><\/li>\n<li>3 metros<\/li>\n<\/ul>","protected":false},"featured_media":9175,"comment_status":"closed","ping_status":"closed","template":"","meta":[],"product_brand":[],"product_cat":[37,21],"product_tag":[36,85,35,505],"class_list":{"0":"post-9174","1":"product","2":"type-product","3":"status-publish","4":"has-post-thumbnail","6":"product_cat-hdmi","7":"product_cat-video","8":"product_tag-8k","9":"product_tag-cabo-hdmi","10":"product_tag-moshou","11":"product_tag-rtx","12":"product_shipping_class-normal","14":"first","15":"instock","16":"purchasable","17":"product-type-simple"},"yoast_head":"<!-- This site is optimized with the Yoast SEO plugin v27.4 - https:\/\/yoast.com\/product\/yoast-seo-wordpress\/ -->\n<title>Cabo HDMI 2.1 8k\/240Hz tran\u00e7ado prata MODELO SLIM - Moshou - 3m - Rapidetech<\/title>\n<meta name=\"robots\" content=\"index, follow, max-snippet:-1, max-image-preview:large, max-video-preview:-1\" \/>\n<link rel=\"canonical\" href=\"https:\/\/rapidetech.com.br\/en\/product\/cabo-hdmi-2-1-8k-240hz-trancado-prata-modelo-slim-moshou-3m\/\" \/>\n<meta property=\"og:locale\" content=\"en_US\" \/>\n<meta property=\"og:type\" content=\"article\" \/>\n<meta property=\"og:title\" content=\"Cabo HDMI 2.1 8k\/240Hz tran\u00e7ado prata MODELO SLIM - Moshou - 3m - Rapidetech\" \/>\n<meta property=\"og:description\" content=\"Cabo HDMI 2.1 8k\/240Hz prata SLIM - Moshou\u00a0   Cabo de prata alta qualidade Ultra HD (UHD)  Menos delay  Menos congelamento de imagem  Ideal para filmes e jogos  48 GBpS de largura da banda  HDMI 2.1 8K  3 metros  Conte\u00fado da embalagem:   Cabo HDMI 2.1 8k\/240Hz oficial Moshou\u00a0\u00a0  3 metros\" \/>\n<meta property=\"og:url\" content=\"https:\/\/rapidetech.com.br\/en\/product\/cabo-hdmi-2-1-8k-240hz-trancado-prata-modelo-slim-moshou-3m\/\" \/>\n<meta property=\"og:site_name\" content=\"Rapidetech\" \/>\n<meta property=\"article:modified_time\" content=\"2026-01-24T23:30:32+00:00\" \/>\n<meta property=\"og:image\" content=\"https:\/\/rapidetech.com.br\/wp-content\/uploads\/2020\/09\/slim-Copia-3-Copia.jpg\" \/>\n\t<meta property=\"og:image:width\" content=\"735\" \/>\n\t<meta property=\"og:image:height\" content=\"744\" \/>\n\t<meta property=\"og:image:type\" content=\"image\/jpeg\" \/>\n<meta name=\"twitter:card\" content=\"summary_large_image\" \/>\n<script type=\"application\/ld+json\" class=\"yoast-schema-graph\">{\"@context\":\"https:\\\/\\\/schema.org\",\"@graph\":[{\"@type\":\"WebPage\",\"@id\":\"https:\\\/\\\/rapidetech.com.br\\\/produto\\\/cabo-hdmi-2-1-8k-240hz-trancado-prata-modelo-slim-moshou-3m\\\/\",\"url\":\"https:\\\/\\\/rapidetech.com.br\\\/produto\\\/cabo-hdmi-2-1-8k-240hz-trancado-prata-modelo-slim-moshou-3m\\\/\",\"name\":\"Cabo HDMI 2.1 8k\\\/240Hz tran\u00e7ado prata MODELO SLIM - Moshou - 3m - Rapidetech\",\"isPartOf\":{\"@id\":\"https:\\\/\\\/rapidetech.com.br\\\/#website\"},\"primaryImageOfPage\":{\"@id\":\"https:\\\/\\\/rapidetech.com.br\\\/produto\\\/cabo-hdmi-2-1-8k-240hz-trancado-prata-modelo-slim-moshou-3m\\\/#primaryimage\"},\"image\":{\"@id\":\"https:\\\/\\\/rapidetech.com.br\\\/produto\\\/cabo-hdmi-2-1-8k-240hz-trancado-prata-modelo-slim-moshou-3m\\\/#primaryimage\"},\"thumbnailUrl\":\"https:\\\/\\\/rapidetech.com.br\\\/wp-content\\\/uploads\\\/2020\\\/09\\\/slim-Copia-3-Copia.jpg\",\"datePublished\":\"2020-09-01T16:17:28+00:00\",\"dateModified\":\"2026-01-24T23:30:32+00:00\",\"breadcrumb\":{\"@id\":\"https:\\\/\\\/rapidetech.com.br\\\/produto\\\/cabo-hdmi-2-1-8k-240hz-trancado-prata-modelo-slim-moshou-3m\\\/#breadcrumb\"},\"inLanguage\":\"en-US\",\"potentialAction\":[{\"@type\":\"ReadAction\",\"target\":[\"https:\\\/\\\/rapidetech.com.br\\\/produto\\\/cabo-hdmi-2-1-8k-240hz-trancado-prata-modelo-slim-moshou-3m\\\/\"]}]},{\"@type\":\"ImageObject\",\"inLanguage\":\"en-US\",\"@id\":\"https:\\\/\\\/rapidetech.com.br\\\/produto\\\/cabo-hdmi-2-1-8k-240hz-trancado-prata-modelo-slim-moshou-3m\\\/#primaryimage\",\"url\":\"https:\\\/\\\/rapidetech.com.br\\\/wp-content\\\/uploads\\\/2020\\\/09\\\/slim-Copia-3-Copia.jpg\",\"contentUrl\":\"https:\\\/\\\/rapidetech.com.br\\\/wp-content\\\/uploads\\\/2020\\\/09\\\/slim-Copia-3-Copia.jpg\",\"width\":735,\"height\":744},{\"@type\":\"BreadcrumbList\",\"@id\":\"https:\\\/\\\/rapidetech.com.br\\\/produto\\\/cabo-hdmi-2-1-8k-240hz-trancado-prata-modelo-slim-moshou-3m\\\/#breadcrumb\",\"itemListElement\":[{\"@type\":\"ListItem\",\"position\":1,\"name\":\"In\u00edcio\",\"item\":\"https:\\\/\\\/rapidetech.com.br\\\/\"},{\"@type\":\"ListItem\",\"position\":2,\"name\":\"Produtos\",\"item\":\"https:\\\/\\\/rapidetech.com.br\\\/produtos\\\/\"},{\"@type\":\"ListItem\",\"position\":3,\"name\":\"Cabo HDMI 2.1 8k\\\/240Hz tran\u00e7ado prata MODELO SLIM &#8211; Moshou &#8211; 3m\"}]},{\"@type\":\"WebSite\",\"@id\":\"https:\\\/\\\/rapidetech.com.br\\\/#website\",\"url\":\"https:\\\/\\\/rapidetech.com.br\\\/\",\"name\":\"Rapidetech\",\"description\":\"Audio e video\",\"publisher\":{\"@id\":\"https:\\\/\\\/rapidetech.com.br\\\/#organization\"},\"potentialAction\":[{\"@type\":\"SearchAction\",\"target\":{\"@type\":\"EntryPoint\",\"urlTemplate\":\"https:\\\/\\\/rapidetech.com.br\\\/?s={search_term_string}\"},\"query-input\":{\"@type\":\"PropertyValueSpecification\",\"valueRequired\":true,\"valueName\":\"search_term_string\"}}],\"inLanguage\":\"en-US\"},{\"@type\":\"Organization\",\"@id\":\"https:\\\/\\\/rapidetech.com.br\\\/#organization\",\"name\":\"Rapidetech\",\"url\":\"https:\\\/\\\/rapidetech.com.br\\\/\",\"logo\":{\"@type\":\"ImageObject\",\"inLanguage\":\"en-US\",\"@id\":\"https:\\\/\\\/rapidetech.com.br\\\/#\\\/schema\\\/logo\\\/image\\\/\",\"url\":\"https:\\\/\\\/rapidetech.com.br\\\/wp-content\\\/uploads\\\/2022\\\/08\\\/RAPIDETECH-AUDIO-E-VIDEO.jpg\",\"contentUrl\":\"https:\\\/\\\/rapidetech.com.br\\\/wp-content\\\/uploads\\\/2022\\\/08\\\/RAPIDETECH-AUDIO-E-VIDEO.jpg\",\"width\":236,\"height\":213,\"caption\":\"Rapidetech\"},\"image\":{\"@id\":\"https:\\\/\\\/rapidetech.com.br\\\/#\\\/schema\\\/logo\\\/image\\\/\"},\"sameAs\":[\"https:\\\/\\\/rapidetech.com.br\\\/\",\"https:\\\/\\\/www.youtube.com\\\/channel\\\/UCQWlsTr9MvbqwWAekYtMNLQ\"]}]}<\/script>\n<!-- \/ Yoast SEO plugin. -->","yoast_head_json":{"title":"Cabo HDMI 2.1 8k\/240Hz tran\u00e7ado prata MODELO SLIM - Moshou - 3m - Rapidetech","robots":{"index":"index","follow":"follow","max-snippet":"max-snippet:-1","max-image-preview":"max-image-preview:large","max-video-preview":"max-video-preview:-1"},"canonical":"https:\/\/rapidetech.com.br\/en\/product\/cabo-hdmi-2-1-8k-240hz-trancado-prata-modelo-slim-moshou-3m\/","og_locale":"en_US","og_type":"article","og_title":"Cabo HDMI 2.1 8k\/240Hz tran\u00e7ado prata MODELO SLIM - Moshou - 3m - Rapidetech","og_description":"Cabo HDMI 2.1 8k\/240Hz prata SLIM - Moshou\u00a0   Cabo de prata alta qualidade Ultra HD (UHD)  Menos delay  Menos congelamento de imagem  Ideal para filmes e jogos  48 GBpS de largura da banda  HDMI 2.1 8K  3 metros  Conte\u00fado da embalagem:   Cabo HDMI 2.1 8k\/240Hz oficial Moshou\u00a0\u00a0  3 metros","og_url":"https:\/\/rapidetech.com.br\/en\/product\/cabo-hdmi-2-1-8k-240hz-trancado-prata-modelo-slim-moshou-3m\/","og_site_name":"Rapidetech","article_modified_time":"2026-01-24T23:30:32+00:00","og_image":[{"width":735,"height":744,"url":"https:\/\/rapidetech.com.br\/wp-content\/uploads\/2020\/09\/slim-Copia-3-Copia.jpg","type":"image\/jpeg"}],"twitter_card":"summary_large_image","schema":{"@context":"https:\/\/schema.org","@graph":[{"@type":"WebPage","@id":"https:\/\/rapidetech.com.br\/produto\/cabo-hdmi-2-1-8k-240hz-trancado-prata-modelo-slim-moshou-3m\/","url":"https:\/\/rapidetech.com.br\/produto\/cabo-hdmi-2-1-8k-240hz-trancado-prata-modelo-slim-moshou-3m\/","name":"Cabo HDMI 2.1 8k\/240Hz tran\u00e7ado prata MODELO SLIM - Moshou - 3m - Rapidetech","isPartOf":{"@id":"https:\/\/rapidetech.com.br\/#website"},"primaryImageOfPage":{"@id":"https:\/\/rapidetech.com.br\/produto\/cabo-hdmi-2-1-8k-240hz-trancado-prata-modelo-slim-moshou-3m\/#primaryimage"},"image":{"@id":"https:\/\/rapidetech.com.br\/produto\/cabo-hdmi-2-1-8k-240hz-trancado-prata-modelo-slim-moshou-3m\/#primaryimage"},"thumbnailUrl":"https:\/\/rapidetech.com.br\/wp-content\/uploads\/2020\/09\/slim-Copia-3-Copia.jpg","datePublished":"2020-09-01T16:17:28+00:00","dateModified":"2026-01-24T23:30:32+00:00","breadcrumb":{"@id":"https:\/\/rapidetech.com.br\/produto\/cabo-hdmi-2-1-8k-240hz-trancado-prata-modelo-slim-moshou-3m\/#breadcrumb"},"inLanguage":"en-US","potentialAction":[{"@type":"ReadAction","target":["https:\/\/rapidetech.com.br\/produto\/cabo-hdmi-2-1-8k-240hz-trancado-prata-modelo-slim-moshou-3m\/"]}]},{"@type":"ImageObject","inLanguage":"en-US","@id":"https:\/\/rapidetech.com.br\/produto\/cabo-hdmi-2-1-8k-240hz-trancado-prata-modelo-slim-moshou-3m\/#primaryimage","url":"https:\/\/rapidetech.com.br\/wp-content\/uploads\/2020\/09\/slim-Copia-3-Copia.jpg","contentUrl":"https:\/\/rapidetech.com.br\/wp-content\/uploads\/2020\/09\/slim-Copia-3-Copia.jpg","width":735,"height":744},{"@type":"BreadcrumbList","@id":"https:\/\/rapidetech.com.br\/produto\/cabo-hdmi-2-1-8k-240hz-trancado-prata-modelo-slim-moshou-3m\/#breadcrumb","itemListElement":[{"@type":"ListItem","position":1,"name":"In\u00edcio","item":"https:\/\/rapidetech.com.br\/"},{"@type":"ListItem","position":2,"name":"Produtos","item":"https:\/\/rapidetech.com.br\/produtos\/"},{"@type":"ListItem","position":3,"name":"Cabo HDMI 2.1 8k\/240Hz tran\u00e7ado prata MODELO SLIM &#8211; Moshou &#8211; 3m"}]},{"@type":"WebSite","@id":"https:\/\/rapidetech.com.br\/#website","url":"https:\/\/rapidetech.com.br\/","name":"Rapidetech","description":"Audio e video","publisher":{"@id":"https:\/\/rapidetech.com.br\/#organization"},"potentialAction":[{"@type":"SearchAction","target":{"@type":"EntryPoint","urlTemplate":"https:\/\/rapidetech.com.br\/?s={search_term_string}"},"query-input":{"@type":"PropertyValueSpecification","valueRequired":true,"valueName":"search_term_string"}}],"inLanguage":"en-US"},{"@type":"Organization","@id":"https:\/\/rapidetech.com.br\/#organization","name":"Rapidetech","url":"https:\/\/rapidetech.com.br\/","logo":{"@type":"ImageObject","inLanguage":"en-US","@id":"https:\/\/rapidetech.com.br\/#\/schema\/logo\/image\/","url":"https:\/\/rapidetech.com.br\/wp-content\/uploads\/2022\/08\/RAPIDETECH-AUDIO-E-VIDEO.jpg","contentUrl":"https:\/\/rapidetech.com.br\/wp-content\/uploads\/2022\/08\/RAPIDETECH-AUDIO-E-VIDEO.jpg","width":236,"height":213,"caption":"Rapidetech"},"image":{"@id":"https:\/\/rapidetech.com.br\/#\/schema\/logo\/image\/"},"sameAs":["https:\/\/rapidetech.com.br\/","https:\/\/www.youtube.com\/channel\/UCQWlsTr9MvbqwWAekYtMNLQ"]}]}},"_links":{"self":[{"href":"https:\/\/rapidetech.com.br\/en\/wp-json\/wp\/v2\/product\/9174","targetHints":{"allow":["GET"]}}],"collection":[{"href":"https:\/\/rapidetech.com.br\/en\/wp-json\/wp\/v2\/product"}],"about":[{"href":"https:\/\/rapidetech.com.br\/en\/wp-json\/wp\/v2\/types\/product"}],"replies":[{"embeddable":true,"href":"https:\/\/rapidetech.com.br\/en\/wp-json\/wp\/v2\/comments?post=9174"}],"version-history":[{"count":0,"href":"https:\/\/rapidetech.com.br\/en\/wp-json\/wp\/v2\/product\/9174\/revisions"}],"wp:featuredmedia":[{"embeddable":true,"href":"https:\/\/rapidetech.com.br\/en\/wp-json\/wp\/v2\/media\/9175"}],"wp:attachment":[{"href":"https:\/\/rapidetech.com.br\/en\/wp-json\/wp\/v2\/media?parent=9174"}],"wp:term":[{"taxonomy":"product_brand","embeddable":true,"href":"https:\/\/rapidetech.com.br\/en\/wp-json\/wp\/v2\/product_brand?post=9174"},{"taxonomy":"product_cat","embeddable":true,"href":"https:\/\/rapidetech.com.br\/en\/wp-json\/wp\/v2\/product_cat?post=9174"},{"taxonomy":"product_tag","embeddable":true,"href":"https:\/\/rapidetech.com.br\/en\/wp-json\/wp\/v2\/product_tag?post=9174"}],"curies":[{"name":"wp","href":"https:\/\/api.w.org\/{rel}","templated":true}]}}